{"id":15460,"date":"2025-03-21T09:39:59","date_gmt":"2025-03-21T08:39:59","guid":{"rendered":"https:\/\/www.galeriedurst.com\/legal-terms\/"},"modified":"2025-03-21T09:40:00","modified_gmt":"2025-03-21T08:40:00","slug":"legal-terms","status":"publish","type":"page","link":"https:\/\/www.galeriedurst.com\/en\/legal-terms\/","title":{"rendered":"Legal terms"},"content":{"rendered":"\n<p><strong>Identification<\/strong><\/p>\n\n<p>Galerie Durst is the corporate name of Fran\u00e7oise Durt SAS.<\/p>\n\n<p>Francoise Durt SAS, 38,417 euros, headquartered at 15 rue de la Tour, 75116 Paris, registered in the Paris Trade and Companies Register under number 306 169 665 R.C.S Paris.<\/p>\n\n<p>VAT Nr : FR02306169665<\/p>\n\n<p>Contact : <a href=\"mailto:bonjour@galeriedurst.com\">bonjour@galeriedurst.com<\/a> \u2013 +33 1 45 24 73 00<\/p>\n\n<p>Person responsible for publication : Helena Martin<\/p>\n\n<p>Website host: Infomaniak<\/p>\n\n<p><strong>Intellectual property<\/strong><\/p>\n\n<p>All texts, comments, works, illustrations, works and images reproduced or represented on the Site are strictly reserved under copyright and intellectual property law, for the entire duration of the protection of these rights and for the entire world. As such, and in accordance with the provisions of the French Intellectual Property Code, only private use is authorized, subject to different or even more restrictive provisions of the Intellectual Property Code. <\/p>\n\n<p>Any reproduction, representation, modification or total or partial adaptation of the Site and\/or of all or part of the elements found on the Site or incorporated therein is strictly forbidden and would constitute an infringement within the meaning of Articles L335-2 et seq. of the French Intellectual Property Code, unless such reproduction or representation is reserved exclusively for strictly personal and private use.<\/p>\n\n<p><strong>Warranties and limitations of liability<\/strong><\/p>\n\n<p>Galerie Durst does not guarantee in any way the accuracy, precision, completeness or suitability of the information made available on its site, including all hypertext links or any other computer link used, directly or indirectly, from its site. <\/p>\n\n<p>Access to the Durst Gallery Site and content is provided on an \u201cas is\u201d and \u201cas available\u201d basis.<\/p>\n\n<p>Galerie Durst cannot guarantee that certain characteristics of the products (in particular colors) presented on the Site reproduce the products exactly; fidelity depends in part on the quality of color rendering of the computer equipment of each Internet user. It is understood that any person browsing the Galerie Durst website may be referred to as an Internet user. <\/p>\n\n<p>All Internet users undertake not to divulge to a third party their personal identifiers concerning the Site and to inform Galerie Durst without delay in the event of loss, theft or fraudulent use of their personal identifiers.<\/p>\n\n<p>En toute hypoth\u00e8se, la Galerie Durst ne saurait \u00eatre responsable en cas d\u2019acc\u00e8s au Site ou d\u2019utilisation des services du Site par un internaute non-conforme aux pr\u00e9sentes et notamment en cas d\u2019acc\u00e8s aux services du fait de fraude, perte, vol ou communication des identifiants personnels.<\/p>\n\n<p>De m\u00eame, le fait d\u2019acc\u00e9der au Site implique l\u2019acceptation par l\u2019internaute des caract\u00e9ristiques particuli\u00e8res du r\u00e9seau Internet ainsi que des risques et al\u00e9as qui y sont associ\u00e9s (temps de r\u00e9ponse, risques li\u00e9s aux \u00e9changes d\u2019informations, piratage des donn\u00e9es, pr\u00e9sence de virus informatiques).<\/p>\n\n<p>L\u2019internaute assumant seul l\u2019enti\u00e8re responsabilit\u00e9 de toute visite et navigation sur le Site, la Galerie Durst ne saurait encourir une quelconque responsabilit\u00e9 en cas de dommage direct ou indirect subi par ou caus\u00e9 \u00e0 tout internaute d\u00e9coulant d\u2019une utilisation inappropri\u00e9e ou par n\u00e9gligence d\u2019un ordinateur ou tout outil informatique, d\u2019un d\u00e9faut de maintenance du mat\u00e9riel ou d\u2019acc\u00e8s Internet, et plus g\u00e9n\u00e9ralement de tout dysfonctionnement des serveurs, lignes t\u00e9l\u00e9phoniques, connexions ADSL, ou autre.<\/p>\n\n<p><strong>Protection des donn\u00e9es personnelles<\/strong><\/p>\n\n<p>La Galerie Durst est soucieuse de la protection des donn\u00e9es personnelles. Pour toute information sur la protection des donn\u00e9es personnelles, vous pouvez \u00e9galement consulter le site de la Commission Nationale de l&#8217;Informatique et des Libert\u00e9s <a href=\"http:\/\/www.cnil.fr\" target=\"_blank\" rel=\"noreferrer noopener\">www.cnil.fr<\/a>. <\/p>\n\n<p>Qui est le responsable du traitement de vos donn\u00e9es personelles ?<\/p>\n\n<p>Le responsable de traitement est la soci\u00e9t\u00e9 qui d\u00e9finit pour quel usage et comment vos donn\u00e9es personnelles sont utilis\u00e9es.<br\/>Les donn\u00e9es personnelles collect\u00e9es sur le site par la Galerie Durst sont trait\u00e9es par la Galerie Durst qui est domicili\u00e9e au 15 rue de la Tour, Paris 75116.<\/p>\n\n<p>Toutes les informations de votre compte personnelle ne sont utilis\u00e9es que dans le cadre de votre relation commerciale avec la Galerie Durst. Ces informations ne sont jamais revendues. Elles sont uniquement partag\u00e9es avec les transporteurs, si le service de livraison est utilis\u00e9.  <\/p>\n\n<p>Pourquoi la Galerie Durst collecte vos donn\u00e9es ?<\/p>\n\n<ul class=\"wp-block-list\"><li>La gestion des commandes r\u00e9alis\u00e9es par le site internet et de la relation client :<\/li><\/ul>\n\n<p>Nous avons besoin des informations qui vous concernent pour la gestion de vos commandes et les suites de celles-ci (par exemple les livraisons, les factures, la gestion des comptes clients ainsi que la gestion du service client.)<\/p>\n\n<ul class=\"wp-block-list\"><li>Le paiement de vos commandes :<\/li><\/ul>\n\n<p>Lorsque vous pay\u00e9 sur notre site, vos paiements sont s\u00e9curis\u00e9s et la Galerie Durst ne collecte aucune de vos donn\u00e9es personnelles relatifs au paiement. Ces donn\u00e9es sont collect\u00e9es uniquement par notre prestataire de service de paiement \u2013 Stripe. <\/p>\n\n<p>Quelles sont les donn\u00e9es personnelles que nous collectons ?<\/p>\n\n<p>Nous collectons et traitons notamment vos nom, pr\u00e9nom, adresse, adresse mail, num\u00e9ro de t\u00e9l\u00e9phone, adresse de livraison, l\u2019historique de vos commandes, votre adresse IP et localisations.<\/p>\n\n<p>Le caract\u00e8re obligatoire de vos donn\u00e9es vous est signal\u00e9 lors de la collecte par un ast\u00e9risque.<\/p>\n\n<p>Ces donn\u00e9es sont notamment collect\u00e9es lorsque :<\/p>\n\n<ul class=\"wp-block-list\"><li>Vous cr\u00e9ez un compte client sur notre site,<\/li><li>Vous effectuez une commande sur notre site<\/li><li>Vous prenez rendez-vous via le site internet de la galerie<\/li><li>Ou encore lorsque vous vous inscrivez \u00e0 la newsletter.<\/li><\/ul>\n\n<p>Si vous cr\u00e9ez un compte, nous stockons votre nom, adresse, e-mail, et num\u00e9ro de t\u00e9l\u00e9phone, qui seront utilis\u00e9s pour pr\u00e9remplir la validation de commande pour les prochaines commandes. Nous stockons les informations de commande pour dix (10) ann\u00e9es pour les taxes et la comptabilit\u00e9. Ceci inclut votre nom, adresse de messagerie et adresses de facturation et livraison.  <\/p>\n\n<p>Si vous vous inscrivez \u00e0 la newsletter, nous stockons votre adresse \u00e9lectronique qui sera utilis\u00e9e pour vous communiquer notre newsletter<\/p>\n\n<p>Les informations recueillies sur le Site sont enregistr\u00e9es dans un fichier informatis\u00e9 par la Galerie Durst pour la gestion de notre client\u00e8le.<\/p>\n\n<p>Conform\u00e9ment \u00e0 la loi \u00ab informatique et libert\u00e9s \u00bb, vous pouvez exercer votre droit d\u2019acc\u00e8s aux donn\u00e9es vous concernant et les faire rectifier en \u00e9crivant \u00e0 : bonjour@galeriedurst.com ou encore en envoyant un courrier (recommand\u00e9 avec accus\u00e9 de r\u00e9ception) \u00e0 la Galerie Durst, 15 rue de la Tour, 75116 Paris.<\/p>\n\n<p>Vous pouvez \u00e9galement acc\u00e9der aux informations vous concernant et proc\u00e9der \u00e9ventuellement aux rectifications n\u00e9cessaires directement sur le Site en vous rendant sur votre compte client.<\/p>\n\n<p>Enfin vous avez la possibilit\u00e9 de vous d\u00e9sabonner des newsletters envoy\u00e9es par la Galerie Durst en cliquant sur le lien en bas de page dans la derni\u00e8re newsletter que vous avez re\u00e7ue, ou en nous envoyant un mail, ou un courrier \u00e0 l\u2019adresse ci-dessus.<\/p>\n\n<p><strong>Cookies<\/strong> <\/p>\n\n<p>Afin de vous permettre de ne pas avoir \u00e0 vous identifier \u00e0 chaque acc\u00e8s sur le site de la Galerie Durst, nous utilisons des cookies de session. Ces fichiers d\u00e9pos\u00e9s sur l\u2019ordinateur permettent de vous identifier lors de chacune de vos connexions. <\/p>\n\n<p>Par ailleurs, afin d\u2019am\u00e9liorer notre site, La Galerie Durst utilise des cookies de mesures d\u2019audiences telles que le nombres de pages vues, le nombres de visites, l\u2019activit\u00e9 des visiteurs sur le site et leurs fr\u00e9quences de retour, gr\u00e2ce au service de GoogleAnalytics.<\/p>\n\n<p>Ces cookies permettent seulement l\u2019\u00e9tablissement d\u2019\u00e9tudes statistiques sur le trafic visiteur du site de la Galerie Durst dont les r\u00e9sultats sont anonymes. Toutefois, ces donn\u00e9es constituent des donn\u00e9es personnelles, au sens de la CNIL. Elles sont donc conserv\u00e9es pour une dur\u00e9e maximum de deux (2) mois. Vous pouvez acc\u00e9der \u00e0 toutes les informations contenues dans les fichiers en relation avec les cookies utilis\u00e9s par la Galerie Durst conform\u00e9ment aux disposition de la Loi n\u00b078-17 :   <\/p>\n\n<ul class=\"wp-block-list\"><li>Soit par mail \u00e0 l\u2019adresse <a href=\"mailto:bonjour@galeriedurst.com\">bonjour@galeriedurst.com<\/a><\/li><li>Soit par lettre recommand\u00e9e avec accus\u00e9 de r\u00e9ception \u00e0 l\u2019adresse suivante : Galerie Durst \u2013 15 rue de la Tour \u2013 75116 Paris.<\/li><\/ul>\n\n<p><strong>Modification des mentions<\/strong><\/p>\n\n<p>La Galerie Durst se r\u00e9serve le droit de modifier le pr\u00e9sent document \u00e0 tout moment. La version du pr\u00e9sent document en vigueur et applicable au jour de chaque visite du Site figure dans la rubrique \u00ab Mentions l\u00e9gales \u00bb du Site. <\/p>\n\n<p><strong>Loi applicable et attribution de juridiction<\/strong><\/p>\n\n<p>Les pr\u00e9sentes mentions sont soumises au droit fran\u00e7ais. Sauf dispositions d\u2019ordre public contraire, tout litige li\u00e9 \u00e0 l\u2019interpr\u00e9tation, la validit\u00e9 et les cons\u00e9quences des pr\u00e9sentes mentions, sera exclusivement tranch\u00e9 par les juridictions fran\u00e7aises territorialement comp\u00e9tentes.  <\/p>\n\n<p>\u00a9 Galerie Durst<br\/>All Right Reserved 2025.<\/p>\n\n<p><\/p>\n","protected":false},"excerpt":{"rendered":"<p>Identification Galerie Durst is the corporate name of Fran\u00e7oise Durt SAS. Francoise Durt SAS, 38,417 euros, headquartered at 15 rue de la Tour, 75116 Paris, registered in the Paris Trade and Companies Register under number 306 169 665 R.C.S Paris. VAT Nr : FR02306169665 Contact : bonjour@galeriedurst.com \u2013 +33 1 45 24 73 00 Person [&hellip;]<\/p>\n","protected":false},"author":33,"featured_media":0,"parent":0,"menu_order":20,"comment_status":"closed","ping_status":"closed","template":"pages\/legal.php","meta":{"_acf_changed":false,"footnotes":""},"class_list":["post-15460","page","type-page","status-publish","hentry"],"acf":[],"yoast_head":"<!-- This site is optimized with the Yoast SEO plugin v27.1.1 - https:\/\/yoast.com\/product\/yoast-seo-wordpress\/ -->\n<title>Legal terms - Galerie Durst<\/title>\n<meta name=\"description\" content=\"Vous avez une question sur notre site internet ? Les Mentions l\u00e9gals du site internet de la Galerie Durst sont l\u00e0 pour tout vous expliquer.\" \/>\n<meta name=\"robots\" content=\"index, follow, max-snippet:-1, max-image-preview:large, max-video-preview:-1\" \/>\n<link rel=\"canonical\" href=\"https:\/\/www.galeriedurst.com\/en\/legal-terms\/\" \/>\n<meta property=\"og:locale\" content=\"en_US\" \/>\n<meta property=\"og:type\" content=\"article\" \/>\n<meta property=\"og:title\" content=\"Legal terms - Galerie Durst\" \/>\n<meta property=\"og:description\" content=\"Vous avez une question sur notre site internet ? Les Mentions l\u00e9gals du site internet de la Galerie Durst sont l\u00e0 pour tout vous expliquer.\" \/>\n<meta property=\"og:url\" content=\"https:\/\/www.galeriedurst.com\/en\/legal-terms\/\" \/>\n<meta property=\"og:site_name\" content=\"Galerie Durst\" \/>\n<meta property=\"article:modified_time\" content=\"2025-03-21T08:40:00+00:00\" \/>\n<meta name=\"twitter:card\" content=\"summary_large_image\" \/>\n<meta name=\"twitter:label1\" content=\"Est. reading time\" \/>\n\t<meta name=\"twitter:data1\" content=\"7 minutes\" \/>\n<script type=\"application\/ld+json\" class=\"yoast-schema-graph\">{\"@context\":\"https:\/\/schema.org\",\"@graph\":[{\"@type\":\"WebPage\",\"@id\":\"https:\/\/www.galeriedurst.com\/en\/legal-terms\/\",\"url\":\"https:\/\/www.galeriedurst.com\/en\/legal-terms\/\",\"name\":\"Legal terms - Galerie Durst\",\"isPartOf\":{\"@id\":\"https:\/\/www.galeriedurst.com\/en\/#website\"},\"datePublished\":\"2025-03-21T08:39:59+00:00\",\"dateModified\":\"2025-03-21T08:40:00+00:00\",\"description\":\"Vous avez une question sur notre site internet ? Les Mentions l\u00e9gals du site internet de la Galerie Durst sont l\u00e0 pour tout vous expliquer.\",\"breadcrumb\":{\"@id\":\"https:\/\/www.galeriedurst.com\/en\/legal-terms\/#breadcrumb\"},\"inLanguage\":\"en-US\",\"potentialAction\":[{\"@type\":\"ReadAction\",\"target\":[\"https:\/\/www.galeriedurst.com\/en\/legal-terms\/\"]}]},{\"@type\":\"BreadcrumbList\",\"@id\":\"https:\/\/www.galeriedurst.com\/en\/legal-terms\/#breadcrumb\",\"itemListElement\":[{\"@type\":\"ListItem\",\"position\":1,\"name\":\"Home\",\"item\":\"https:\/\/www.galeriedurst.com\/en\/homepage\/\"},{\"@type\":\"ListItem\",\"position\":2,\"name\":\"Legal terms\"}]},{\"@type\":\"WebSite\",\"@id\":\"https:\/\/www.galeriedurst.com\/en\/#website\",\"url\":\"https:\/\/www.galeriedurst.com\/en\/\",\"name\":\"Galerie Durst\",\"description\":\"Paris contemporary art gallery & art consultancy\",\"publisher\":{\"@id\":\"https:\/\/www.galeriedurst.com\/en\/#organization\"},\"potentialAction\":[{\"@type\":\"SearchAction\",\"target\":{\"@type\":\"EntryPoint\",\"urlTemplate\":\"https:\/\/www.galeriedurst.com\/en\/?s={search_term_string}\"},\"query-input\":{\"@type\":\"PropertyValueSpecification\",\"valueRequired\":true,\"valueName\":\"search_term_string\"}}],\"inLanguage\":\"en-US\"},{\"@type\":\"Organization\",\"@id\":\"https:\/\/www.galeriedurst.com\/en\/#organization\",\"name\":\"Galerie Durst\",\"url\":\"https:\/\/www.galeriedurst.com\/en\/\",\"logo\":{\"@type\":\"ImageObject\",\"inLanguage\":\"en-US\",\"@id\":\"https:\/\/www.galeriedurst.com\/en\/#\/schema\/logo\/image\/\",\"url\":\"https:\/\/www.galeriedurst.com\/\/content\/uploads\/2021\/10\/GalerieDurst_Logo.svg\",\"contentUrl\":\"https:\/\/www.galeriedurst.com\/\/content\/uploads\/2021\/10\/GalerieDurst_Logo.svg\",\"width\":1,\"height\":1,\"caption\":\"Galerie Durst\"},\"image\":{\"@id\":\"https:\/\/www.galeriedurst.com\/en\/#\/schema\/logo\/image\/\"}}]}<\/script>\n<!-- \/ Yoast SEO plugin. -->","yoast_head_json":{"title":"Legal terms - Galerie Durst","description":"Vous avez une question sur notre site internet ? Les Mentions l\u00e9gals du site internet de la Galerie Durst sont l\u00e0 pour tout vous expliquer.","robots":{"index":"index","follow":"follow","max-snippet":"max-snippet:-1","max-image-preview":"max-image-preview:large","max-video-preview":"max-video-preview:-1"},"canonical":"https:\/\/www.galeriedurst.com\/en\/legal-terms\/","og_locale":"en_US","og_type":"article","og_title":"Legal terms - Galerie Durst","og_description":"Vous avez une question sur notre site internet ? Les Mentions l\u00e9gals du site internet de la Galerie Durst sont l\u00e0 pour tout vous expliquer.","og_url":"https:\/\/www.galeriedurst.com\/en\/legal-terms\/","og_site_name":"Galerie Durst","article_modified_time":"2025-03-21T08:40:00+00:00","twitter_card":"summary_large_image","twitter_misc":{"Est. reading time":"7 minutes"},"schema":{"@context":"https:\/\/schema.org","@graph":[{"@type":"WebPage","@id":"https:\/\/www.galeriedurst.com\/en\/legal-terms\/","url":"https:\/\/www.galeriedurst.com\/en\/legal-terms\/","name":"Legal terms - Galerie Durst","isPartOf":{"@id":"https:\/\/www.galeriedurst.com\/en\/#website"},"datePublished":"2025-03-21T08:39:59+00:00","dateModified":"2025-03-21T08:40:00+00:00","description":"Vous avez une question sur notre site internet ? Les Mentions l\u00e9gals du site internet de la Galerie Durst sont l\u00e0 pour tout vous expliquer.","breadcrumb":{"@id":"https:\/\/www.galeriedurst.com\/en\/legal-terms\/#breadcrumb"},"inLanguage":"en-US","potentialAction":[{"@type":"ReadAction","target":["https:\/\/www.galeriedurst.com\/en\/legal-terms\/"]}]},{"@type":"BreadcrumbList","@id":"https:\/\/www.galeriedurst.com\/en\/legal-terms\/#breadcrumb","itemListElement":[{"@type":"ListItem","position":1,"name":"Home","item":"https:\/\/www.galeriedurst.com\/en\/homepage\/"},{"@type":"ListItem","position":2,"name":"Legal terms"}]},{"@type":"WebSite","@id":"https:\/\/www.galeriedurst.com\/en\/#website","url":"https:\/\/www.galeriedurst.com\/en\/","name":"Galerie Durst","description":"Paris contemporary art gallery & art consultancy","publisher":{"@id":"https:\/\/www.galeriedurst.com\/en\/#organization"},"potentialAction":[{"@type":"SearchAction","target":{"@type":"EntryPoint","urlTemplate":"https:\/\/www.galeriedurst.com\/en\/?s={search_term_string}"},"query-input":{"@type":"PropertyValueSpecification","valueRequired":true,"valueName":"search_term_string"}}],"inLanguage":"en-US"},{"@type":"Organization","@id":"https:\/\/www.galeriedurst.com\/en\/#organization","name":"Galerie Durst","url":"https:\/\/www.galeriedurst.com\/en\/","logo":{"@type":"ImageObject","inLanguage":"en-US","@id":"https:\/\/www.galeriedurst.com\/en\/#\/schema\/logo\/image\/","url":"https:\/\/www.galeriedurst.com\/\/content\/uploads\/2021\/10\/GalerieDurst_Logo.svg","contentUrl":"https:\/\/www.galeriedurst.com\/\/content\/uploads\/2021\/10\/GalerieDurst_Logo.svg","width":1,"height":1,"caption":"Galerie Durst"},"image":{"@id":"https:\/\/www.galeriedurst.com\/en\/#\/schema\/logo\/image\/"}}]}},"_links":{"self":[{"href":"https:\/\/www.galeriedurst.com\/en\/wp-json\/wp\/v2\/pages\/15460","targetHints":{"allow":["GET"]}}],"collection":[{"href":"https:\/\/www.galeriedurst.com\/en\/wp-json\/wp\/v2\/pages"}],"about":[{"href":"https:\/\/www.galeriedurst.com\/en\/wp-json\/wp\/v2\/types\/page"}],"author":[{"embeddable":true,"href":"https:\/\/www.galeriedurst.com\/en\/wp-json\/wp\/v2\/users\/33"}],"replies":[{"embeddable":true,"href":"https:\/\/www.galeriedurst.com\/en\/wp-json\/wp\/v2\/comments?post=15460"}],"version-history":[{"count":1,"href":"https:\/\/www.galeriedurst.com\/en\/wp-json\/wp\/v2\/pages\/15460\/revisions"}],"predecessor-version":[{"id":15461,"href":"https:\/\/www.galeriedurst.com\/en\/wp-json\/wp\/v2\/pages\/15460\/revisions\/15461"}],"wp:attachment":[{"href":"https:\/\/www.galeriedurst.com\/en\/wp-json\/wp\/v2\/media?parent=15460"}],"curies":[{"name":"wp","href":"https:\/\/api.w.org\/{rel}","templated":true}]}}