{"id":17696,"date":"2025-12-05T15:28:31","date_gmt":"2025-12-05T14:28:31","guid":{"rendered":"https:\/\/www.galeriedurst.com\/oeuvre\/escalier-jaune-n2\/"},"modified":"2026-01-28T12:28:01","modified_gmt":"2026-01-28T11:28:01","slug":"escalier-jaune-n2","status":"publish","type":"product","link":"https:\/\/www.galeriedurst.com\/en\/oeuvre\/escalier-jaune-n2\/","title":{"rendered":"Escalier jaune n\u00b02"},"content":{"rendered":"<p>Oil on canvas<br \/>\n100 \u00d7 81 cm<br \/>\nUnique, signed work<\/p>\n<p>&nbsp;<\/p>\n<p>Marie-Astrid Grivet\u2019s works play with lines, perspectives and the musicality of forms. Working in layers of oil, she shapes compositions where textures, colours and balance are built patiently. On the edge of abstraction, her paintings invite calm contemplation, evoking harmony and a sense of escape.  <\/p>\n<p>&nbsp;<\/p>\n<p data-start=\"299\" data-end=\"347\">This work is on view at Galerie Durst, Paris.<\/p>\n<p data-start=\"349\" data-end=\"436\" data-is-last-node=\"\" data-is-only-node=\"\">Contact us at <a href=\"mailto:bonjour@galeriedurst.com\"><strong data-start=\"366\" data-end=\"394\">bonjour@galeriedurst.com<\/strong><\/a> for more information about this work.<\/p>\n","protected":false},"excerpt":{"rendered":"<p>Oil on canvas 100 \u00d7 81 cm Unique, signed work &nbsp; Marie-Astrid Grivet\u2019s works play with lines, perspectives and the musicality of forms. Working in layers of oil, she shapes compositions where textures, colours and balance are built patiently. On the edge of abstraction, her paintings invite calm contemplation, evoking harmony and a sense of [&hellip;]<\/p>\n","protected":false},"featured_media":17664,"comment_status":"open","ping_status":"closed","template":"","meta":{"_acf_changed":false},"product_brand":[],"product_cat":[570],"product_tag":[],"class_list":{"0":"post-17696","1":"product","2":"type-product","3":"status-publish","4":"has-post-thumbnail","6":"product_cat-marie-astrid-grivet-en","7":"product_shipping_class-carrier","9":"first","10":"instock","11":"taxable","12":"shipping-taxable","13":"purchasable","14":"product-type-simple"},"acf":[],"yoast_head":"<!-- This site is optimized with the Yoast SEO plugin v27.1.1 - https:\/\/yoast.com\/product\/yoast-seo-wordpress\/ -->\n<title>Escalier jaune n\u00b02 - Galerie Durst<\/title>\n<meta name=\"description\" content=\"D\u00e9couvrez la nouvelle oeuvre de l&#039;artiste Marie-Astrid Grivet, &quot;Escalier jaune n\u00b02&quot;, une peinture \u00e0 l&#039;huile sur toile. \u00c0 voir \u00e0 la Galerie Durst !\" \/>\n<meta name=\"robots\" content=\"index, follow, max-snippet:-1, max-image-preview:large, max-video-preview:-1\" \/>\n<link rel=\"canonical\" href=\"https:\/\/www.galeriedurst.com\/en\/oeuvre\/escalier-jaune-n2\/\" \/>\n<meta property=\"og:locale\" content=\"en_US\" \/>\n<meta property=\"og:type\" content=\"article\" \/>\n<meta property=\"og:title\" content=\"Escalier jaune n\u00b02 - Galerie Durst\" \/>\n<meta property=\"og:description\" content=\"D\u00e9couvrez la nouvelle oeuvre de l&#039;artiste Marie-Astrid Grivet, &quot;Escalier jaune n\u00b02&quot;, une peinture \u00e0 l&#039;huile sur toile. \u00c0 voir \u00e0 la Galerie Durst !\" \/>\n<meta property=\"og:url\" content=\"https:\/\/www.galeriedurst.com\/en\/oeuvre\/escalier-jaune-n2\/\" \/>\n<meta property=\"og:site_name\" content=\"Galerie Durst\" \/>\n<meta property=\"article:modified_time\" content=\"2026-01-28T11:28:01+00:00\" \/>\n<meta property=\"og:image\" content=\"https:\/\/www.galeriedurst.com\/\/content\/uploads\/2025\/12\/Marie-Astrid-Grivet-Escalier-jaune-n\u00b02-scaled.jpg\" \/>\n\t<meta property=\"og:image:width\" content=\"1651\" \/>\n\t<meta property=\"og:image:height\" content=\"2048\" \/>\n\t<meta property=\"og:image:type\" content=\"image\/jpeg\" \/>\n<meta name=\"twitter:card\" content=\"summary_large_image\" \/>\n<meta name=\"twitter:label1\" content=\"Est. reading time\" \/>\n\t<meta name=\"twitter:data1\" content=\"1 minute\" \/>\n<script type=\"application\/ld+json\" class=\"yoast-schema-graph\">{\"@context\":\"https:\/\/schema.org\",\"@graph\":[{\"@type\":\"WebPage\",\"@id\":\"https:\/\/www.galeriedurst.com\/en\/oeuvre\/escalier-jaune-n2\/\",\"url\":\"https:\/\/www.galeriedurst.com\/en\/oeuvre\/escalier-jaune-n2\/\",\"name\":\"Escalier jaune n\u00b02 - Galerie Durst\",\"isPartOf\":{\"@id\":\"https:\/\/www.galeriedurst.com\/en\/#website\"},\"primaryImageOfPage\":{\"@id\":\"https:\/\/www.galeriedurst.com\/en\/oeuvre\/escalier-jaune-n2\/#primaryimage\"},\"image\":{\"@id\":\"https:\/\/www.galeriedurst.com\/en\/oeuvre\/escalier-jaune-n2\/#primaryimage\"},\"thumbnailUrl\":\"https:\/\/www.galeriedurst.com\/\/content\/uploads\/2025\/12\/Marie-Astrid-Grivet-Escalier-jaune-n\u00b02-scaled.jpg\",\"datePublished\":\"2025-12-05T14:28:31+00:00\",\"dateModified\":\"2026-01-28T11:28:01+00:00\",\"description\":\"D\u00e9couvrez la nouvelle oeuvre de l'artiste Marie-Astrid Grivet, \\\"Escalier jaune n\u00b02\\\", une peinture \u00e0 l'huile sur toile. \u00c0 voir \u00e0 la Galerie Durst !\",\"breadcrumb\":{\"@id\":\"https:\/\/www.galeriedurst.com\/en\/oeuvre\/escalier-jaune-n2\/#breadcrumb\"},\"inLanguage\":\"en-US\",\"potentialAction\":[{\"@type\":\"ReadAction\",\"target\":[\"https:\/\/www.galeriedurst.com\/en\/oeuvre\/escalier-jaune-n2\/\"]}]},{\"@type\":\"ImageObject\",\"inLanguage\":\"en-US\",\"@id\":\"https:\/\/www.galeriedurst.com\/en\/oeuvre\/escalier-jaune-n2\/#primaryimage\",\"url\":\"https:\/\/www.galeriedurst.com\/\/content\/uploads\/2025\/12\/Marie-Astrid-Grivet-Escalier-jaune-n\u00b02-scaled.jpg\",\"contentUrl\":\"https:\/\/www.galeriedurst.com\/\/content\/uploads\/2025\/12\/Marie-Astrid-Grivet-Escalier-jaune-n\u00b02-scaled.jpg\",\"width\":1651,\"height\":2048},{\"@type\":\"BreadcrumbList\",\"@id\":\"https:\/\/www.galeriedurst.com\/en\/oeuvre\/escalier-jaune-n2\/#breadcrumb\",\"itemListElement\":[{\"@type\":\"ListItem\",\"position\":1,\"name\":\"Home\",\"item\":\"https:\/\/www.galeriedurst.com\/en\/homepage\/\"},{\"@type\":\"ListItem\",\"position\":2,\"name\":\"Artworks\",\"item\":\"https:\/\/www.galeriedurst.com\/en\/artworks\/\"},{\"@type\":\"ListItem\",\"position\":3,\"name\":\"Escalier jaune n\u00b02\"}]},{\"@type\":\"WebSite\",\"@id\":\"https:\/\/www.galeriedurst.com\/en\/#website\",\"url\":\"https:\/\/www.galeriedurst.com\/en\/\",\"name\":\"Galerie Durst\",\"description\":\"Paris contemporary art gallery & art consultancy\",\"publisher\":{\"@id\":\"https:\/\/www.galeriedurst.com\/en\/#organization\"},\"potentialAction\":[{\"@type\":\"SearchAction\",\"target\":{\"@type\":\"EntryPoint\",\"urlTemplate\":\"https:\/\/www.galeriedurst.com\/en\/?s={search_term_string}\"},\"query-input\":{\"@type\":\"PropertyValueSpecification\",\"valueRequired\":true,\"valueName\":\"search_term_string\"}}],\"inLanguage\":\"en-US\"},{\"@type\":\"Organization\",\"@id\":\"https:\/\/www.galeriedurst.com\/en\/#organization\",\"name\":\"Galerie Durst\",\"url\":\"https:\/\/www.galeriedurst.com\/en\/\",\"logo\":{\"@type\":\"ImageObject\",\"inLanguage\":\"en-US\",\"@id\":\"https:\/\/www.galeriedurst.com\/en\/#\/schema\/logo\/image\/\",\"url\":\"https:\/\/www.galeriedurst.com\/\/content\/uploads\/2021\/10\/GalerieDurst_Logo.svg\",\"contentUrl\":\"https:\/\/www.galeriedurst.com\/\/content\/uploads\/2021\/10\/GalerieDurst_Logo.svg\",\"width\":1,\"height\":1,\"caption\":\"Galerie Durst\"},\"image\":{\"@id\":\"https:\/\/www.galeriedurst.com\/en\/#\/schema\/logo\/image\/\"}}]}<\/script>\n<!-- \/ Yoast SEO plugin. -->","yoast_head_json":{"title":"Escalier jaune n\u00b02 - Galerie Durst","description":"D\u00e9couvrez la nouvelle oeuvre de l'artiste Marie-Astrid Grivet, \"Escalier jaune n\u00b02\", une peinture \u00e0 l'huile sur toile. \u00c0 voir \u00e0 la Galerie Durst !","robots":{"index":"index","follow":"follow","max-snippet":"max-snippet:-1","max-image-preview":"max-image-preview:large","max-video-preview":"max-video-preview:-1"},"canonical":"https:\/\/www.galeriedurst.com\/en\/oeuvre\/escalier-jaune-n2\/","og_locale":"en_US","og_type":"article","og_title":"Escalier jaune n\u00b02 - Galerie Durst","og_description":"D\u00e9couvrez la nouvelle oeuvre de l'artiste Marie-Astrid Grivet, \"Escalier jaune n\u00b02\", une peinture \u00e0 l'huile sur toile. \u00c0 voir \u00e0 la Galerie Durst !","og_url":"https:\/\/www.galeriedurst.com\/en\/oeuvre\/escalier-jaune-n2\/","og_site_name":"Galerie Durst","article_modified_time":"2026-01-28T11:28:01+00:00","og_image":[{"width":1651,"height":2048,"url":"https:\/\/www.galeriedurst.com\/\/content\/uploads\/2025\/12\/Marie-Astrid-Grivet-Escalier-jaune-n\u00b02-scaled.jpg","type":"image\/jpeg"}],"twitter_card":"summary_large_image","twitter_misc":{"Est. reading time":"1 minute"},"schema":{"@context":"https:\/\/schema.org","@graph":[{"@type":"WebPage","@id":"https:\/\/www.galeriedurst.com\/en\/oeuvre\/escalier-jaune-n2\/","url":"https:\/\/www.galeriedurst.com\/en\/oeuvre\/escalier-jaune-n2\/","name":"Escalier jaune n\u00b02 - Galerie Durst","isPartOf":{"@id":"https:\/\/www.galeriedurst.com\/en\/#website"},"primaryImageOfPage":{"@id":"https:\/\/www.galeriedurst.com\/en\/oeuvre\/escalier-jaune-n2\/#primaryimage"},"image":{"@id":"https:\/\/www.galeriedurst.com\/en\/oeuvre\/escalier-jaune-n2\/#primaryimage"},"thumbnailUrl":"https:\/\/www.galeriedurst.com\/\/content\/uploads\/2025\/12\/Marie-Astrid-Grivet-Escalier-jaune-n\u00b02-scaled.jpg","datePublished":"2025-12-05T14:28:31+00:00","dateModified":"2026-01-28T11:28:01+00:00","description":"D\u00e9couvrez la nouvelle oeuvre de l'artiste Marie-Astrid Grivet, \"Escalier jaune n\u00b02\", une peinture \u00e0 l'huile sur toile. \u00c0 voir \u00e0 la Galerie Durst !","breadcrumb":{"@id":"https:\/\/www.galeriedurst.com\/en\/oeuvre\/escalier-jaune-n2\/#breadcrumb"},"inLanguage":"en-US","potentialAction":[{"@type":"ReadAction","target":["https:\/\/www.galeriedurst.com\/en\/oeuvre\/escalier-jaune-n2\/"]}]},{"@type":"ImageObject","inLanguage":"en-US","@id":"https:\/\/www.galeriedurst.com\/en\/oeuvre\/escalier-jaune-n2\/#primaryimage","url":"https:\/\/www.galeriedurst.com\/\/content\/uploads\/2025\/12\/Marie-Astrid-Grivet-Escalier-jaune-n\u00b02-scaled.jpg","contentUrl":"https:\/\/www.galeriedurst.com\/\/content\/uploads\/2025\/12\/Marie-Astrid-Grivet-Escalier-jaune-n\u00b02-scaled.jpg","width":1651,"height":2048},{"@type":"BreadcrumbList","@id":"https:\/\/www.galeriedurst.com\/en\/oeuvre\/escalier-jaune-n2\/#breadcrumb","itemListElement":[{"@type":"ListItem","position":1,"name":"Home","item":"https:\/\/www.galeriedurst.com\/en\/homepage\/"},{"@type":"ListItem","position":2,"name":"Artworks","item":"https:\/\/www.galeriedurst.com\/en\/artworks\/"},{"@type":"ListItem","position":3,"name":"Escalier jaune n\u00b02"}]},{"@type":"WebSite","@id":"https:\/\/www.galeriedurst.com\/en\/#website","url":"https:\/\/www.galeriedurst.com\/en\/","name":"Galerie Durst","description":"Paris contemporary art gallery & art consultancy","publisher":{"@id":"https:\/\/www.galeriedurst.com\/en\/#organization"},"potentialAction":[{"@type":"SearchAction","target":{"@type":"EntryPoint","urlTemplate":"https:\/\/www.galeriedurst.com\/en\/?s={search_term_string}"},"query-input":{"@type":"PropertyValueSpecification","valueRequired":true,"valueName":"search_term_string"}}],"inLanguage":"en-US"},{"@type":"Organization","@id":"https:\/\/www.galeriedurst.com\/en\/#organization","name":"Galerie Durst","url":"https:\/\/www.galeriedurst.com\/en\/","logo":{"@type":"ImageObject","inLanguage":"en-US","@id":"https:\/\/www.galeriedurst.com\/en\/#\/schema\/logo\/image\/","url":"https:\/\/www.galeriedurst.com\/\/content\/uploads\/2021\/10\/GalerieDurst_Logo.svg","contentUrl":"https:\/\/www.galeriedurst.com\/\/content\/uploads\/2021\/10\/GalerieDurst_Logo.svg","width":1,"height":1,"caption":"Galerie Durst"},"image":{"@id":"https:\/\/www.galeriedurst.com\/en\/#\/schema\/logo\/image\/"}}]}},"_links":{"self":[{"href":"https:\/\/www.galeriedurst.com\/en\/wp-json\/wp\/v2\/product\/17696","targetHints":{"allow":["GET"]}}],"collection":[{"href":"https:\/\/www.galeriedurst.com\/en\/wp-json\/wp\/v2\/product"}],"about":[{"href":"https:\/\/www.galeriedurst.com\/en\/wp-json\/wp\/v2\/types\/product"}],"replies":[{"embeddable":true,"href":"https:\/\/www.galeriedurst.com\/en\/wp-json\/wp\/v2\/comments?post=17696"}],"wp:featuredmedia":[{"embeddable":true,"href":"https:\/\/www.galeriedurst.com\/en\/wp-json\/wp\/v2\/media\/17664"}],"wp:attachment":[{"href":"https:\/\/www.galeriedurst.com\/en\/wp-json\/wp\/v2\/media?parent=17696"}],"wp:term":[{"taxonomy":"product_brand","embeddable":true,"href":"https:\/\/www.galeriedurst.com\/en\/wp-json\/wp\/v2\/product_brand?post=17696"},{"taxonomy":"product_cat","embeddable":true,"href":"https:\/\/www.galeriedurst.com\/en\/wp-json\/wp\/v2\/product_cat?post=17696"},{"taxonomy":"product_tag","embeddable":true,"href":"https:\/\/www.galeriedurst.com\/en\/wp-json\/wp\/v2\/product_tag?post=17696"}],"curies":[{"name":"wp","href":"https:\/\/api.w.org\/{rel}","templated":true}]}}