{"id":17710,"date":"2025-11-29T12:39:43","date_gmt":"2025-11-29T11:39:43","guid":{"rendered":"https:\/\/www.galeriedurst.com\/oeuvre\/n23-05-gerard-redoules\/"},"modified":"2026-01-26T17:21:49","modified_gmt":"2026-01-26T16:21:49","slug":"n23-05-gerard-redoules","status":"publish","type":"product","link":"https:\/\/www.galeriedurst.com\/en\/oeuvre\/n23-05-gerard-redoules\/","title":{"rendered":"N\u00b023\/05"},"content":{"rendered":"<p>Lacquer on wood<br \/>\nWooden frame<br \/>\n50 \u00d7 39 cm<br \/>\nUnique signed artwork<\/p>\n<p>&nbsp;<\/p>\n<p>G\u00e9rard Redoul\u00e8s\u2019 work is expressed through multiple translucent layers that reveal the vibrant depth of his paintings. His unique technique shapes deliberately suggestive landscapes, inviting each viewer to unfold their own imagination within them. <\/p>\n<p>&nbsp;<\/p>\n<p data-start=\"299\" data-end=\"347\">This artwork can be viewed at Galerie Durst, Paris.<\/p>\n<p data-start=\"349\" data-end=\"436\" data-is-last-node=\"\" data-is-only-node=\"\">Contact us at <a href=\"mailto:bonjour@galeriedurst.com\"><strong data-start=\"366\" data-end=\"394\">bonjour@galeriedurst.com<\/strong><\/a> for more information about this work.<\/p>\n","protected":false},"excerpt":{"rendered":"<p>Lacquer on wood Wooden frame 50 \u00d7 39 cm Unique signed artwork &nbsp; G\u00e9rard Redoul\u00e8s\u2019 work is expressed through multiple translucent layers that reveal the vibrant depth of his paintings. His unique technique shapes deliberately suggestive landscapes, inviting each viewer to unfold their own imagination within them. &nbsp; This artwork can be viewed at Galerie [&hellip;]<\/p>\n","protected":false},"featured_media":17392,"comment_status":"open","ping_status":"closed","template":"","meta":{"_acf_changed":false},"product_brand":[],"product_cat":[583],"product_tag":[],"class_list":{"0":"post-17710","1":"product","2":"type-product","3":"status-publish","4":"has-post-thumbnail","6":"product_cat-gerard-redoules-en","8":"first","9":"instock","10":"taxable","11":"shipping-taxable","12":"purchasable","13":"product-type-simple"},"acf":[],"yoast_head":"<!-- This site is optimized with the Yoast SEO plugin v27.1.1 - https:\/\/yoast.com\/product\/yoast-seo-wordpress\/ -->\n<title>N\u00b023\/05 - Galerie Durst<\/title>\n<meta name=\"description\" content=\"Unique artwork by G\u00e9rard Redoul\u00e8s: lacquer on wood. Suggestive landscapes with translucent, vibrant layers. Available to view at Galerie Durst, Paris.\" \/>\n<meta name=\"robots\" content=\"index, follow, max-snippet:-1, max-image-preview:large, max-video-preview:-1\" \/>\n<link rel=\"canonical\" href=\"https:\/\/www.galeriedurst.com\/en\/oeuvre\/n23-05-gerard-redoules\/\" \/>\n<meta property=\"og:locale\" content=\"en_US\" \/>\n<meta property=\"og:type\" content=\"article\" \/>\n<meta property=\"og:title\" content=\"N\u00b023\/05 - Galerie Durst\" \/>\n<meta property=\"og:description\" content=\"Unique artwork by G\u00e9rard Redoul\u00e8s: lacquer on wood. Suggestive landscapes with translucent, vibrant layers. Available to view at Galerie Durst, Paris.\" \/>\n<meta property=\"og:url\" content=\"https:\/\/www.galeriedurst.com\/en\/oeuvre\/n23-05-gerard-redoules\/\" \/>\n<meta property=\"og:site_name\" content=\"Galerie Durst\" \/>\n<meta property=\"article:modified_time\" content=\"2026-01-26T16:21:49+00:00\" \/>\n<meta property=\"og:image\" content=\"https:\/\/www.galeriedurst.com\/\/content\/uploads\/2025\/11\/Gerard-Redoules-_N\u00b023_05_-50-x-39-cm-1.jpg\" \/>\n\t<meta property=\"og:image:width\" content=\"1106\" \/>\n\t<meta property=\"og:image:height\" content=\"1410\" \/>\n\t<meta property=\"og:image:type\" content=\"image\/jpeg\" \/>\n<meta name=\"twitter:card\" content=\"summary_large_image\" \/>\n<script type=\"application\/ld+json\" class=\"yoast-schema-graph\">{\"@context\":\"https:\/\/schema.org\",\"@graph\":[{\"@type\":\"WebPage\",\"@id\":\"https:\/\/www.galeriedurst.com\/en\/oeuvre\/n23-05-gerard-redoules\/\",\"url\":\"https:\/\/www.galeriedurst.com\/en\/oeuvre\/n23-05-gerard-redoules\/\",\"name\":\"N\u00b023\/05 - Galerie Durst\",\"isPartOf\":{\"@id\":\"https:\/\/www.galeriedurst.com\/en\/#website\"},\"primaryImageOfPage\":{\"@id\":\"https:\/\/www.galeriedurst.com\/en\/oeuvre\/n23-05-gerard-redoules\/#primaryimage\"},\"image\":{\"@id\":\"https:\/\/www.galeriedurst.com\/en\/oeuvre\/n23-05-gerard-redoules\/#primaryimage\"},\"thumbnailUrl\":\"https:\/\/www.galeriedurst.com\/\/content\/uploads\/2025\/11\/Gerard-Redoules-_N\u00b023_05_-50-x-39-cm-1.jpg\",\"datePublished\":\"2025-11-29T11:39:43+00:00\",\"dateModified\":\"2026-01-26T16:21:49+00:00\",\"description\":\"Unique artwork by G\u00e9rard Redoul\u00e8s: lacquer on wood. Suggestive landscapes with translucent, vibrant layers. Available to view at Galerie Durst, Paris.\",\"breadcrumb\":{\"@id\":\"https:\/\/www.galeriedurst.com\/en\/oeuvre\/n23-05-gerard-redoules\/#breadcrumb\"},\"inLanguage\":\"en-US\",\"potentialAction\":[{\"@type\":\"ReadAction\",\"target\":[\"https:\/\/www.galeriedurst.com\/en\/oeuvre\/n23-05-gerard-redoules\/\"]}]},{\"@type\":\"ImageObject\",\"inLanguage\":\"en-US\",\"@id\":\"https:\/\/www.galeriedurst.com\/en\/oeuvre\/n23-05-gerard-redoules\/#primaryimage\",\"url\":\"https:\/\/www.galeriedurst.com\/\/content\/uploads\/2025\/11\/Gerard-Redoules-_N\u00b023_05_-50-x-39-cm-1.jpg\",\"contentUrl\":\"https:\/\/www.galeriedurst.com\/\/content\/uploads\/2025\/11\/Gerard-Redoules-_N\u00b023_05_-50-x-39-cm-1.jpg\",\"width\":1106,\"height\":1410,\"caption\":\"G\u00e9rard Redoul\u00e8s - _N\u00b023_05_ - 50 x 39 cm\"},{\"@type\":\"BreadcrumbList\",\"@id\":\"https:\/\/www.galeriedurst.com\/en\/oeuvre\/n23-05-gerard-redoules\/#breadcrumb\",\"itemListElement\":[{\"@type\":\"ListItem\",\"position\":1,\"name\":\"Home\",\"item\":\"https:\/\/www.galeriedurst.com\/en\/homepage\/\"},{\"@type\":\"ListItem\",\"position\":2,\"name\":\"Artworks\",\"item\":\"https:\/\/www.galeriedurst.com\/en\/artworks\/\"},{\"@type\":\"ListItem\",\"position\":3,\"name\":\"N\u00b023\/05\"}]},{\"@type\":\"WebSite\",\"@id\":\"https:\/\/www.galeriedurst.com\/en\/#website\",\"url\":\"https:\/\/www.galeriedurst.com\/en\/\",\"name\":\"Galerie Durst\",\"description\":\"Paris contemporary art gallery & art consultancy\",\"publisher\":{\"@id\":\"https:\/\/www.galeriedurst.com\/en\/#organization\"},\"potentialAction\":[{\"@type\":\"SearchAction\",\"target\":{\"@type\":\"EntryPoint\",\"urlTemplate\":\"https:\/\/www.galeriedurst.com\/en\/?s={search_term_string}\"},\"query-input\":{\"@type\":\"PropertyValueSpecification\",\"valueRequired\":true,\"valueName\":\"search_term_string\"}}],\"inLanguage\":\"en-US\"},{\"@type\":\"Organization\",\"@id\":\"https:\/\/www.galeriedurst.com\/en\/#organization\",\"name\":\"Galerie Durst\",\"url\":\"https:\/\/www.galeriedurst.com\/en\/\",\"logo\":{\"@type\":\"ImageObject\",\"inLanguage\":\"en-US\",\"@id\":\"https:\/\/www.galeriedurst.com\/en\/#\/schema\/logo\/image\/\",\"url\":\"https:\/\/www.galeriedurst.com\/\/content\/uploads\/2021\/10\/GalerieDurst_Logo.svg\",\"contentUrl\":\"https:\/\/www.galeriedurst.com\/\/content\/uploads\/2021\/10\/GalerieDurst_Logo.svg\",\"width\":1,\"height\":1,\"caption\":\"Galerie Durst\"},\"image\":{\"@id\":\"https:\/\/www.galeriedurst.com\/en\/#\/schema\/logo\/image\/\"}}]}<\/script>\n<!-- \/ Yoast SEO plugin. -->","yoast_head_json":{"title":"N\u00b023\/05 - Galerie Durst","description":"Unique artwork by G\u00e9rard Redoul\u00e8s: lacquer on wood. Suggestive landscapes with translucent, vibrant layers. Available to view at Galerie Durst, Paris.","robots":{"index":"index","follow":"follow","max-snippet":"max-snippet:-1","max-image-preview":"max-image-preview:large","max-video-preview":"max-video-preview:-1"},"canonical":"https:\/\/www.galeriedurst.com\/en\/oeuvre\/n23-05-gerard-redoules\/","og_locale":"en_US","og_type":"article","og_title":"N\u00b023\/05 - Galerie Durst","og_description":"Unique artwork by G\u00e9rard Redoul\u00e8s: lacquer on wood. Suggestive landscapes with translucent, vibrant layers. Available to view at Galerie Durst, Paris.","og_url":"https:\/\/www.galeriedurst.com\/en\/oeuvre\/n23-05-gerard-redoules\/","og_site_name":"Galerie Durst","article_modified_time":"2026-01-26T16:21:49+00:00","og_image":[{"width":1106,"height":1410,"url":"https:\/\/www.galeriedurst.com\/\/content\/uploads\/2025\/11\/Gerard-Redoules-_N\u00b023_05_-50-x-39-cm-1.jpg","type":"image\/jpeg"}],"twitter_card":"summary_large_image","schema":{"@context":"https:\/\/schema.org","@graph":[{"@type":"WebPage","@id":"https:\/\/www.galeriedurst.com\/en\/oeuvre\/n23-05-gerard-redoules\/","url":"https:\/\/www.galeriedurst.com\/en\/oeuvre\/n23-05-gerard-redoules\/","name":"N\u00b023\/05 - Galerie Durst","isPartOf":{"@id":"https:\/\/www.galeriedurst.com\/en\/#website"},"primaryImageOfPage":{"@id":"https:\/\/www.galeriedurst.com\/en\/oeuvre\/n23-05-gerard-redoules\/#primaryimage"},"image":{"@id":"https:\/\/www.galeriedurst.com\/en\/oeuvre\/n23-05-gerard-redoules\/#primaryimage"},"thumbnailUrl":"https:\/\/www.galeriedurst.com\/\/content\/uploads\/2025\/11\/Gerard-Redoules-_N\u00b023_05_-50-x-39-cm-1.jpg","datePublished":"2025-11-29T11:39:43+00:00","dateModified":"2026-01-26T16:21:49+00:00","description":"Unique artwork by G\u00e9rard Redoul\u00e8s: lacquer on wood. Suggestive landscapes with translucent, vibrant layers. Available to view at Galerie Durst, Paris.","breadcrumb":{"@id":"https:\/\/www.galeriedurst.com\/en\/oeuvre\/n23-05-gerard-redoules\/#breadcrumb"},"inLanguage":"en-US","potentialAction":[{"@type":"ReadAction","target":["https:\/\/www.galeriedurst.com\/en\/oeuvre\/n23-05-gerard-redoules\/"]}]},{"@type":"ImageObject","inLanguage":"en-US","@id":"https:\/\/www.galeriedurst.com\/en\/oeuvre\/n23-05-gerard-redoules\/#primaryimage","url":"https:\/\/www.galeriedurst.com\/\/content\/uploads\/2025\/11\/Gerard-Redoules-_N\u00b023_05_-50-x-39-cm-1.jpg","contentUrl":"https:\/\/www.galeriedurst.com\/\/content\/uploads\/2025\/11\/Gerard-Redoules-_N\u00b023_05_-50-x-39-cm-1.jpg","width":1106,"height":1410,"caption":"G\u00e9rard Redoul\u00e8s - _N\u00b023_05_ - 50 x 39 cm"},{"@type":"BreadcrumbList","@id":"https:\/\/www.galeriedurst.com\/en\/oeuvre\/n23-05-gerard-redoules\/#breadcrumb","itemListElement":[{"@type":"ListItem","position":1,"name":"Home","item":"https:\/\/www.galeriedurst.com\/en\/homepage\/"},{"@type":"ListItem","position":2,"name":"Artworks","item":"https:\/\/www.galeriedurst.com\/en\/artworks\/"},{"@type":"ListItem","position":3,"name":"N\u00b023\/05"}]},{"@type":"WebSite","@id":"https:\/\/www.galeriedurst.com\/en\/#website","url":"https:\/\/www.galeriedurst.com\/en\/","name":"Galerie Durst","description":"Paris contemporary art gallery & art consultancy","publisher":{"@id":"https:\/\/www.galeriedurst.com\/en\/#organization"},"potentialAction":[{"@type":"SearchAction","target":{"@type":"EntryPoint","urlTemplate":"https:\/\/www.galeriedurst.com\/en\/?s={search_term_string}"},"query-input":{"@type":"PropertyValueSpecification","valueRequired":true,"valueName":"search_term_string"}}],"inLanguage":"en-US"},{"@type":"Organization","@id":"https:\/\/www.galeriedurst.com\/en\/#organization","name":"Galerie Durst","url":"https:\/\/www.galeriedurst.com\/en\/","logo":{"@type":"ImageObject","inLanguage":"en-US","@id":"https:\/\/www.galeriedurst.com\/en\/#\/schema\/logo\/image\/","url":"https:\/\/www.galeriedurst.com\/\/content\/uploads\/2021\/10\/GalerieDurst_Logo.svg","contentUrl":"https:\/\/www.galeriedurst.com\/\/content\/uploads\/2021\/10\/GalerieDurst_Logo.svg","width":1,"height":1,"caption":"Galerie Durst"},"image":{"@id":"https:\/\/www.galeriedurst.com\/en\/#\/schema\/logo\/image\/"}}]}},"_links":{"self":[{"href":"https:\/\/www.galeriedurst.com\/en\/wp-json\/wp\/v2\/product\/17710","targetHints":{"allow":["GET"]}}],"collection":[{"href":"https:\/\/www.galeriedurst.com\/en\/wp-json\/wp\/v2\/product"}],"about":[{"href":"https:\/\/www.galeriedurst.com\/en\/wp-json\/wp\/v2\/types\/product"}],"replies":[{"embeddable":true,"href":"https:\/\/www.galeriedurst.com\/en\/wp-json\/wp\/v2\/comments?post=17710"}],"wp:featuredmedia":[{"embeddable":true,"href":"https:\/\/www.galeriedurst.com\/en\/wp-json\/wp\/v2\/media\/17392"}],"wp:attachment":[{"href":"https:\/\/www.galeriedurst.com\/en\/wp-json\/wp\/v2\/media?parent=17710"}],"wp:term":[{"taxonomy":"product_brand","embeddable":true,"href":"https:\/\/www.galeriedurst.com\/en\/wp-json\/wp\/v2\/product_brand?post=17710"},{"taxonomy":"product_cat","embeddable":true,"href":"https:\/\/www.galeriedurst.com\/en\/wp-json\/wp\/v2\/product_cat?post=17710"},{"taxonomy":"product_tag","embeddable":true,"href":"https:\/\/www.galeriedurst.com\/en\/wp-json\/wp\/v2\/product_tag?post=17710"}],"curies":[{"name":"wp","href":"https:\/\/api.w.org\/{rel}","templated":true}]}}