{"id":17775,"date":"2025-03-08T18:19:50","date_gmt":"2025-03-08T17:19:50","guid":{"rendered":"https:\/\/www.galeriedurst.com\/oeuvre\/nature-morte-aux-terres\/"},"modified":"2026-01-28T17:28:46","modified_gmt":"2026-01-28T16:28:46","slug":"nature-morte-aux-terres","status":"publish","type":"product","link":"https:\/\/www.galeriedurst.com\/en\/oeuvre\/nature-morte-aux-terres\/","title":{"rendered":"Nature morte aux terres"},"content":{"rendered":"<p>Oil on canvas<br \/>\n73 \u00d7 100 cm<br \/>\nUnique, signed artwork<\/p>\n<p>&nbsp;<\/p>\n<p>Marie-Astrid Grivet\u2019s artworks play with lines, perspectives, and the musicality of forms. Working with layered oil, she shapes compositions where textures, colors, and balance are built patiently. On the border of abstraction, her paintings invite calm contemplation, offering harmony and a sense of escape.  <\/p>\n<p>&nbsp;<\/p>\n<p data-start=\"299\" data-end=\"347\">This artwork is on view at Galerie Durst, Paris.<\/p>\n<p data-start=\"349\" data-end=\"436\" data-is-last-node=\"\" data-is-only-node=\"\">Contact us at <a href=\"mailto:bonjour@galeriedurst.com\"><strong data-start=\"366\" data-end=\"394\">bonjour@galeriedurst.com<\/strong><\/a> for more information about this artwork<\/p>\n","protected":false},"excerpt":{"rendered":"<p>Oil on canvas 73 \u00d7 100 cm Unique, signed artwork &nbsp; Marie-Astrid Grivet\u2019s artworks play with lines, perspectives, and the musicality of forms. Working with layered oil, she shapes compositions where textures, colors, and balance are built patiently. On the border of abstraction, her paintings invite calm contemplation, offering harmony and a sense of escape. [&hellip;]<\/p>\n","protected":false},"featured_media":17776,"comment_status":"open","ping_status":"closed","template":"","meta":{"_acf_changed":false},"product_brand":[],"product_cat":[570],"product_tag":[],"class_list":{"0":"post-17775","1":"product","2":"type-product","3":"status-publish","4":"has-post-thumbnail","6":"product_cat-marie-astrid-grivet-en","7":"product_shipping_class-carrier","9":"first","10":"instock","11":"taxable","12":"shipping-taxable","13":"purchasable","14":"product-type-simple"},"acf":[],"yoast_head":"<!-- This site is optimized with the Yoast SEO plugin v27.1.1 - https:\/\/yoast.com\/product\/yoast-seo-wordpress\/ -->\n<title>Nature morte aux terres - Marie-Astrid Grivet - Galerie Durst<\/title>\n<meta name=\"description\" content=\"D\u00e9couvrez l&#039;oeuvre de Marie-Astrid Grivet, &quot;Nature morte aux terres&quot;, une peinture \u00e0 la composition structur\u00e9e et aux tonalit\u00e9s profondes.\" \/>\n<meta name=\"robots\" content=\"index, follow, max-snippet:-1, max-image-preview:large, max-video-preview:-1\" \/>\n<link rel=\"canonical\" href=\"https:\/\/www.galeriedurst.com\/en\/oeuvre\/nature-morte-aux-terres\/\" \/>\n<meta property=\"og:locale\" content=\"en_US\" \/>\n<meta property=\"og:type\" content=\"article\" \/>\n<meta property=\"og:title\" content=\"Nature morte aux terres - Marie-Astrid Grivet - Galerie Durst\" \/>\n<meta property=\"og:description\" content=\"D\u00e9couvrez l&#039;oeuvre de Marie-Astrid Grivet, &quot;Nature morte aux terres&quot;, une peinture \u00e0 la composition structur\u00e9e et aux tonalit\u00e9s profondes.\" \/>\n<meta property=\"og:url\" content=\"https:\/\/www.galeriedurst.com\/en\/oeuvre\/nature-morte-aux-terres\/\" \/>\n<meta property=\"og:site_name\" content=\"Galerie Durst\" \/>\n<meta property=\"article:modified_time\" content=\"2026-01-28T16:28:46+00:00\" \/>\n<meta property=\"og:image\" content=\"https:\/\/www.galeriedurst.com\/\/content\/uploads\/2025\/02\/Marie-Astrid-Grivet-Nature-morte-aux-terres-x-Aude-Bray-Deperne-Echos-X-819x1024.jpg\" \/>\n\t<meta property=\"og:image:width\" content=\"819\" \/>\n\t<meta property=\"og:image:height\" content=\"1024\" \/>\n\t<meta property=\"og:image:type\" content=\"image\/jpeg\" \/>\n<meta name=\"twitter:card\" content=\"summary_large_image\" \/>\n<script type=\"application\/ld+json\" class=\"yoast-schema-graph\">{\"@context\":\"https:\/\/schema.org\",\"@graph\":[{\"@type\":\"WebPage\",\"@id\":\"https:\/\/www.galeriedurst.com\/en\/oeuvre\/nature-morte-aux-terres\/\",\"url\":\"https:\/\/www.galeriedurst.com\/en\/oeuvre\/nature-morte-aux-terres\/\",\"name\":\"Nature morte aux terres - Marie-Astrid Grivet - Galerie Durst\",\"isPartOf\":{\"@id\":\"https:\/\/www.galeriedurst.com\/en\/#website\"},\"primaryImageOfPage\":{\"@id\":\"https:\/\/www.galeriedurst.com\/en\/oeuvre\/nature-morte-aux-terres\/#primaryimage\"},\"image\":{\"@id\":\"https:\/\/www.galeriedurst.com\/en\/oeuvre\/nature-morte-aux-terres\/#primaryimage\"},\"thumbnailUrl\":\"https:\/\/www.galeriedurst.com\/\/content\/uploads\/2025\/02\/Marie-Astrid-Grivet-Nature-morte-aux-terres-x-Aude-Bray-Deperne-Echos-X.jpg\",\"datePublished\":\"2025-03-08T17:19:50+00:00\",\"dateModified\":\"2026-01-28T16:28:46+00:00\",\"description\":\"D\u00e9couvrez l'oeuvre de Marie-Astrid Grivet, \\\"Nature morte aux terres\\\", une peinture \u00e0 la composition structur\u00e9e et aux tonalit\u00e9s profondes.\",\"breadcrumb\":{\"@id\":\"https:\/\/www.galeriedurst.com\/en\/oeuvre\/nature-morte-aux-terres\/#breadcrumb\"},\"inLanguage\":\"en-US\",\"potentialAction\":[{\"@type\":\"ReadAction\",\"target\":[\"https:\/\/www.galeriedurst.com\/en\/oeuvre\/nature-morte-aux-terres\/\"]}]},{\"@type\":\"ImageObject\",\"inLanguage\":\"en-US\",\"@id\":\"https:\/\/www.galeriedurst.com\/en\/oeuvre\/nature-morte-aux-terres\/#primaryimage\",\"url\":\"https:\/\/www.galeriedurst.com\/\/content\/uploads\/2025\/02\/Marie-Astrid-Grivet-Nature-morte-aux-terres-x-Aude-Bray-Deperne-Echos-X.jpg\",\"contentUrl\":\"https:\/\/www.galeriedurst.com\/\/content\/uploads\/2025\/02\/Marie-Astrid-Grivet-Nature-morte-aux-terres-x-Aude-Bray-Deperne-Echos-X.jpg\",\"width\":2000,\"height\":2500},{\"@type\":\"BreadcrumbList\",\"@id\":\"https:\/\/www.galeriedurst.com\/en\/oeuvre\/nature-morte-aux-terres\/#breadcrumb\",\"itemListElement\":[{\"@type\":\"ListItem\",\"position\":1,\"name\":\"Home\",\"item\":\"https:\/\/www.galeriedurst.com\/en\/homepage\/\"},{\"@type\":\"ListItem\",\"position\":2,\"name\":\"Artworks\",\"item\":\"https:\/\/www.galeriedurst.com\/en\/artworks\/\"},{\"@type\":\"ListItem\",\"position\":3,\"name\":\"Nature morte aux terres\"}]},{\"@type\":\"WebSite\",\"@id\":\"https:\/\/www.galeriedurst.com\/en\/#website\",\"url\":\"https:\/\/www.galeriedurst.com\/en\/\",\"name\":\"Galerie Durst\",\"description\":\"Paris contemporary art gallery & art consultancy\",\"publisher\":{\"@id\":\"https:\/\/www.galeriedurst.com\/en\/#organization\"},\"potentialAction\":[{\"@type\":\"SearchAction\",\"target\":{\"@type\":\"EntryPoint\",\"urlTemplate\":\"https:\/\/www.galeriedurst.com\/en\/?s={search_term_string}\"},\"query-input\":{\"@type\":\"PropertyValueSpecification\",\"valueRequired\":true,\"valueName\":\"search_term_string\"}}],\"inLanguage\":\"en-US\"},{\"@type\":\"Organization\",\"@id\":\"https:\/\/www.galeriedurst.com\/en\/#organization\",\"name\":\"Galerie Durst\",\"url\":\"https:\/\/www.galeriedurst.com\/en\/\",\"logo\":{\"@type\":\"ImageObject\",\"inLanguage\":\"en-US\",\"@id\":\"https:\/\/www.galeriedurst.com\/en\/#\/schema\/logo\/image\/\",\"url\":\"https:\/\/www.galeriedurst.com\/\/content\/uploads\/2021\/10\/GalerieDurst_Logo.svg\",\"contentUrl\":\"https:\/\/www.galeriedurst.com\/\/content\/uploads\/2021\/10\/GalerieDurst_Logo.svg\",\"width\":1,\"height\":1,\"caption\":\"Galerie Durst\"},\"image\":{\"@id\":\"https:\/\/www.galeriedurst.com\/en\/#\/schema\/logo\/image\/\"}}]}<\/script>\n<!-- \/ Yoast SEO plugin. -->","yoast_head_json":{"title":"Nature morte aux terres - Marie-Astrid Grivet - Galerie Durst","description":"D\u00e9couvrez l'oeuvre de Marie-Astrid Grivet, \"Nature morte aux terres\", une peinture \u00e0 la composition structur\u00e9e et aux tonalit\u00e9s profondes.","robots":{"index":"index","follow":"follow","max-snippet":"max-snippet:-1","max-image-preview":"max-image-preview:large","max-video-preview":"max-video-preview:-1"},"canonical":"https:\/\/www.galeriedurst.com\/en\/oeuvre\/nature-morte-aux-terres\/","og_locale":"en_US","og_type":"article","og_title":"Nature morte aux terres - Marie-Astrid Grivet - Galerie Durst","og_description":"D\u00e9couvrez l'oeuvre de Marie-Astrid Grivet, \"Nature morte aux terres\", une peinture \u00e0 la composition structur\u00e9e et aux tonalit\u00e9s profondes.","og_url":"https:\/\/www.galeriedurst.com\/en\/oeuvre\/nature-morte-aux-terres\/","og_site_name":"Galerie Durst","article_modified_time":"2026-01-28T16:28:46+00:00","og_image":[{"width":819,"height":1024,"url":"https:\/\/www.galeriedurst.com\/\/content\/uploads\/2025\/02\/Marie-Astrid-Grivet-Nature-morte-aux-terres-x-Aude-Bray-Deperne-Echos-X-819x1024.jpg","type":"image\/jpeg"}],"twitter_card":"summary_large_image","schema":{"@context":"https:\/\/schema.org","@graph":[{"@type":"WebPage","@id":"https:\/\/www.galeriedurst.com\/en\/oeuvre\/nature-morte-aux-terres\/","url":"https:\/\/www.galeriedurst.com\/en\/oeuvre\/nature-morte-aux-terres\/","name":"Nature morte aux terres - Marie-Astrid Grivet - Galerie Durst","isPartOf":{"@id":"https:\/\/www.galeriedurst.com\/en\/#website"},"primaryImageOfPage":{"@id":"https:\/\/www.galeriedurst.com\/en\/oeuvre\/nature-morte-aux-terres\/#primaryimage"},"image":{"@id":"https:\/\/www.galeriedurst.com\/en\/oeuvre\/nature-morte-aux-terres\/#primaryimage"},"thumbnailUrl":"https:\/\/www.galeriedurst.com\/\/content\/uploads\/2025\/02\/Marie-Astrid-Grivet-Nature-morte-aux-terres-x-Aude-Bray-Deperne-Echos-X.jpg","datePublished":"2025-03-08T17:19:50+00:00","dateModified":"2026-01-28T16:28:46+00:00","description":"D\u00e9couvrez l'oeuvre de Marie-Astrid Grivet, \"Nature morte aux terres\", une peinture \u00e0 la composition structur\u00e9e et aux tonalit\u00e9s profondes.","breadcrumb":{"@id":"https:\/\/www.galeriedurst.com\/en\/oeuvre\/nature-morte-aux-terres\/#breadcrumb"},"inLanguage":"en-US","potentialAction":[{"@type":"ReadAction","target":["https:\/\/www.galeriedurst.com\/en\/oeuvre\/nature-morte-aux-terres\/"]}]},{"@type":"ImageObject","inLanguage":"en-US","@id":"https:\/\/www.galeriedurst.com\/en\/oeuvre\/nature-morte-aux-terres\/#primaryimage","url":"https:\/\/www.galeriedurst.com\/\/content\/uploads\/2025\/02\/Marie-Astrid-Grivet-Nature-morte-aux-terres-x-Aude-Bray-Deperne-Echos-X.jpg","contentUrl":"https:\/\/www.galeriedurst.com\/\/content\/uploads\/2025\/02\/Marie-Astrid-Grivet-Nature-morte-aux-terres-x-Aude-Bray-Deperne-Echos-X.jpg","width":2000,"height":2500},{"@type":"BreadcrumbList","@id":"https:\/\/www.galeriedurst.com\/en\/oeuvre\/nature-morte-aux-terres\/#breadcrumb","itemListElement":[{"@type":"ListItem","position":1,"name":"Home","item":"https:\/\/www.galeriedurst.com\/en\/homepage\/"},{"@type":"ListItem","position":2,"name":"Artworks","item":"https:\/\/www.galeriedurst.com\/en\/artworks\/"},{"@type":"ListItem","position":3,"name":"Nature morte aux terres"}]},{"@type":"WebSite","@id":"https:\/\/www.galeriedurst.com\/en\/#website","url":"https:\/\/www.galeriedurst.com\/en\/","name":"Galerie Durst","description":"Paris contemporary art gallery & art consultancy","publisher":{"@id":"https:\/\/www.galeriedurst.com\/en\/#organization"},"potentialAction":[{"@type":"SearchAction","target":{"@type":"EntryPoint","urlTemplate":"https:\/\/www.galeriedurst.com\/en\/?s={search_term_string}"},"query-input":{"@type":"PropertyValueSpecification","valueRequired":true,"valueName":"search_term_string"}}],"inLanguage":"en-US"},{"@type":"Organization","@id":"https:\/\/www.galeriedurst.com\/en\/#organization","name":"Galerie Durst","url":"https:\/\/www.galeriedurst.com\/en\/","logo":{"@type":"ImageObject","inLanguage":"en-US","@id":"https:\/\/www.galeriedurst.com\/en\/#\/schema\/logo\/image\/","url":"https:\/\/www.galeriedurst.com\/\/content\/uploads\/2021\/10\/GalerieDurst_Logo.svg","contentUrl":"https:\/\/www.galeriedurst.com\/\/content\/uploads\/2021\/10\/GalerieDurst_Logo.svg","width":1,"height":1,"caption":"Galerie Durst"},"image":{"@id":"https:\/\/www.galeriedurst.com\/en\/#\/schema\/logo\/image\/"}}]}},"_links":{"self":[{"href":"https:\/\/www.galeriedurst.com\/en\/wp-json\/wp\/v2\/product\/17775","targetHints":{"allow":["GET"]}}],"collection":[{"href":"https:\/\/www.galeriedurst.com\/en\/wp-json\/wp\/v2\/product"}],"about":[{"href":"https:\/\/www.galeriedurst.com\/en\/wp-json\/wp\/v2\/types\/product"}],"replies":[{"embeddable":true,"href":"https:\/\/www.galeriedurst.com\/en\/wp-json\/wp\/v2\/comments?post=17775"}],"wp:featuredmedia":[{"embeddable":true,"href":"https:\/\/www.galeriedurst.com\/en\/wp-json\/wp\/v2\/media\/17776"}],"wp:attachment":[{"href":"https:\/\/www.galeriedurst.com\/en\/wp-json\/wp\/v2\/media?parent=17775"}],"wp:term":[{"taxonomy":"product_brand","embeddable":true,"href":"https:\/\/www.galeriedurst.com\/en\/wp-json\/wp\/v2\/product_brand?post=17775"},{"taxonomy":"product_cat","embeddable":true,"href":"https:\/\/www.galeriedurst.com\/en\/wp-json\/wp\/v2\/product_cat?post=17775"},{"taxonomy":"product_tag","embeddable":true,"href":"https:\/\/www.galeriedurst.com\/en\/wp-json\/wp\/v2\/product_tag?post=17775"}],"curies":[{"name":"wp","href":"https:\/\/api.w.org\/{rel}","templated":true}]}}