{"id":18043,"date":"2021-12-24T16:21:47","date_gmt":"2021-12-24T15:21:47","guid":{"rendered":"https:\/\/www.galeriedurst.com\/oeuvre\/into-the-depth-n1\/"},"modified":"2026-01-29T16:41:58","modified_gmt":"2026-01-29T15:41:58","slug":"into-the-depth-n1","status":"publish","type":"product","link":"https:\/\/www.galeriedurst.com\/en\/oeuvre\/into-the-depth-n1\/","title":{"rendered":"Into the Depth n\u00b01"},"content":{"rendered":"<p>From the \u201cInto the Depth\u201d Collection<br \/>\nWall sculpture<br \/>\nBlack stucco and engraved white gold<br \/>\n30 cm in diameter<br \/>\nUnique, signed artwork<\/p>\n<p>&nbsp;<\/p>\n<p><strong data-start=\"268\" data-end=\"391\">Anne Lopez shapes materials with rare precision, blending sculpture, stucco, and sheets of gold, silver, or platinum.<\/strong> Her meticulous gestures bring to life forms inspired by the movement of the wind, creating a subtle balance between dreamlike lightness and tangible strength. Each work invites contemplation of a universe that is both poetic and profoundly crafted. <\/p>\n<p>&nbsp;<\/p>\n<p>&nbsp;<\/p>\n<p data-start=\"299\" data-end=\"347\">This artwork is on view at Galerie Durst, Paris.<\/p>\n<p data-start=\"349\" data-end=\"436\" data-is-last-node=\"\" data-is-only-node=\"\">Contact us at <a href=\"mailto:bonjour@galeriedurst.com\"><strong data-start=\"366\" data-end=\"394\">bonjour@galeriedurst.com<\/strong><\/a> for more information about this artwork<\/p>\n","protected":false},"excerpt":{"rendered":"<p>From the \u201cInto the Depth\u201d Collection Wall sculpture Black stucco and engraved white gold 30 cm in diameter Unique, signed artwork &nbsp; Anne Lopez shapes materials with rare precision, blending sculpture, stucco, and sheets of gold, silver, or platinum. Her meticulous gestures bring to life forms inspired by the movement of the wind, creating a [&hellip;]<\/p>\n","protected":false},"featured_media":4461,"comment_status":"open","ping_status":"closed","template":"","meta":{"_acf_changed":false},"product_brand":[],"product_cat":[562],"product_tag":[],"class_list":{"0":"post-18043","1":"product","2":"type-product","3":"status-publish","4":"has-post-thumbnail","6":"product_cat-anne-lopez-en","8":"first","9":"instock","10":"taxable","11":"shipping-taxable","12":"purchasable","13":"product-type-simple"},"acf":[],"yoast_head":"<!-- This site is optimized with the Yoast SEO plugin v27.1.1 - https:\/\/yoast.com\/product\/yoast-seo-wordpress\/ -->\n<title>Into the Depth n\u00b01 - Galerie Durst<\/title>\n<meta name=\"description\" content=\"La nouvelle oeuvre &quot;Into the Depth n\u00b01&quot; d\u2019Anne Lopez capte la lumi\u00e8re \u00e0 travers un relief d\u00e9licat, entre \u00e9pure et sensibilit\u00e9 tactile.\" \/>\n<meta name=\"robots\" content=\"index, follow, max-snippet:-1, max-image-preview:large, max-video-preview:-1\" \/>\n<link rel=\"canonical\" href=\"https:\/\/www.galeriedurst.com\/en\/oeuvre\/into-the-depth-n1\/\" \/>\n<meta property=\"og:locale\" content=\"en_US\" \/>\n<meta property=\"og:type\" content=\"article\" \/>\n<meta property=\"og:title\" content=\"Into the Depth n\u00b01 - Galerie Durst\" \/>\n<meta property=\"og:description\" content=\"La nouvelle oeuvre &quot;Into the Depth n\u00b01&quot; d\u2019Anne Lopez capte la lumi\u00e8re \u00e0 travers un relief d\u00e9licat, entre \u00e9pure et sensibilit\u00e9 tactile.\" \/>\n<meta property=\"og:url\" content=\"https:\/\/www.galeriedurst.com\/en\/oeuvre\/into-the-depth-n1\/\" \/>\n<meta property=\"og:site_name\" content=\"Galerie Durst\" \/>\n<meta property=\"article:modified_time\" content=\"2026-01-29T15:41:58+00:00\" \/>\n<meta property=\"og:image\" content=\"https:\/\/www.galeriedurst.com\/\/content\/uploads\/2021\/12\/Anne-Lopez-into-the-deepth-miniature-noir-30-cm.jpg\" \/>\n\t<meta property=\"og:image:width\" content=\"1080\" \/>\n\t<meta property=\"og:image:height\" content=\"1120\" \/>\n\t<meta property=\"og:image:type\" content=\"image\/jpeg\" \/>\n<meta name=\"twitter:card\" content=\"summary_large_image\" \/>\n<meta name=\"twitter:label1\" content=\"Est. reading time\" \/>\n\t<meta name=\"twitter:data1\" content=\"1 minute\" \/>\n<script type=\"application\/ld+json\" class=\"yoast-schema-graph\">{\"@context\":\"https:\/\/schema.org\",\"@graph\":[{\"@type\":\"WebPage\",\"@id\":\"https:\/\/www.galeriedurst.com\/en\/oeuvre\/into-the-depth-n1\/\",\"url\":\"https:\/\/www.galeriedurst.com\/en\/oeuvre\/into-the-depth-n1\/\",\"name\":\"Into the Depth n\u00b01 - Galerie Durst\",\"isPartOf\":{\"@id\":\"https:\/\/www.galeriedurst.com\/en\/#website\"},\"primaryImageOfPage\":{\"@id\":\"https:\/\/www.galeriedurst.com\/en\/oeuvre\/into-the-depth-n1\/#primaryimage\"},\"image\":{\"@id\":\"https:\/\/www.galeriedurst.com\/en\/oeuvre\/into-the-depth-n1\/#primaryimage\"},\"thumbnailUrl\":\"https:\/\/www.galeriedurst.com\/\/content\/uploads\/2021\/12\/Anne-Lopez-into-the-deepth-miniature-noir-30-cm.jpg\",\"datePublished\":\"2021-12-24T15:21:47+00:00\",\"dateModified\":\"2026-01-29T15:41:58+00:00\",\"description\":\"La nouvelle oeuvre \\\"Into the Depth n\u00b01\\\" d\u2019Anne Lopez capte la lumi\u00e8re \u00e0 travers un relief d\u00e9licat, entre \u00e9pure et sensibilit\u00e9 tactile.\",\"breadcrumb\":{\"@id\":\"https:\/\/www.galeriedurst.com\/en\/oeuvre\/into-the-depth-n1\/#breadcrumb\"},\"inLanguage\":\"en-US\",\"potentialAction\":[{\"@type\":\"ReadAction\",\"target\":[\"https:\/\/www.galeriedurst.com\/en\/oeuvre\/into-the-depth-n1\/\"]}]},{\"@type\":\"ImageObject\",\"inLanguage\":\"en-US\",\"@id\":\"https:\/\/www.galeriedurst.com\/en\/oeuvre\/into-the-depth-n1\/#primaryimage\",\"url\":\"https:\/\/www.galeriedurst.com\/\/content\/uploads\/2021\/12\/Anne-Lopez-into-the-deepth-miniature-noir-30-cm.jpg\",\"contentUrl\":\"https:\/\/www.galeriedurst.com\/\/content\/uploads\/2021\/12\/Anne-Lopez-into-the-deepth-miniature-noir-30-cm.jpg\",\"width\":1080,\"height\":1120},{\"@type\":\"BreadcrumbList\",\"@id\":\"https:\/\/www.galeriedurst.com\/en\/oeuvre\/into-the-depth-n1\/#breadcrumb\",\"itemListElement\":[{\"@type\":\"ListItem\",\"position\":1,\"name\":\"Home\",\"item\":\"https:\/\/www.galeriedurst.com\/en\/homepage\/\"},{\"@type\":\"ListItem\",\"position\":2,\"name\":\"Artworks\",\"item\":\"https:\/\/www.galeriedurst.com\/en\/artworks\/\"},{\"@type\":\"ListItem\",\"position\":3,\"name\":\"Into the Depth n\u00b01\"}]},{\"@type\":\"WebSite\",\"@id\":\"https:\/\/www.galeriedurst.com\/en\/#website\",\"url\":\"https:\/\/www.galeriedurst.com\/en\/\",\"name\":\"Galerie Durst\",\"description\":\"Paris contemporary art gallery & art consultancy\",\"publisher\":{\"@id\":\"https:\/\/www.galeriedurst.com\/en\/#organization\"},\"potentialAction\":[{\"@type\":\"SearchAction\",\"target\":{\"@type\":\"EntryPoint\",\"urlTemplate\":\"https:\/\/www.galeriedurst.com\/en\/?s={search_term_string}\"},\"query-input\":{\"@type\":\"PropertyValueSpecification\",\"valueRequired\":true,\"valueName\":\"search_term_string\"}}],\"inLanguage\":\"en-US\"},{\"@type\":\"Organization\",\"@id\":\"https:\/\/www.galeriedurst.com\/en\/#organization\",\"name\":\"Galerie Durst\",\"url\":\"https:\/\/www.galeriedurst.com\/en\/\",\"logo\":{\"@type\":\"ImageObject\",\"inLanguage\":\"en-US\",\"@id\":\"https:\/\/www.galeriedurst.com\/en\/#\/schema\/logo\/image\/\",\"url\":\"https:\/\/www.galeriedurst.com\/\/content\/uploads\/2021\/10\/GalerieDurst_Logo.svg\",\"contentUrl\":\"https:\/\/www.galeriedurst.com\/\/content\/uploads\/2021\/10\/GalerieDurst_Logo.svg\",\"width\":1,\"height\":1,\"caption\":\"Galerie Durst\"},\"image\":{\"@id\":\"https:\/\/www.galeriedurst.com\/en\/#\/schema\/logo\/image\/\"}}]}<\/script>\n<!-- \/ Yoast SEO plugin. -->","yoast_head_json":{"title":"Into the Depth n\u00b01 - Galerie Durst","description":"La nouvelle oeuvre \"Into the Depth n\u00b01\" d\u2019Anne Lopez capte la lumi\u00e8re \u00e0 travers un relief d\u00e9licat, entre \u00e9pure et sensibilit\u00e9 tactile.","robots":{"index":"index","follow":"follow","max-snippet":"max-snippet:-1","max-image-preview":"max-image-preview:large","max-video-preview":"max-video-preview:-1"},"canonical":"https:\/\/www.galeriedurst.com\/en\/oeuvre\/into-the-depth-n1\/","og_locale":"en_US","og_type":"article","og_title":"Into the Depth n\u00b01 - Galerie Durst","og_description":"La nouvelle oeuvre \"Into the Depth n\u00b01\" d\u2019Anne Lopez capte la lumi\u00e8re \u00e0 travers un relief d\u00e9licat, entre \u00e9pure et sensibilit\u00e9 tactile.","og_url":"https:\/\/www.galeriedurst.com\/en\/oeuvre\/into-the-depth-n1\/","og_site_name":"Galerie Durst","article_modified_time":"2026-01-29T15:41:58+00:00","og_image":[{"width":1080,"height":1120,"url":"https:\/\/www.galeriedurst.com\/\/content\/uploads\/2021\/12\/Anne-Lopez-into-the-deepth-miniature-noir-30-cm.jpg","type":"image\/jpeg"}],"twitter_card":"summary_large_image","twitter_misc":{"Est. reading time":"1 minute"},"schema":{"@context":"https:\/\/schema.org","@graph":[{"@type":"WebPage","@id":"https:\/\/www.galeriedurst.com\/en\/oeuvre\/into-the-depth-n1\/","url":"https:\/\/www.galeriedurst.com\/en\/oeuvre\/into-the-depth-n1\/","name":"Into the Depth n\u00b01 - Galerie Durst","isPartOf":{"@id":"https:\/\/www.galeriedurst.com\/en\/#website"},"primaryImageOfPage":{"@id":"https:\/\/www.galeriedurst.com\/en\/oeuvre\/into-the-depth-n1\/#primaryimage"},"image":{"@id":"https:\/\/www.galeriedurst.com\/en\/oeuvre\/into-the-depth-n1\/#primaryimage"},"thumbnailUrl":"https:\/\/www.galeriedurst.com\/\/content\/uploads\/2021\/12\/Anne-Lopez-into-the-deepth-miniature-noir-30-cm.jpg","datePublished":"2021-12-24T15:21:47+00:00","dateModified":"2026-01-29T15:41:58+00:00","description":"La nouvelle oeuvre \"Into the Depth n\u00b01\" d\u2019Anne Lopez capte la lumi\u00e8re \u00e0 travers un relief d\u00e9licat, entre \u00e9pure et sensibilit\u00e9 tactile.","breadcrumb":{"@id":"https:\/\/www.galeriedurst.com\/en\/oeuvre\/into-the-depth-n1\/#breadcrumb"},"inLanguage":"en-US","potentialAction":[{"@type":"ReadAction","target":["https:\/\/www.galeriedurst.com\/en\/oeuvre\/into-the-depth-n1\/"]}]},{"@type":"ImageObject","inLanguage":"en-US","@id":"https:\/\/www.galeriedurst.com\/en\/oeuvre\/into-the-depth-n1\/#primaryimage","url":"https:\/\/www.galeriedurst.com\/\/content\/uploads\/2021\/12\/Anne-Lopez-into-the-deepth-miniature-noir-30-cm.jpg","contentUrl":"https:\/\/www.galeriedurst.com\/\/content\/uploads\/2021\/12\/Anne-Lopez-into-the-deepth-miniature-noir-30-cm.jpg","width":1080,"height":1120},{"@type":"BreadcrumbList","@id":"https:\/\/www.galeriedurst.com\/en\/oeuvre\/into-the-depth-n1\/#breadcrumb","itemListElement":[{"@type":"ListItem","position":1,"name":"Home","item":"https:\/\/www.galeriedurst.com\/en\/homepage\/"},{"@type":"ListItem","position":2,"name":"Artworks","item":"https:\/\/www.galeriedurst.com\/en\/artworks\/"},{"@type":"ListItem","position":3,"name":"Into the Depth n\u00b01"}]},{"@type":"WebSite","@id":"https:\/\/www.galeriedurst.com\/en\/#website","url":"https:\/\/www.galeriedurst.com\/en\/","name":"Galerie Durst","description":"Paris contemporary art gallery & art consultancy","publisher":{"@id":"https:\/\/www.galeriedurst.com\/en\/#organization"},"potentialAction":[{"@type":"SearchAction","target":{"@type":"EntryPoint","urlTemplate":"https:\/\/www.galeriedurst.com\/en\/?s={search_term_string}"},"query-input":{"@type":"PropertyValueSpecification","valueRequired":true,"valueName":"search_term_string"}}],"inLanguage":"en-US"},{"@type":"Organization","@id":"https:\/\/www.galeriedurst.com\/en\/#organization","name":"Galerie Durst","url":"https:\/\/www.galeriedurst.com\/en\/","logo":{"@type":"ImageObject","inLanguage":"en-US","@id":"https:\/\/www.galeriedurst.com\/en\/#\/schema\/logo\/image\/","url":"https:\/\/www.galeriedurst.com\/\/content\/uploads\/2021\/10\/GalerieDurst_Logo.svg","contentUrl":"https:\/\/www.galeriedurst.com\/\/content\/uploads\/2021\/10\/GalerieDurst_Logo.svg","width":1,"height":1,"caption":"Galerie Durst"},"image":{"@id":"https:\/\/www.galeriedurst.com\/en\/#\/schema\/logo\/image\/"}}]}},"_links":{"self":[{"href":"https:\/\/www.galeriedurst.com\/en\/wp-json\/wp\/v2\/product\/18043","targetHints":{"allow":["GET"]}}],"collection":[{"href":"https:\/\/www.galeriedurst.com\/en\/wp-json\/wp\/v2\/product"}],"about":[{"href":"https:\/\/www.galeriedurst.com\/en\/wp-json\/wp\/v2\/types\/product"}],"replies":[{"embeddable":true,"href":"https:\/\/www.galeriedurst.com\/en\/wp-json\/wp\/v2\/comments?post=18043"}],"wp:featuredmedia":[{"embeddable":true,"href":"https:\/\/www.galeriedurst.com\/en\/wp-json\/wp\/v2\/media\/4461"}],"wp:attachment":[{"href":"https:\/\/www.galeriedurst.com\/en\/wp-json\/wp\/v2\/media?parent=18043"}],"wp:term":[{"taxonomy":"product_brand","embeddable":true,"href":"https:\/\/www.galeriedurst.com\/en\/wp-json\/wp\/v2\/product_brand?post=18043"},{"taxonomy":"product_cat","embeddable":true,"href":"https:\/\/www.galeriedurst.com\/en\/wp-json\/wp\/v2\/product_cat?post=18043"},{"taxonomy":"product_tag","embeddable":true,"href":"https:\/\/www.galeriedurst.com\/en\/wp-json\/wp\/v2\/product_tag?post=18043"}],"curies":[{"name":"wp","href":"https:\/\/api.w.org\/{rel}","templated":true}]}}