{"id":18065,"date":"2022-12-14T16:12:16","date_gmt":"2022-12-14T15:12:16","guid":{"rendered":"https:\/\/www.galeriedurst.com\/oeuvre\/sans-titre-n25-valerie-poli\/"},"modified":"2026-01-28T12:56:12","modified_gmt":"2026-01-28T11:56:12","slug":"sans-titre-n25-valerie-poli","status":"publish","type":"product","link":"https:\/\/www.galeriedurst.com\/en\/oeuvre\/sans-titre-n25-valerie-poli\/","title":{"rendered":"Sans titre n\u00b025"},"content":{"rendered":"<p>Oil painting with aluminium leaf on canvas with mount<br \/>\nImage: 11 \u00d7 11 cm<br \/>\nWith mount: 20 \u00d7 20 cm<br \/>\nUnique, signed work<\/p>\n<p>&nbsp;<\/p>\n<p>Val\u00e9rie Poli\u2019s works reveal sensitive landscapes where pigments, quartz and sand are layered to create vibrant atmospheres. Dominated by deep blues, her canvases oscillate between calm and intensity, allowing the material, light and gesture to compose horizons where water and sky seem to meet. <\/p>\n<p>&nbsp;<\/p>\n<p data-start=\"299\" data-end=\"347\">This artwork is on view at Galerie Durst, Paris<\/p>\n<p data-start=\"349\" data-end=\"436\" data-is-last-node=\"\" data-is-only-node=\"\">Contact us at <a href=\"mailto:bonjour@galeriedurst.com\"><strong data-start=\"366\" data-end=\"394\">bonjour@galeriedurst.com<\/strong><\/a> for more information about this artwork.<\/p>\n","protected":false},"excerpt":{"rendered":"<p>Oil painting with aluminium leaf on canvas with mount Image: 11 \u00d7 11 cm With mount: 20 \u00d7 20 cm Unique, signed work &nbsp; Val\u00e9rie Poli\u2019s works reveal sensitive landscapes where pigments, quartz and sand are layered to create vibrant atmospheres. Dominated by deep blues, her canvases oscillate between calm and intensity, allowing the material, [&hellip;]<\/p>\n","protected":false},"featured_media":18066,"comment_status":"open","ping_status":"closed","template":"","meta":{"_acf_changed":false},"product_brand":[],"product_cat":[597],"product_tag":[],"class_list":{"0":"post-18065","1":"product","2":"type-product","3":"status-publish","4":"has-post-thumbnail","6":"product_cat-valerie-poli-en","8":"first","9":"instock","10":"taxable","11":"shipping-taxable","12":"purchasable","13":"product-type-simple"},"acf":[],"yoast_head":"<!-- This site is optimized with the Yoast SEO plugin v27.1.1 - https:\/\/yoast.com\/product\/yoast-seo-wordpress\/ -->\n<title>Sans titre n\u00b025 - Val\u00e9rie Poli - Galerie Durst<\/title>\n<meta name=\"description\" content=\"Discover at the Galerie Durst the new artwork, Sans titre n\u00b025 by Val\u00e9rie Poli, an abstract and poetic painting on canvas.\" \/>\n<meta name=\"robots\" content=\"index, follow, max-snippet:-1, max-image-preview:large, max-video-preview:-1\" \/>\n<link rel=\"canonical\" href=\"https:\/\/www.galeriedurst.com\/en\/oeuvre\/sans-titre-n25-valerie-poli\/\" \/>\n<meta property=\"og:locale\" content=\"en_US\" \/>\n<meta property=\"og:type\" content=\"article\" \/>\n<meta property=\"og:title\" content=\"Sans titre n\u00b025 - Val\u00e9rie Poli - Galerie Durst\" \/>\n<meta property=\"og:description\" content=\"Discover at the Galerie Durst the new artwork, Sans titre n\u00b025 by Val\u00e9rie Poli, an abstract and poetic painting on canvas.\" \/>\n<meta property=\"og:url\" content=\"https:\/\/www.galeriedurst.com\/en\/oeuvre\/sans-titre-n25-valerie-poli\/\" \/>\n<meta property=\"og:site_name\" content=\"Galerie Durst\" \/>\n<meta property=\"article:modified_time\" content=\"2026-01-28T11:56:12+00:00\" \/>\n<meta property=\"og:image\" content=\"https:\/\/www.galeriedurst.com\/\/content\/uploads\/2022\/12\/Valerie-Poli-Sans-titre-n\u00b025-20-x-20-11-x-11-1-1.jpg\" \/>\n\t<meta property=\"og:image:width\" content=\"1080\" \/>\n\t<meta property=\"og:image:height\" content=\"1080\" \/>\n\t<meta property=\"og:image:type\" content=\"image\/jpeg\" \/>\n<meta name=\"twitter:card\" content=\"summary_large_image\" \/>\n<meta name=\"twitter:label1\" content=\"Est. reading time\" \/>\n\t<meta name=\"twitter:data1\" content=\"1 minute\" \/>\n<script type=\"application\/ld+json\" class=\"yoast-schema-graph\">{\"@context\":\"https:\/\/schema.org\",\"@graph\":[{\"@type\":\"WebPage\",\"@id\":\"https:\/\/www.galeriedurst.com\/en\/oeuvre\/sans-titre-n25-valerie-poli\/\",\"url\":\"https:\/\/www.galeriedurst.com\/en\/oeuvre\/sans-titre-n25-valerie-poli\/\",\"name\":\"Sans titre n\u00b025 - Val\u00e9rie Poli - Galerie Durst\",\"isPartOf\":{\"@id\":\"https:\/\/www.galeriedurst.com\/en\/#website\"},\"primaryImageOfPage\":{\"@id\":\"https:\/\/www.galeriedurst.com\/en\/oeuvre\/sans-titre-n25-valerie-poli\/#primaryimage\"},\"image\":{\"@id\":\"https:\/\/www.galeriedurst.com\/en\/oeuvre\/sans-titre-n25-valerie-poli\/#primaryimage\"},\"thumbnailUrl\":\"https:\/\/www.galeriedurst.com\/\/content\/uploads\/2022\/12\/Valerie-Poli-Sans-titre-n\u00b025-20-x-20-11-x-11-1-1.jpg\",\"datePublished\":\"2022-12-14T15:12:16+00:00\",\"dateModified\":\"2026-01-28T11:56:12+00:00\",\"description\":\"Discover at the Galerie Durst the new artwork, Sans titre n\u00b025 by Val\u00e9rie Poli, an abstract and poetic painting on canvas.\",\"breadcrumb\":{\"@id\":\"https:\/\/www.galeriedurst.com\/en\/oeuvre\/sans-titre-n25-valerie-poli\/#breadcrumb\"},\"inLanguage\":\"en-US\",\"potentialAction\":[{\"@type\":\"ReadAction\",\"target\":[\"https:\/\/www.galeriedurst.com\/en\/oeuvre\/sans-titre-n25-valerie-poli\/\"]}]},{\"@type\":\"ImageObject\",\"inLanguage\":\"en-US\",\"@id\":\"https:\/\/www.galeriedurst.com\/en\/oeuvre\/sans-titre-n25-valerie-poli\/#primaryimage\",\"url\":\"https:\/\/www.galeriedurst.com\/\/content\/uploads\/2022\/12\/Valerie-Poli-Sans-titre-n\u00b025-20-x-20-11-x-11-1-1.jpg\",\"contentUrl\":\"https:\/\/www.galeriedurst.com\/\/content\/uploads\/2022\/12\/Valerie-Poli-Sans-titre-n\u00b025-20-x-20-11-x-11-1-1.jpg\",\"width\":1080,\"height\":1080,\"caption\":\"Val\u00e9rie Poli - Sans titre n\u00b025 - 20 x 20 - 11 x 11 -1\"},{\"@type\":\"BreadcrumbList\",\"@id\":\"https:\/\/www.galeriedurst.com\/en\/oeuvre\/sans-titre-n25-valerie-poli\/#breadcrumb\",\"itemListElement\":[{\"@type\":\"ListItem\",\"position\":1,\"name\":\"Home\",\"item\":\"https:\/\/www.galeriedurst.com\/en\/homepage\/\"},{\"@type\":\"ListItem\",\"position\":2,\"name\":\"Artworks\",\"item\":\"https:\/\/www.galeriedurst.com\/en\/artworks\/\"},{\"@type\":\"ListItem\",\"position\":3,\"name\":\"Sans titre n\u00b025\"}]},{\"@type\":\"WebSite\",\"@id\":\"https:\/\/www.galeriedurst.com\/en\/#website\",\"url\":\"https:\/\/www.galeriedurst.com\/en\/\",\"name\":\"Galerie Durst\",\"description\":\"Paris contemporary art gallery & art consultancy\",\"publisher\":{\"@id\":\"https:\/\/www.galeriedurst.com\/en\/#organization\"},\"potentialAction\":[{\"@type\":\"SearchAction\",\"target\":{\"@type\":\"EntryPoint\",\"urlTemplate\":\"https:\/\/www.galeriedurst.com\/en\/?s={search_term_string}\"},\"query-input\":{\"@type\":\"PropertyValueSpecification\",\"valueRequired\":true,\"valueName\":\"search_term_string\"}}],\"inLanguage\":\"en-US\"},{\"@type\":\"Organization\",\"@id\":\"https:\/\/www.galeriedurst.com\/en\/#organization\",\"name\":\"Galerie Durst\",\"url\":\"https:\/\/www.galeriedurst.com\/en\/\",\"logo\":{\"@type\":\"ImageObject\",\"inLanguage\":\"en-US\",\"@id\":\"https:\/\/www.galeriedurst.com\/en\/#\/schema\/logo\/image\/\",\"url\":\"https:\/\/www.galeriedurst.com\/\/content\/uploads\/2021\/10\/GalerieDurst_Logo.svg\",\"contentUrl\":\"https:\/\/www.galeriedurst.com\/\/content\/uploads\/2021\/10\/GalerieDurst_Logo.svg\",\"width\":1,\"height\":1,\"caption\":\"Galerie Durst\"},\"image\":{\"@id\":\"https:\/\/www.galeriedurst.com\/en\/#\/schema\/logo\/image\/\"}}]}<\/script>\n<!-- \/ Yoast SEO plugin. -->","yoast_head_json":{"title":"Sans titre n\u00b025 - Val\u00e9rie Poli - Galerie Durst","description":"Discover at the Galerie Durst the new artwork, Sans titre n\u00b025 by Val\u00e9rie Poli, an abstract and poetic painting on canvas.","robots":{"index":"index","follow":"follow","max-snippet":"max-snippet:-1","max-image-preview":"max-image-preview:large","max-video-preview":"max-video-preview:-1"},"canonical":"https:\/\/www.galeriedurst.com\/en\/oeuvre\/sans-titre-n25-valerie-poli\/","og_locale":"en_US","og_type":"article","og_title":"Sans titre n\u00b025 - Val\u00e9rie Poli - Galerie Durst","og_description":"Discover at the Galerie Durst the new artwork, Sans titre n\u00b025 by Val\u00e9rie Poli, an abstract and poetic painting on canvas.","og_url":"https:\/\/www.galeriedurst.com\/en\/oeuvre\/sans-titre-n25-valerie-poli\/","og_site_name":"Galerie Durst","article_modified_time":"2026-01-28T11:56:12+00:00","og_image":[{"width":1080,"height":1080,"url":"https:\/\/www.galeriedurst.com\/\/content\/uploads\/2022\/12\/Valerie-Poli-Sans-titre-n\u00b025-20-x-20-11-x-11-1-1.jpg","type":"image\/jpeg"}],"twitter_card":"summary_large_image","twitter_misc":{"Est. reading time":"1 minute"},"schema":{"@context":"https:\/\/schema.org","@graph":[{"@type":"WebPage","@id":"https:\/\/www.galeriedurst.com\/en\/oeuvre\/sans-titre-n25-valerie-poli\/","url":"https:\/\/www.galeriedurst.com\/en\/oeuvre\/sans-titre-n25-valerie-poli\/","name":"Sans titre n\u00b025 - Val\u00e9rie Poli - Galerie Durst","isPartOf":{"@id":"https:\/\/www.galeriedurst.com\/en\/#website"},"primaryImageOfPage":{"@id":"https:\/\/www.galeriedurst.com\/en\/oeuvre\/sans-titre-n25-valerie-poli\/#primaryimage"},"image":{"@id":"https:\/\/www.galeriedurst.com\/en\/oeuvre\/sans-titre-n25-valerie-poli\/#primaryimage"},"thumbnailUrl":"https:\/\/www.galeriedurst.com\/\/content\/uploads\/2022\/12\/Valerie-Poli-Sans-titre-n\u00b025-20-x-20-11-x-11-1-1.jpg","datePublished":"2022-12-14T15:12:16+00:00","dateModified":"2026-01-28T11:56:12+00:00","description":"Discover at the Galerie Durst the new artwork, Sans titre n\u00b025 by Val\u00e9rie Poli, an abstract and poetic painting on canvas.","breadcrumb":{"@id":"https:\/\/www.galeriedurst.com\/en\/oeuvre\/sans-titre-n25-valerie-poli\/#breadcrumb"},"inLanguage":"en-US","potentialAction":[{"@type":"ReadAction","target":["https:\/\/www.galeriedurst.com\/en\/oeuvre\/sans-titre-n25-valerie-poli\/"]}]},{"@type":"ImageObject","inLanguage":"en-US","@id":"https:\/\/www.galeriedurst.com\/en\/oeuvre\/sans-titre-n25-valerie-poli\/#primaryimage","url":"https:\/\/www.galeriedurst.com\/\/content\/uploads\/2022\/12\/Valerie-Poli-Sans-titre-n\u00b025-20-x-20-11-x-11-1-1.jpg","contentUrl":"https:\/\/www.galeriedurst.com\/\/content\/uploads\/2022\/12\/Valerie-Poli-Sans-titre-n\u00b025-20-x-20-11-x-11-1-1.jpg","width":1080,"height":1080,"caption":"Val\u00e9rie Poli - Sans titre n\u00b025 - 20 x 20 - 11 x 11 -1"},{"@type":"BreadcrumbList","@id":"https:\/\/www.galeriedurst.com\/en\/oeuvre\/sans-titre-n25-valerie-poli\/#breadcrumb","itemListElement":[{"@type":"ListItem","position":1,"name":"Home","item":"https:\/\/www.galeriedurst.com\/en\/homepage\/"},{"@type":"ListItem","position":2,"name":"Artworks","item":"https:\/\/www.galeriedurst.com\/en\/artworks\/"},{"@type":"ListItem","position":3,"name":"Sans titre n\u00b025"}]},{"@type":"WebSite","@id":"https:\/\/www.galeriedurst.com\/en\/#website","url":"https:\/\/www.galeriedurst.com\/en\/","name":"Galerie Durst","description":"Paris contemporary art gallery & art consultancy","publisher":{"@id":"https:\/\/www.galeriedurst.com\/en\/#organization"},"potentialAction":[{"@type":"SearchAction","target":{"@type":"EntryPoint","urlTemplate":"https:\/\/www.galeriedurst.com\/en\/?s={search_term_string}"},"query-input":{"@type":"PropertyValueSpecification","valueRequired":true,"valueName":"search_term_string"}}],"inLanguage":"en-US"},{"@type":"Organization","@id":"https:\/\/www.galeriedurst.com\/en\/#organization","name":"Galerie Durst","url":"https:\/\/www.galeriedurst.com\/en\/","logo":{"@type":"ImageObject","inLanguage":"en-US","@id":"https:\/\/www.galeriedurst.com\/en\/#\/schema\/logo\/image\/","url":"https:\/\/www.galeriedurst.com\/\/content\/uploads\/2021\/10\/GalerieDurst_Logo.svg","contentUrl":"https:\/\/www.galeriedurst.com\/\/content\/uploads\/2021\/10\/GalerieDurst_Logo.svg","width":1,"height":1,"caption":"Galerie Durst"},"image":{"@id":"https:\/\/www.galeriedurst.com\/en\/#\/schema\/logo\/image\/"}}]}},"_links":{"self":[{"href":"https:\/\/www.galeriedurst.com\/en\/wp-json\/wp\/v2\/product\/18065","targetHints":{"allow":["GET"]}}],"collection":[{"href":"https:\/\/www.galeriedurst.com\/en\/wp-json\/wp\/v2\/product"}],"about":[{"href":"https:\/\/www.galeriedurst.com\/en\/wp-json\/wp\/v2\/types\/product"}],"replies":[{"embeddable":true,"href":"https:\/\/www.galeriedurst.com\/en\/wp-json\/wp\/v2\/comments?post=18065"}],"wp:featuredmedia":[{"embeddable":true,"href":"https:\/\/www.galeriedurst.com\/en\/wp-json\/wp\/v2\/media\/18066"}],"wp:attachment":[{"href":"https:\/\/www.galeriedurst.com\/en\/wp-json\/wp\/v2\/media?parent=18065"}],"wp:term":[{"taxonomy":"product_brand","embeddable":true,"href":"https:\/\/www.galeriedurst.com\/en\/wp-json\/wp\/v2\/product_brand?post=18065"},{"taxonomy":"product_cat","embeddable":true,"href":"https:\/\/www.galeriedurst.com\/en\/wp-json\/wp\/v2\/product_cat?post=18065"},{"taxonomy":"product_tag","embeddable":true,"href":"https:\/\/www.galeriedurst.com\/en\/wp-json\/wp\/v2\/product_tag?post=18065"}],"curies":[{"name":"wp","href":"https:\/\/api.w.org\/{rel}","templated":true}]}}