{"id":18097,"date":"2022-01-19T16:36:11","date_gmt":"2022-01-19T15:36:11","guid":{"rendered":"https:\/\/www.galeriedurst.com\/oeuvre\/calicots-blanc-oeuvre-rene-galassi\/"},"modified":"2026-01-20T18:29:05","modified_gmt":"2026-01-20T17:29:05","slug":"calicots-blanc-oeuvre-rene-galassi","status":"publish","type":"product","link":"https:\/\/www.galeriedurst.com\/en\/oeuvre\/calicots-blanc-oeuvre-rene-galassi\/","title":{"rendered":"Calicots blanc n\u00b016 E24"},"content":{"rendered":"<p>Chiffon paper and pigment on wood in three dimensions<br data-start=\"53\" data-end=\"56\" \/>Painted wooden frame<br data-start=\"76\" data-end=\"79\" \/>140 \u00d7 110 cm<\/p>\n<p>&nbsp;<\/p>\n<p>Ren\u00e9 Galassi shapes engravings and wall sculptures by playing with clays, earths, and vivid colors. Inspired by mineral textures and the Mediterranean light, he creates dynamic abstract compositions, where every relief and material contributes to a constantly evolving and moving universe.<\/p>\n<p>&nbsp;<\/p>\n<p data-start=\"0\" data-end=\"50\">This artwork is on view at Galerie Durst, Paris.<\/p>\n<p data-start=\"52\" data-end=\"129\" data-is-last-node=\"\" data-is-only-node=\"\">For more information about this work, contact us at <a class=\"decorated-link cursor-pointer\" href=\"mailto:bonjour@galeriedurst.com\" rel=\"noopener\" data-start=\"104\" data-end=\"128\">bonjour@galeriedurst.com<\/a>.<\/p>\n","protected":false},"excerpt":{"rendered":"<p>Chiffon paper and pigment on wood in three dimensionsPainted wooden frame140 \u00d7 110 cm &nbsp; Ren\u00e9 Galassi shapes engravings and wall sculptures by playing with clays, earths, and vivid colors. Inspired by mineral textures and the Mediterranean light, he creates dynamic abstract compositions, where every relief and material contributes to a constantly evolving and moving [&hellip;]<\/p>\n","protected":false},"featured_media":7870,"comment_status":"open","ping_status":"closed","template":"","meta":{"_acf_changed":false},"product_brand":[],"product_cat":[595],"product_tag":[],"class_list":{"0":"post-18097","1":"product","2":"type-product","3":"status-publish","4":"has-post-thumbnail","6":"product_cat-rene-galassi-en","7":"product_shipping_class-carrier","9":"first","10":"instock","11":"taxable","12":"shipping-taxable","13":"purchasable","14":"product-type-simple"},"acf":[],"yoast_head":"<!-- This site is optimized with the Yoast SEO plugin v27.1.1 - https:\/\/yoast.com\/product\/yoast-seo-wordpress\/ -->\n<title>Calicots blanc - \u0152uvre de Ren\u00e9 Galassi - Galerie Durst<\/title>\n<meta name=\"description\" content=\"Discover at Galerie Durst the new artwork, Calicots blanc by Ren\u00e9 Galassi, chiffon paper and pigment on wood in three dimensions.\" \/>\n<meta name=\"robots\" content=\"index, follow, max-snippet:-1, max-image-preview:large, max-video-preview:-1\" \/>\n<link rel=\"canonical\" href=\"https:\/\/www.galeriedurst.com\/en\/oeuvre\/calicots-blanc-oeuvre-rene-galassi\/\" \/>\n<meta property=\"og:locale\" content=\"en_US\" \/>\n<meta property=\"og:type\" content=\"article\" \/>\n<meta property=\"og:title\" content=\"Calicots blanc - \u0152uvre de Ren\u00e9 Galassi - Galerie Durst\" \/>\n<meta property=\"og:description\" content=\"Discover at Galerie Durst the new artwork, Calicots blanc by Ren\u00e9 Galassi, chiffon paper and pigment on wood in three dimensions.\" \/>\n<meta property=\"og:url\" content=\"https:\/\/www.galeriedurst.com\/en\/oeuvre\/calicots-blanc-oeuvre-rene-galassi\/\" \/>\n<meta property=\"og:site_name\" content=\"Galerie Durst\" \/>\n<meta property=\"article:modified_time\" content=\"2026-01-20T17:29:05+00:00\" \/>\n<meta property=\"og:image\" content=\"https:\/\/www.galeriedurst.com\/\/content\/uploads\/2022\/01\/Calicots-blanc-n\u00b016-E24-140x110-1-1.jpg\" \/>\n\t<meta property=\"og:image:width\" content=\"842\" \/>\n\t<meta property=\"og:image:height\" content=\"1080\" \/>\n\t<meta property=\"og:image:type\" content=\"image\/jpeg\" \/>\n<meta name=\"twitter:card\" content=\"summary_large_image\" \/>\n<meta name=\"twitter:label1\" content=\"Est. reading time\" \/>\n\t<meta name=\"twitter:data1\" content=\"1 minute\" \/>\n<script type=\"application\/ld+json\" class=\"yoast-schema-graph\">{\"@context\":\"https:\/\/schema.org\",\"@graph\":[{\"@type\":\"WebPage\",\"@id\":\"https:\/\/www.galeriedurst.com\/en\/oeuvre\/calicots-blanc-oeuvre-rene-galassi\/\",\"url\":\"https:\/\/www.galeriedurst.com\/en\/oeuvre\/calicots-blanc-oeuvre-rene-galassi\/\",\"name\":\"Calicots blanc - \u0152uvre de Ren\u00e9 Galassi - Galerie Durst\",\"isPartOf\":{\"@id\":\"https:\/\/www.galeriedurst.com\/en\/#website\"},\"primaryImageOfPage\":{\"@id\":\"https:\/\/www.galeriedurst.com\/en\/oeuvre\/calicots-blanc-oeuvre-rene-galassi\/#primaryimage\"},\"image\":{\"@id\":\"https:\/\/www.galeriedurst.com\/en\/oeuvre\/calicots-blanc-oeuvre-rene-galassi\/#primaryimage\"},\"thumbnailUrl\":\"https:\/\/www.galeriedurst.com\/\/content\/uploads\/2022\/01\/Calicots-blanc-n\u00b016-E24-140x110-1-1.jpg\",\"datePublished\":\"2022-01-19T15:36:11+00:00\",\"dateModified\":\"2026-01-20T17:29:05+00:00\",\"description\":\"Discover at Galerie Durst the new artwork, Calicots blanc by Ren\u00e9 Galassi, chiffon paper and pigment on wood in three dimensions.\",\"breadcrumb\":{\"@id\":\"https:\/\/www.galeriedurst.com\/en\/oeuvre\/calicots-blanc-oeuvre-rene-galassi\/#breadcrumb\"},\"inLanguage\":\"en-US\",\"potentialAction\":[{\"@type\":\"ReadAction\",\"target\":[\"https:\/\/www.galeriedurst.com\/en\/oeuvre\/calicots-blanc-oeuvre-rene-galassi\/\"]}]},{\"@type\":\"ImageObject\",\"inLanguage\":\"en-US\",\"@id\":\"https:\/\/www.galeriedurst.com\/en\/oeuvre\/calicots-blanc-oeuvre-rene-galassi\/#primaryimage\",\"url\":\"https:\/\/www.galeriedurst.com\/\/content\/uploads\/2022\/01\/Calicots-blanc-n\u00b016-E24-140x110-1-1.jpg\",\"contentUrl\":\"https:\/\/www.galeriedurst.com\/\/content\/uploads\/2022\/01\/Calicots-blanc-n\u00b016-E24-140x110-1-1.jpg\",\"width\":842,\"height\":1080},{\"@type\":\"BreadcrumbList\",\"@id\":\"https:\/\/www.galeriedurst.com\/en\/oeuvre\/calicots-blanc-oeuvre-rene-galassi\/#breadcrumb\",\"itemListElement\":[{\"@type\":\"ListItem\",\"position\":1,\"name\":\"Home\",\"item\":\"https:\/\/www.galeriedurst.com\/en\/homepage\/\"},{\"@type\":\"ListItem\",\"position\":2,\"name\":\"Artworks\",\"item\":\"https:\/\/www.galeriedurst.com\/en\/artworks\/\"},{\"@type\":\"ListItem\",\"position\":3,\"name\":\"Calicots blanc n\u00b016 E24\"}]},{\"@type\":\"WebSite\",\"@id\":\"https:\/\/www.galeriedurst.com\/en\/#website\",\"url\":\"https:\/\/www.galeriedurst.com\/en\/\",\"name\":\"Galerie Durst\",\"description\":\"Paris contemporary art gallery & art consultancy\",\"publisher\":{\"@id\":\"https:\/\/www.galeriedurst.com\/en\/#organization\"},\"potentialAction\":[{\"@type\":\"SearchAction\",\"target\":{\"@type\":\"EntryPoint\",\"urlTemplate\":\"https:\/\/www.galeriedurst.com\/en\/?s={search_term_string}\"},\"query-input\":{\"@type\":\"PropertyValueSpecification\",\"valueRequired\":true,\"valueName\":\"search_term_string\"}}],\"inLanguage\":\"en-US\"},{\"@type\":\"Organization\",\"@id\":\"https:\/\/www.galeriedurst.com\/en\/#organization\",\"name\":\"Galerie Durst\",\"url\":\"https:\/\/www.galeriedurst.com\/en\/\",\"logo\":{\"@type\":\"ImageObject\",\"inLanguage\":\"en-US\",\"@id\":\"https:\/\/www.galeriedurst.com\/en\/#\/schema\/logo\/image\/\",\"url\":\"https:\/\/www.galeriedurst.com\/\/content\/uploads\/2021\/10\/GalerieDurst_Logo.svg\",\"contentUrl\":\"https:\/\/www.galeriedurst.com\/\/content\/uploads\/2021\/10\/GalerieDurst_Logo.svg\",\"width\":1,\"height\":1,\"caption\":\"Galerie Durst\"},\"image\":{\"@id\":\"https:\/\/www.galeriedurst.com\/en\/#\/schema\/logo\/image\/\"}}]}<\/script>\n<!-- \/ Yoast SEO plugin. -->","yoast_head_json":{"title":"Calicots blanc - \u0152uvre de Ren\u00e9 Galassi - Galerie Durst","description":"Discover at Galerie Durst the new artwork, Calicots blanc by Ren\u00e9 Galassi, chiffon paper and pigment on wood in three dimensions.","robots":{"index":"index","follow":"follow","max-snippet":"max-snippet:-1","max-image-preview":"max-image-preview:large","max-video-preview":"max-video-preview:-1"},"canonical":"https:\/\/www.galeriedurst.com\/en\/oeuvre\/calicots-blanc-oeuvre-rene-galassi\/","og_locale":"en_US","og_type":"article","og_title":"Calicots blanc - \u0152uvre de Ren\u00e9 Galassi - Galerie Durst","og_description":"Discover at Galerie Durst the new artwork, Calicots blanc by Ren\u00e9 Galassi, chiffon paper and pigment on wood in three dimensions.","og_url":"https:\/\/www.galeriedurst.com\/en\/oeuvre\/calicots-blanc-oeuvre-rene-galassi\/","og_site_name":"Galerie Durst","article_modified_time":"2026-01-20T17:29:05+00:00","og_image":[{"width":842,"height":1080,"url":"https:\/\/www.galeriedurst.com\/\/content\/uploads\/2022\/01\/Calicots-blanc-n\u00b016-E24-140x110-1-1.jpg","type":"image\/jpeg"}],"twitter_card":"summary_large_image","twitter_misc":{"Est. reading time":"1 minute"},"schema":{"@context":"https:\/\/schema.org","@graph":[{"@type":"WebPage","@id":"https:\/\/www.galeriedurst.com\/en\/oeuvre\/calicots-blanc-oeuvre-rene-galassi\/","url":"https:\/\/www.galeriedurst.com\/en\/oeuvre\/calicots-blanc-oeuvre-rene-galassi\/","name":"Calicots blanc - \u0152uvre de Ren\u00e9 Galassi - Galerie Durst","isPartOf":{"@id":"https:\/\/www.galeriedurst.com\/en\/#website"},"primaryImageOfPage":{"@id":"https:\/\/www.galeriedurst.com\/en\/oeuvre\/calicots-blanc-oeuvre-rene-galassi\/#primaryimage"},"image":{"@id":"https:\/\/www.galeriedurst.com\/en\/oeuvre\/calicots-blanc-oeuvre-rene-galassi\/#primaryimage"},"thumbnailUrl":"https:\/\/www.galeriedurst.com\/\/content\/uploads\/2022\/01\/Calicots-blanc-n\u00b016-E24-140x110-1-1.jpg","datePublished":"2022-01-19T15:36:11+00:00","dateModified":"2026-01-20T17:29:05+00:00","description":"Discover at Galerie Durst the new artwork, Calicots blanc by Ren\u00e9 Galassi, chiffon paper and pigment on wood in three dimensions.","breadcrumb":{"@id":"https:\/\/www.galeriedurst.com\/en\/oeuvre\/calicots-blanc-oeuvre-rene-galassi\/#breadcrumb"},"inLanguage":"en-US","potentialAction":[{"@type":"ReadAction","target":["https:\/\/www.galeriedurst.com\/en\/oeuvre\/calicots-blanc-oeuvre-rene-galassi\/"]}]},{"@type":"ImageObject","inLanguage":"en-US","@id":"https:\/\/www.galeriedurst.com\/en\/oeuvre\/calicots-blanc-oeuvre-rene-galassi\/#primaryimage","url":"https:\/\/www.galeriedurst.com\/\/content\/uploads\/2022\/01\/Calicots-blanc-n\u00b016-E24-140x110-1-1.jpg","contentUrl":"https:\/\/www.galeriedurst.com\/\/content\/uploads\/2022\/01\/Calicots-blanc-n\u00b016-E24-140x110-1-1.jpg","width":842,"height":1080},{"@type":"BreadcrumbList","@id":"https:\/\/www.galeriedurst.com\/en\/oeuvre\/calicots-blanc-oeuvre-rene-galassi\/#breadcrumb","itemListElement":[{"@type":"ListItem","position":1,"name":"Home","item":"https:\/\/www.galeriedurst.com\/en\/homepage\/"},{"@type":"ListItem","position":2,"name":"Artworks","item":"https:\/\/www.galeriedurst.com\/en\/artworks\/"},{"@type":"ListItem","position":3,"name":"Calicots blanc n\u00b016 E24"}]},{"@type":"WebSite","@id":"https:\/\/www.galeriedurst.com\/en\/#website","url":"https:\/\/www.galeriedurst.com\/en\/","name":"Galerie Durst","description":"Paris contemporary art gallery & art consultancy","publisher":{"@id":"https:\/\/www.galeriedurst.com\/en\/#organization"},"potentialAction":[{"@type":"SearchAction","target":{"@type":"EntryPoint","urlTemplate":"https:\/\/www.galeriedurst.com\/en\/?s={search_term_string}"},"query-input":{"@type":"PropertyValueSpecification","valueRequired":true,"valueName":"search_term_string"}}],"inLanguage":"en-US"},{"@type":"Organization","@id":"https:\/\/www.galeriedurst.com\/en\/#organization","name":"Galerie Durst","url":"https:\/\/www.galeriedurst.com\/en\/","logo":{"@type":"ImageObject","inLanguage":"en-US","@id":"https:\/\/www.galeriedurst.com\/en\/#\/schema\/logo\/image\/","url":"https:\/\/www.galeriedurst.com\/\/content\/uploads\/2021\/10\/GalerieDurst_Logo.svg","contentUrl":"https:\/\/www.galeriedurst.com\/\/content\/uploads\/2021\/10\/GalerieDurst_Logo.svg","width":1,"height":1,"caption":"Galerie Durst"},"image":{"@id":"https:\/\/www.galeriedurst.com\/en\/#\/schema\/logo\/image\/"}}]}},"_links":{"self":[{"href":"https:\/\/www.galeriedurst.com\/en\/wp-json\/wp\/v2\/product\/18097","targetHints":{"allow":["GET"]}}],"collection":[{"href":"https:\/\/www.galeriedurst.com\/en\/wp-json\/wp\/v2\/product"}],"about":[{"href":"https:\/\/www.galeriedurst.com\/en\/wp-json\/wp\/v2\/types\/product"}],"replies":[{"embeddable":true,"href":"https:\/\/www.galeriedurst.com\/en\/wp-json\/wp\/v2\/comments?post=18097"}],"wp:featuredmedia":[{"embeddable":true,"href":"https:\/\/www.galeriedurst.com\/en\/wp-json\/wp\/v2\/media\/7870"}],"wp:attachment":[{"href":"https:\/\/www.galeriedurst.com\/en\/wp-json\/wp\/v2\/media?parent=18097"}],"wp:term":[{"taxonomy":"product_brand","embeddable":true,"href":"https:\/\/www.galeriedurst.com\/en\/wp-json\/wp\/v2\/product_brand?post=18097"},{"taxonomy":"product_cat","embeddable":true,"href":"https:\/\/www.galeriedurst.com\/en\/wp-json\/wp\/v2\/product_cat?post=18097"},{"taxonomy":"product_tag","embeddable":true,"href":"https:\/\/www.galeriedurst.com\/en\/wp-json\/wp\/v2\/product_tag?post=18097"}],"curies":[{"name":"wp","href":"https:\/\/api.w.org\/{rel}","templated":true}]}}