{"id":18103,"date":"2022-11-08T12:20:28","date_gmt":"2022-11-08T11:20:28","guid":{"rendered":"https:\/\/www.galeriedurst.com\/oeuvre\/bossage-rene-galassi\/"},"modified":"2026-01-20T18:38:50","modified_gmt":"2026-01-20T17:38:50","slug":"bossage-rene-galassi","status":"publish","type":"product","link":"https:\/\/www.galeriedurst.com\/en\/oeuvre\/bossage-rene-galassi\/","title":{"rendered":"Bossage"},"content":{"rendered":"<p>Chiffon paper and pigment on wood in three dimensions<br data-start=\"53\" data-end=\"56\" \/>Volume up to 4.5 cm in height<br data-start=\"85\" data-end=\"88\" \/>Each form is angled differently from the others, creating a sense of movement<br data-start=\"165\" data-end=\"168\" \/>Painted wooden frame<br data-start=\"188\" data-end=\"191\" \/>100 \u00d7 80 \u00d7 7 cm<br data-start=\"206\" data-end=\"209\" \/>Unique, signed artwork<\/p>\n<p>&nbsp;<\/p>\n<p>Ren\u00e9 Galassi fa\u00e7onne gravures et sculptures murales en jouant avec les terres, argiles et couleurs vives. Inspir\u00e9 par les textures min\u00e9rales et la lumi\u00e8re de la M\u00e9diterran\u00e9e, il cr\u00e9e des compositions abstraites vivantes, o\u00f9 chaque relief et chaque mati\u00e8re participent \u00e0 un univers en mouvement et en constante transformation.<\/p>\n<p>&nbsp;<\/p>\n<p data-start=\"0\" data-end=\"143\">This artwork is available by appointment only; please contact us in advance to arrange your visit to the gallery at <a href=\"mailto:bonjour@galeriedurst.com\">bonjour@galeriedurst.com<\/a>.<\/p>\n<p data-start=\"145\" data-end=\"208\" data-is-last-node=\"\" data-is-only-node=\"\">Other works by the artist can be viewed without an appointment.<\/p>\n","protected":false},"excerpt":{"rendered":"<p>Chiffon paper and pigment on wood in three dimensionsVolume up to 4.5 cm in heightEach form is angled differently from the others, creating a sense of movementPainted wooden frame100 \u00d7 80 \u00d7 7 cmUnique, signed artwork &nbsp; Ren\u00e9 Galassi fa\u00e7onne gravures et sculptures murales en jouant avec les terres, argiles et couleurs vives. Inspir\u00e9 par [&hellip;]<\/p>\n","protected":false},"featured_media":9296,"comment_status":"open","ping_status":"closed","template":"","meta":{"_acf_changed":false},"product_brand":[],"product_cat":[595],"product_tag":[],"class_list":{"0":"post-18103","1":"product","2":"type-product","3":"status-publish","4":"has-post-thumbnail","6":"product_cat-rene-galassi-en","7":"product_shipping_class-carrier","9":"first","10":"instock","11":"taxable","12":"shipping-taxable","13":"purchasable","14":"product-type-simple"},"acf":[],"yoast_head":"<!-- This site is optimized with the Yoast SEO plugin v27.1.1 - https:\/\/yoast.com\/product\/yoast-seo-wordpress\/ -->\n<title>Bossage - Ren\u00e9 Galassi - Galerie Durst<\/title>\n<meta name=\"description\" content=\"Discover at Galerie Durst the new artwork, Bossage by Ren\u00e9 Galassi, an abstract and powerful wall sculpture.\" \/>\n<meta name=\"robots\" content=\"index, follow, max-snippet:-1, max-image-preview:large, max-video-preview:-1\" \/>\n<link rel=\"canonical\" href=\"https:\/\/www.galeriedurst.com\/en\/oeuvre\/bossage-rene-galassi\/\" \/>\n<meta property=\"og:locale\" content=\"en_US\" \/>\n<meta property=\"og:type\" content=\"article\" \/>\n<meta property=\"og:title\" content=\"Bossage - Ren\u00e9 Galassi - Galerie Durst\" \/>\n<meta property=\"og:description\" content=\"Discover at Galerie Durst the new artwork, Bossage by Ren\u00e9 Galassi, an abstract and powerful wall sculpture.\" \/>\n<meta property=\"og:url\" content=\"https:\/\/www.galeriedurst.com\/en\/oeuvre\/bossage-rene-galassi\/\" \/>\n<meta property=\"og:site_name\" content=\"Galerie Durst\" \/>\n<meta property=\"article:modified_time\" content=\"2026-01-20T17:38:50+00:00\" \/>\n<meta property=\"og:image\" content=\"https:\/\/www.galeriedurst.com\/\/content\/uploads\/2022\/11\/Galerie-Durst-LJ-15092022-IMG_4816-1024x1024.jpg\" \/>\n\t<meta property=\"og:image:width\" content=\"1024\" \/>\n\t<meta property=\"og:image:height\" content=\"1024\" \/>\n\t<meta property=\"og:image:type\" content=\"image\/jpeg\" \/>\n<meta name=\"twitter:card\" content=\"summary_large_image\" \/>\n<meta name=\"twitter:label1\" content=\"Est. reading time\" \/>\n\t<meta name=\"twitter:data1\" content=\"1 minute\" \/>\n<script type=\"application\/ld+json\" class=\"yoast-schema-graph\">{\"@context\":\"https:\/\/schema.org\",\"@graph\":[{\"@type\":\"WebPage\",\"@id\":\"https:\/\/www.galeriedurst.com\/en\/oeuvre\/bossage-rene-galassi\/\",\"url\":\"https:\/\/www.galeriedurst.com\/en\/oeuvre\/bossage-rene-galassi\/\",\"name\":\"Bossage - Ren\u00e9 Galassi - Galerie Durst\",\"isPartOf\":{\"@id\":\"https:\/\/www.galeriedurst.com\/en\/#website\"},\"primaryImageOfPage\":{\"@id\":\"https:\/\/www.galeriedurst.com\/en\/oeuvre\/bossage-rene-galassi\/#primaryimage\"},\"image\":{\"@id\":\"https:\/\/www.galeriedurst.com\/en\/oeuvre\/bossage-rene-galassi\/#primaryimage\"},\"thumbnailUrl\":\"https:\/\/www.galeriedurst.com\/\/content\/uploads\/2022\/11\/Galerie-Durst-LJ-15092022-IMG_4816.jpg\",\"datePublished\":\"2022-11-08T11:20:28+00:00\",\"dateModified\":\"2026-01-20T17:38:50+00:00\",\"description\":\"Discover at Galerie Durst the new artwork, Bossage by Ren\u00e9 Galassi, an abstract and powerful wall sculpture.\",\"breadcrumb\":{\"@id\":\"https:\/\/www.galeriedurst.com\/en\/oeuvre\/bossage-rene-galassi\/#breadcrumb\"},\"inLanguage\":\"en-US\",\"potentialAction\":[{\"@type\":\"ReadAction\",\"target\":[\"https:\/\/www.galeriedurst.com\/en\/oeuvre\/bossage-rene-galassi\/\"]}]},{\"@type\":\"ImageObject\",\"inLanguage\":\"en-US\",\"@id\":\"https:\/\/www.galeriedurst.com\/en\/oeuvre\/bossage-rene-galassi\/#primaryimage\",\"url\":\"https:\/\/www.galeriedurst.com\/\/content\/uploads\/2022\/11\/Galerie-Durst-LJ-15092022-IMG_4816.jpg\",\"contentUrl\":\"https:\/\/www.galeriedurst.com\/\/content\/uploads\/2022\/11\/Galerie-Durst-LJ-15092022-IMG_4816.jpg\",\"width\":2048,\"height\":2048,\"caption\":\"Bossage - Ren\u00e9 Galassi\"},{\"@type\":\"BreadcrumbList\",\"@id\":\"https:\/\/www.galeriedurst.com\/en\/oeuvre\/bossage-rene-galassi\/#breadcrumb\",\"itemListElement\":[{\"@type\":\"ListItem\",\"position\":1,\"name\":\"Home\",\"item\":\"https:\/\/www.galeriedurst.com\/en\/homepage\/\"},{\"@type\":\"ListItem\",\"position\":2,\"name\":\"Artworks\",\"item\":\"https:\/\/www.galeriedurst.com\/en\/artworks\/\"},{\"@type\":\"ListItem\",\"position\":3,\"name\":\"Bossage\"}]},{\"@type\":\"WebSite\",\"@id\":\"https:\/\/www.galeriedurst.com\/en\/#website\",\"url\":\"https:\/\/www.galeriedurst.com\/en\/\",\"name\":\"Galerie Durst\",\"description\":\"Paris contemporary art gallery & art consultancy\",\"publisher\":{\"@id\":\"https:\/\/www.galeriedurst.com\/en\/#organization\"},\"potentialAction\":[{\"@type\":\"SearchAction\",\"target\":{\"@type\":\"EntryPoint\",\"urlTemplate\":\"https:\/\/www.galeriedurst.com\/en\/?s={search_term_string}\"},\"query-input\":{\"@type\":\"PropertyValueSpecification\",\"valueRequired\":true,\"valueName\":\"search_term_string\"}}],\"inLanguage\":\"en-US\"},{\"@type\":\"Organization\",\"@id\":\"https:\/\/www.galeriedurst.com\/en\/#organization\",\"name\":\"Galerie Durst\",\"url\":\"https:\/\/www.galeriedurst.com\/en\/\",\"logo\":{\"@type\":\"ImageObject\",\"inLanguage\":\"en-US\",\"@id\":\"https:\/\/www.galeriedurst.com\/en\/#\/schema\/logo\/image\/\",\"url\":\"https:\/\/www.galeriedurst.com\/\/content\/uploads\/2021\/10\/GalerieDurst_Logo.svg\",\"contentUrl\":\"https:\/\/www.galeriedurst.com\/\/content\/uploads\/2021\/10\/GalerieDurst_Logo.svg\",\"width\":1,\"height\":1,\"caption\":\"Galerie Durst\"},\"image\":{\"@id\":\"https:\/\/www.galeriedurst.com\/en\/#\/schema\/logo\/image\/\"}}]}<\/script>\n<!-- \/ Yoast SEO plugin. -->","yoast_head_json":{"title":"Bossage - Ren\u00e9 Galassi - Galerie Durst","description":"Discover at Galerie Durst the new artwork, Bossage by Ren\u00e9 Galassi, an abstract and powerful wall sculpture.","robots":{"index":"index","follow":"follow","max-snippet":"max-snippet:-1","max-image-preview":"max-image-preview:large","max-video-preview":"max-video-preview:-1"},"canonical":"https:\/\/www.galeriedurst.com\/en\/oeuvre\/bossage-rene-galassi\/","og_locale":"en_US","og_type":"article","og_title":"Bossage - Ren\u00e9 Galassi - Galerie Durst","og_description":"Discover at Galerie Durst the new artwork, Bossage by Ren\u00e9 Galassi, an abstract and powerful wall sculpture.","og_url":"https:\/\/www.galeriedurst.com\/en\/oeuvre\/bossage-rene-galassi\/","og_site_name":"Galerie Durst","article_modified_time":"2026-01-20T17:38:50+00:00","og_image":[{"width":1024,"height":1024,"url":"https:\/\/www.galeriedurst.com\/\/content\/uploads\/2022\/11\/Galerie-Durst-LJ-15092022-IMG_4816-1024x1024.jpg","type":"image\/jpeg"}],"twitter_card":"summary_large_image","twitter_misc":{"Est. reading time":"1 minute"},"schema":{"@context":"https:\/\/schema.org","@graph":[{"@type":"WebPage","@id":"https:\/\/www.galeriedurst.com\/en\/oeuvre\/bossage-rene-galassi\/","url":"https:\/\/www.galeriedurst.com\/en\/oeuvre\/bossage-rene-galassi\/","name":"Bossage - Ren\u00e9 Galassi - Galerie Durst","isPartOf":{"@id":"https:\/\/www.galeriedurst.com\/en\/#website"},"primaryImageOfPage":{"@id":"https:\/\/www.galeriedurst.com\/en\/oeuvre\/bossage-rene-galassi\/#primaryimage"},"image":{"@id":"https:\/\/www.galeriedurst.com\/en\/oeuvre\/bossage-rene-galassi\/#primaryimage"},"thumbnailUrl":"https:\/\/www.galeriedurst.com\/\/content\/uploads\/2022\/11\/Galerie-Durst-LJ-15092022-IMG_4816.jpg","datePublished":"2022-11-08T11:20:28+00:00","dateModified":"2026-01-20T17:38:50+00:00","description":"Discover at Galerie Durst the new artwork, Bossage by Ren\u00e9 Galassi, an abstract and powerful wall sculpture.","breadcrumb":{"@id":"https:\/\/www.galeriedurst.com\/en\/oeuvre\/bossage-rene-galassi\/#breadcrumb"},"inLanguage":"en-US","potentialAction":[{"@type":"ReadAction","target":["https:\/\/www.galeriedurst.com\/en\/oeuvre\/bossage-rene-galassi\/"]}]},{"@type":"ImageObject","inLanguage":"en-US","@id":"https:\/\/www.galeriedurst.com\/en\/oeuvre\/bossage-rene-galassi\/#primaryimage","url":"https:\/\/www.galeriedurst.com\/\/content\/uploads\/2022\/11\/Galerie-Durst-LJ-15092022-IMG_4816.jpg","contentUrl":"https:\/\/www.galeriedurst.com\/\/content\/uploads\/2022\/11\/Galerie-Durst-LJ-15092022-IMG_4816.jpg","width":2048,"height":2048,"caption":"Bossage - Ren\u00e9 Galassi"},{"@type":"BreadcrumbList","@id":"https:\/\/www.galeriedurst.com\/en\/oeuvre\/bossage-rene-galassi\/#breadcrumb","itemListElement":[{"@type":"ListItem","position":1,"name":"Home","item":"https:\/\/www.galeriedurst.com\/en\/homepage\/"},{"@type":"ListItem","position":2,"name":"Artworks","item":"https:\/\/www.galeriedurst.com\/en\/artworks\/"},{"@type":"ListItem","position":3,"name":"Bossage"}]},{"@type":"WebSite","@id":"https:\/\/www.galeriedurst.com\/en\/#website","url":"https:\/\/www.galeriedurst.com\/en\/","name":"Galerie Durst","description":"Paris contemporary art gallery & art consultancy","publisher":{"@id":"https:\/\/www.galeriedurst.com\/en\/#organization"},"potentialAction":[{"@type":"SearchAction","target":{"@type":"EntryPoint","urlTemplate":"https:\/\/www.galeriedurst.com\/en\/?s={search_term_string}"},"query-input":{"@type":"PropertyValueSpecification","valueRequired":true,"valueName":"search_term_string"}}],"inLanguage":"en-US"},{"@type":"Organization","@id":"https:\/\/www.galeriedurst.com\/en\/#organization","name":"Galerie Durst","url":"https:\/\/www.galeriedurst.com\/en\/","logo":{"@type":"ImageObject","inLanguage":"en-US","@id":"https:\/\/www.galeriedurst.com\/en\/#\/schema\/logo\/image\/","url":"https:\/\/www.galeriedurst.com\/\/content\/uploads\/2021\/10\/GalerieDurst_Logo.svg","contentUrl":"https:\/\/www.galeriedurst.com\/\/content\/uploads\/2021\/10\/GalerieDurst_Logo.svg","width":1,"height":1,"caption":"Galerie Durst"},"image":{"@id":"https:\/\/www.galeriedurst.com\/en\/#\/schema\/logo\/image\/"}}]}},"_links":{"self":[{"href":"https:\/\/www.galeriedurst.com\/en\/wp-json\/wp\/v2\/product\/18103","targetHints":{"allow":["GET"]}}],"collection":[{"href":"https:\/\/www.galeriedurst.com\/en\/wp-json\/wp\/v2\/product"}],"about":[{"href":"https:\/\/www.galeriedurst.com\/en\/wp-json\/wp\/v2\/types\/product"}],"replies":[{"embeddable":true,"href":"https:\/\/www.galeriedurst.com\/en\/wp-json\/wp\/v2\/comments?post=18103"}],"wp:featuredmedia":[{"embeddable":true,"href":"https:\/\/www.galeriedurst.com\/en\/wp-json\/wp\/v2\/media\/9296"}],"wp:attachment":[{"href":"https:\/\/www.galeriedurst.com\/en\/wp-json\/wp\/v2\/media?parent=18103"}],"wp:term":[{"taxonomy":"product_brand","embeddable":true,"href":"https:\/\/www.galeriedurst.com\/en\/wp-json\/wp\/v2\/product_brand?post=18103"},{"taxonomy":"product_cat","embeddable":true,"href":"https:\/\/www.galeriedurst.com\/en\/wp-json\/wp\/v2\/product_cat?post=18103"},{"taxonomy":"product_tag","embeddable":true,"href":"https:\/\/www.galeriedurst.com\/en\/wp-json\/wp\/v2\/product_tag?post=18103"}],"curies":[{"name":"wp","href":"https:\/\/api.w.org\/{rel}","templated":true}]}}