{"id":18156,"date":"2025-08-04T13:35:37","date_gmt":"2025-08-04T11:35:37","guid":{"rendered":"https:\/\/www.galeriedurst.com\/oeuvre\/pigment-sur-socle-n3\/"},"modified":"2026-01-23T13:09:49","modified_gmt":"2026-01-23T12:09:49","slug":"pigment-sur-socle-n3","status":"publish","type":"product","link":"https:\/\/www.galeriedurst.com\/en\/oeuvre\/pigment-sur-socle-n3\/","title":{"rendered":"Pigment sur socle n\u00b03"},"content":{"rendered":"<p>Cardboard-wood and pure pigment on wood\u2013medium<br \/>\nMounted on a metal base<br \/>\n31 \u00d7 27 \u00d7 5 cm<br \/>\nUnique, signed piece<\/p>\n<p>&nbsp;<\/p>\n<p>Ren\u00e9 Galassi shapes engravings and wall sculptures by experimenting with clays, earths, and vibrant colors. Inspired by mineral textures and the Mediterranean light, he creates lively abstract compositions where every relief and material contributes to a universe in motion and constant transformation. <\/p>\n<p>&nbsp;<\/p>\n<p data-start=\"299\" data-end=\"347\">This work is on view at Galerie Durst, Paris.<\/p>\n<p data-start=\"349\" data-end=\"436\" data-is-last-node=\"\" data-is-only-node=\"\">Contact us at <a href=\"mailto:bonjour@galeriedurst.com\"><strong data-start=\"366\" data-end=\"394\">bonjour@galeriedurst.com<\/strong><\/a> for more information about this work.<\/p>\n","protected":false},"excerpt":{"rendered":"<p>Cardboard-wood and pure pigment on wood\u2013medium Mounted on a metal base 31 \u00d7 27 \u00d7 5 cm Unique, signed piece &nbsp; Ren\u00e9 Galassi shapes engravings and wall sculptures by experimenting with clays, earths, and vibrant colors. Inspired by mineral textures and the Mediterranean light, he creates lively abstract compositions where every relief and material contributes [&hellip;]<\/p>\n","protected":false},"featured_media":16338,"comment_status":"open","ping_status":"closed","template":"","meta":{"_acf_changed":false},"product_brand":[],"product_cat":[595],"product_tag":[],"class_list":{"0":"post-18156","1":"product","2":"type-product","3":"status-publish","4":"has-post-thumbnail","6":"product_cat-rene-galassi-en","7":"product_shipping_class-carrier","9":"first","10":"instock","11":"taxable","12":"shipping-taxable","13":"purchasable","14":"product-type-simple"},"acf":[],"yoast_head":"<!-- This site is optimized with the Yoast SEO plugin v27.1.1 - https:\/\/yoast.com\/product\/yoast-seo-wordpress\/ -->\n<title>Pigment sur socle n\u00b03 - Ren\u00e9 Galassi - Galerie Durst<\/title>\n<meta name=\"description\" content=\"Discover at Galerie Durst Pigment sur socle no. 3, the new sculpture by Ren\u00e9 Galassi. An abstract and minimalist piece.\" \/>\n<meta name=\"robots\" content=\"index, follow, max-snippet:-1, max-image-preview:large, max-video-preview:-1\" \/>\n<link rel=\"canonical\" href=\"https:\/\/www.galeriedurst.com\/en\/oeuvre\/pigment-sur-socle-n3\/\" \/>\n<meta property=\"og:locale\" content=\"en_US\" \/>\n<meta property=\"og:type\" content=\"article\" \/>\n<meta property=\"og:title\" content=\"Pigment sur socle n\u00b03 - Ren\u00e9 Galassi - Galerie Durst\" \/>\n<meta property=\"og:description\" content=\"Discover at Galerie Durst Pigment sur socle no. 3, the new sculpture by Ren\u00e9 Galassi. An abstract and minimalist piece.\" \/>\n<meta property=\"og:url\" content=\"https:\/\/www.galeriedurst.com\/en\/oeuvre\/pigment-sur-socle-n3\/\" \/>\n<meta property=\"og:site_name\" content=\"Galerie Durst\" \/>\n<meta property=\"article:modified_time\" content=\"2026-01-23T12:09:49+00:00\" \/>\n<meta property=\"og:image\" content=\"https:\/\/www.galeriedurst.com\/\/content\/uploads\/2025\/08\/Rene-Galassi-Pigment-sur-socle-n\u00b03-scaled.jpg\" \/>\n\t<meta property=\"og:image:width\" content=\"1846\" \/>\n\t<meta property=\"og:image:height\" content=\"2048\" \/>\n\t<meta property=\"og:image:type\" content=\"image\/jpeg\" \/>\n<meta name=\"twitter:card\" content=\"summary_large_image\" \/>\n<script type=\"application\/ld+json\" class=\"yoast-schema-graph\">{\"@context\":\"https:\/\/schema.org\",\"@graph\":[{\"@type\":\"WebPage\",\"@id\":\"https:\/\/www.galeriedurst.com\/en\/oeuvre\/pigment-sur-socle-n3\/\",\"url\":\"https:\/\/www.galeriedurst.com\/en\/oeuvre\/pigment-sur-socle-n3\/\",\"name\":\"Pigment sur socle n\u00b03 - Ren\u00e9 Galassi - Galerie Durst\",\"isPartOf\":{\"@id\":\"https:\/\/www.galeriedurst.com\/en\/#website\"},\"primaryImageOfPage\":{\"@id\":\"https:\/\/www.galeriedurst.com\/en\/oeuvre\/pigment-sur-socle-n3\/#primaryimage\"},\"image\":{\"@id\":\"https:\/\/www.galeriedurst.com\/en\/oeuvre\/pigment-sur-socle-n3\/#primaryimage\"},\"thumbnailUrl\":\"https:\/\/www.galeriedurst.com\/\/content\/uploads\/2025\/08\/Rene-Galassi-Pigment-sur-socle-n\u00b03-scaled.jpg\",\"datePublished\":\"2025-08-04T11:35:37+00:00\",\"dateModified\":\"2026-01-23T12:09:49+00:00\",\"description\":\"Discover at Galerie Durst Pigment sur socle no. 3, the new sculpture by Ren\u00e9 Galassi. An abstract and minimalist piece.\",\"breadcrumb\":{\"@id\":\"https:\/\/www.galeriedurst.com\/en\/oeuvre\/pigment-sur-socle-n3\/#breadcrumb\"},\"inLanguage\":\"en-US\",\"potentialAction\":[{\"@type\":\"ReadAction\",\"target\":[\"https:\/\/www.galeriedurst.com\/en\/oeuvre\/pigment-sur-socle-n3\/\"]}]},{\"@type\":\"ImageObject\",\"inLanguage\":\"en-US\",\"@id\":\"https:\/\/www.galeriedurst.com\/en\/oeuvre\/pigment-sur-socle-n3\/#primaryimage\",\"url\":\"https:\/\/www.galeriedurst.com\/\/content\/uploads\/2025\/08\/Rene-Galassi-Pigment-sur-socle-n\u00b03-scaled.jpg\",\"contentUrl\":\"https:\/\/www.galeriedurst.com\/\/content\/uploads\/2025\/08\/Rene-Galassi-Pigment-sur-socle-n\u00b03-scaled.jpg\",\"width\":1846,\"height\":2048},{\"@type\":\"BreadcrumbList\",\"@id\":\"https:\/\/www.galeriedurst.com\/en\/oeuvre\/pigment-sur-socle-n3\/#breadcrumb\",\"itemListElement\":[{\"@type\":\"ListItem\",\"position\":1,\"name\":\"Home\",\"item\":\"https:\/\/www.galeriedurst.com\/en\/homepage\/\"},{\"@type\":\"ListItem\",\"position\":2,\"name\":\"Artworks\",\"item\":\"https:\/\/www.galeriedurst.com\/en\/artworks\/\"},{\"@type\":\"ListItem\",\"position\":3,\"name\":\"Pigment sur socle n\u00b03\"}]},{\"@type\":\"WebSite\",\"@id\":\"https:\/\/www.galeriedurst.com\/en\/#website\",\"url\":\"https:\/\/www.galeriedurst.com\/en\/\",\"name\":\"Galerie Durst\",\"description\":\"Paris contemporary art gallery & art consultancy\",\"publisher\":{\"@id\":\"https:\/\/www.galeriedurst.com\/en\/#organization\"},\"potentialAction\":[{\"@type\":\"SearchAction\",\"target\":{\"@type\":\"EntryPoint\",\"urlTemplate\":\"https:\/\/www.galeriedurst.com\/en\/?s={search_term_string}\"},\"query-input\":{\"@type\":\"PropertyValueSpecification\",\"valueRequired\":true,\"valueName\":\"search_term_string\"}}],\"inLanguage\":\"en-US\"},{\"@type\":\"Organization\",\"@id\":\"https:\/\/www.galeriedurst.com\/en\/#organization\",\"name\":\"Galerie Durst\",\"url\":\"https:\/\/www.galeriedurst.com\/en\/\",\"logo\":{\"@type\":\"ImageObject\",\"inLanguage\":\"en-US\",\"@id\":\"https:\/\/www.galeriedurst.com\/en\/#\/schema\/logo\/image\/\",\"url\":\"https:\/\/www.galeriedurst.com\/\/content\/uploads\/2021\/10\/GalerieDurst_Logo.svg\",\"contentUrl\":\"https:\/\/www.galeriedurst.com\/\/content\/uploads\/2021\/10\/GalerieDurst_Logo.svg\",\"width\":1,\"height\":1,\"caption\":\"Galerie Durst\"},\"image\":{\"@id\":\"https:\/\/www.galeriedurst.com\/en\/#\/schema\/logo\/image\/\"}}]}<\/script>\n<!-- \/ Yoast SEO plugin. -->","yoast_head_json":{"title":"Pigment sur socle n\u00b03 - Ren\u00e9 Galassi - Galerie Durst","description":"Discover at Galerie Durst Pigment sur socle no. 3, the new sculpture by Ren\u00e9 Galassi. An abstract and minimalist piece.","robots":{"index":"index","follow":"follow","max-snippet":"max-snippet:-1","max-image-preview":"max-image-preview:large","max-video-preview":"max-video-preview:-1"},"canonical":"https:\/\/www.galeriedurst.com\/en\/oeuvre\/pigment-sur-socle-n3\/","og_locale":"en_US","og_type":"article","og_title":"Pigment sur socle n\u00b03 - Ren\u00e9 Galassi - Galerie Durst","og_description":"Discover at Galerie Durst Pigment sur socle no. 3, the new sculpture by Ren\u00e9 Galassi. An abstract and minimalist piece.","og_url":"https:\/\/www.galeriedurst.com\/en\/oeuvre\/pigment-sur-socle-n3\/","og_site_name":"Galerie Durst","article_modified_time":"2026-01-23T12:09:49+00:00","og_image":[{"width":1846,"height":2048,"url":"https:\/\/www.galeriedurst.com\/\/content\/uploads\/2025\/08\/Rene-Galassi-Pigment-sur-socle-n\u00b03-scaled.jpg","type":"image\/jpeg"}],"twitter_card":"summary_large_image","schema":{"@context":"https:\/\/schema.org","@graph":[{"@type":"WebPage","@id":"https:\/\/www.galeriedurst.com\/en\/oeuvre\/pigment-sur-socle-n3\/","url":"https:\/\/www.galeriedurst.com\/en\/oeuvre\/pigment-sur-socle-n3\/","name":"Pigment sur socle n\u00b03 - Ren\u00e9 Galassi - Galerie Durst","isPartOf":{"@id":"https:\/\/www.galeriedurst.com\/en\/#website"},"primaryImageOfPage":{"@id":"https:\/\/www.galeriedurst.com\/en\/oeuvre\/pigment-sur-socle-n3\/#primaryimage"},"image":{"@id":"https:\/\/www.galeriedurst.com\/en\/oeuvre\/pigment-sur-socle-n3\/#primaryimage"},"thumbnailUrl":"https:\/\/www.galeriedurst.com\/\/content\/uploads\/2025\/08\/Rene-Galassi-Pigment-sur-socle-n\u00b03-scaled.jpg","datePublished":"2025-08-04T11:35:37+00:00","dateModified":"2026-01-23T12:09:49+00:00","description":"Discover at Galerie Durst Pigment sur socle no. 3, the new sculpture by Ren\u00e9 Galassi. An abstract and minimalist piece.","breadcrumb":{"@id":"https:\/\/www.galeriedurst.com\/en\/oeuvre\/pigment-sur-socle-n3\/#breadcrumb"},"inLanguage":"en-US","potentialAction":[{"@type":"ReadAction","target":["https:\/\/www.galeriedurst.com\/en\/oeuvre\/pigment-sur-socle-n3\/"]}]},{"@type":"ImageObject","inLanguage":"en-US","@id":"https:\/\/www.galeriedurst.com\/en\/oeuvre\/pigment-sur-socle-n3\/#primaryimage","url":"https:\/\/www.galeriedurst.com\/\/content\/uploads\/2025\/08\/Rene-Galassi-Pigment-sur-socle-n\u00b03-scaled.jpg","contentUrl":"https:\/\/www.galeriedurst.com\/\/content\/uploads\/2025\/08\/Rene-Galassi-Pigment-sur-socle-n\u00b03-scaled.jpg","width":1846,"height":2048},{"@type":"BreadcrumbList","@id":"https:\/\/www.galeriedurst.com\/en\/oeuvre\/pigment-sur-socle-n3\/#breadcrumb","itemListElement":[{"@type":"ListItem","position":1,"name":"Home","item":"https:\/\/www.galeriedurst.com\/en\/homepage\/"},{"@type":"ListItem","position":2,"name":"Artworks","item":"https:\/\/www.galeriedurst.com\/en\/artworks\/"},{"@type":"ListItem","position":3,"name":"Pigment sur socle n\u00b03"}]},{"@type":"WebSite","@id":"https:\/\/www.galeriedurst.com\/en\/#website","url":"https:\/\/www.galeriedurst.com\/en\/","name":"Galerie Durst","description":"Paris contemporary art gallery & art consultancy","publisher":{"@id":"https:\/\/www.galeriedurst.com\/en\/#organization"},"potentialAction":[{"@type":"SearchAction","target":{"@type":"EntryPoint","urlTemplate":"https:\/\/www.galeriedurst.com\/en\/?s={search_term_string}"},"query-input":{"@type":"PropertyValueSpecification","valueRequired":true,"valueName":"search_term_string"}}],"inLanguage":"en-US"},{"@type":"Organization","@id":"https:\/\/www.galeriedurst.com\/en\/#organization","name":"Galerie Durst","url":"https:\/\/www.galeriedurst.com\/en\/","logo":{"@type":"ImageObject","inLanguage":"en-US","@id":"https:\/\/www.galeriedurst.com\/en\/#\/schema\/logo\/image\/","url":"https:\/\/www.galeriedurst.com\/\/content\/uploads\/2021\/10\/GalerieDurst_Logo.svg","contentUrl":"https:\/\/www.galeriedurst.com\/\/content\/uploads\/2021\/10\/GalerieDurst_Logo.svg","width":1,"height":1,"caption":"Galerie Durst"},"image":{"@id":"https:\/\/www.galeriedurst.com\/en\/#\/schema\/logo\/image\/"}}]}},"_links":{"self":[{"href":"https:\/\/www.galeriedurst.com\/en\/wp-json\/wp\/v2\/product\/18156","targetHints":{"allow":["GET"]}}],"collection":[{"href":"https:\/\/www.galeriedurst.com\/en\/wp-json\/wp\/v2\/product"}],"about":[{"href":"https:\/\/www.galeriedurst.com\/en\/wp-json\/wp\/v2\/types\/product"}],"replies":[{"embeddable":true,"href":"https:\/\/www.galeriedurst.com\/en\/wp-json\/wp\/v2\/comments?post=18156"}],"wp:featuredmedia":[{"embeddable":true,"href":"https:\/\/www.galeriedurst.com\/en\/wp-json\/wp\/v2\/media\/16338"}],"wp:attachment":[{"href":"https:\/\/www.galeriedurst.com\/en\/wp-json\/wp\/v2\/media?parent=18156"}],"wp:term":[{"taxonomy":"product_brand","embeddable":true,"href":"https:\/\/www.galeriedurst.com\/en\/wp-json\/wp\/v2\/product_brand?post=18156"},{"taxonomy":"product_cat","embeddable":true,"href":"https:\/\/www.galeriedurst.com\/en\/wp-json\/wp\/v2\/product_cat?post=18156"},{"taxonomy":"product_tag","embeddable":true,"href":"https:\/\/www.galeriedurst.com\/en\/wp-json\/wp\/v2\/product_tag?post=18156"}],"curies":[{"name":"wp","href":"https:\/\/api.w.org\/{rel}","templated":true}]}}