{"id":18159,"date":"2025-02-24T17:17:14","date_gmt":"2025-02-24T16:17:14","guid":{"rendered":"https:\/\/www.galeriedurst.com\/oeuvre\/hanae\/"},"modified":"2026-01-23T14:58:28","modified_gmt":"2026-01-23T13:58:28","slug":"hanae","status":"publish","type":"product","link":"https:\/\/www.galeriedurst.com\/en\/oeuvre\/hanae\/","title":{"rendered":"Hana\u00eb"},"content":{"rendered":"<p>Impression on tissue paper E.A<br \/>\nInterior: 19 \u00d7 13 cm<br \/>\nExterior: 34 \u00d7 29 cm<br \/>\nBox-style frame \u2013 wood, dark finish<br \/>\nOriginal, signed work<\/p>\n<p>&nbsp;<\/p>\n<p>Ren\u00e9 Galassi shapes engravings and wall sculptures by working with clays, earths, and vibrant colors. Inspired by mineral textures and the Mediterranean light, he creates lively abstract compositions where every relief and material contributes to a universe in motion and constant transformation. <\/p>\n<p>&nbsp;<\/p>\n<p data-start=\"299\" data-end=\"347\">This work is on view at Galerie Durst, Paris.<\/p>\n<p data-start=\"349\" data-end=\"436\" data-is-last-node=\"\" data-is-only-node=\"\">Contact us at <a href=\"mailto:bonjour@galeriedurst.com\"><strong data-start=\"366\" data-end=\"394\">bonjour@galeriedurst.com<\/strong><\/a> for more information about this work.<\/p>\n","protected":false},"excerpt":{"rendered":"<p>Impression on tissue paper E.A Interior: 19 \u00d7 13 cm Exterior: 34 \u00d7 29 cm Box-style frame \u2013 wood, dark finish Original, signed work &nbsp; Ren\u00e9 Galassi shapes engravings and wall sculptures by working with clays, earths, and vibrant colors. Inspired by mineral textures and the Mediterranean light, he creates lively abstract compositions where every [&hellip;]<\/p>\n","protected":false},"featured_media":18162,"comment_status":"open","ping_status":"closed","template":"","meta":{"_acf_changed":false},"product_brand":[],"product_cat":[595],"product_tag":[],"class_list":{"0":"post-18159","1":"product","2":"type-product","3":"status-publish","4":"has-post-thumbnail","6":"product_cat-rene-galassi-en","8":"first","9":"instock","10":"taxable","11":"shipping-taxable","12":"purchasable","13":"product-type-simple"},"acf":[],"yoast_head":"<!-- This site is optimized with the Yoast SEO plugin v27.1.1 - https:\/\/yoast.com\/product\/yoast-seo-wordpress\/ -->\n<title>Hana\u00eb - Ren\u00e9 Galassi - Galerie Durst<\/title>\n<meta name=\"description\" content=\"Ren\u00e9 Galassi\u2019s Hana\u00eb plays with subtle reliefs and the softness of paper, where light delicately reveals every impression.\" \/>\n<meta name=\"robots\" content=\"index, follow, max-snippet:-1, max-image-preview:large, max-video-preview:-1\" \/>\n<link rel=\"canonical\" href=\"https:\/\/www.galeriedurst.com\/en\/oeuvre\/hanae\/\" \/>\n<meta property=\"og:locale\" content=\"en_US\" \/>\n<meta property=\"og:type\" content=\"article\" \/>\n<meta property=\"og:title\" content=\"Hana\u00eb - Ren\u00e9 Galassi - Galerie Durst\" \/>\n<meta property=\"og:description\" content=\"Ren\u00e9 Galassi\u2019s Hana\u00eb plays with subtle reliefs and the softness of paper, where light delicately reveals every impression.\" \/>\n<meta property=\"og:url\" content=\"https:\/\/www.galeriedurst.com\/en\/oeuvre\/hanae\/\" \/>\n<meta property=\"og:site_name\" content=\"Galerie Durst\" \/>\n<meta property=\"article:modified_time\" content=\"2026-01-23T13:58:28+00:00\" \/>\n<meta property=\"og:image\" content=\"https:\/\/www.galeriedurst.com\/\/content\/uploads\/2025\/02\/Hiam-Demeulenaere-Bubble-1-x-Rene-Galassi-Hanae.jpg\" \/>\n\t<meta property=\"og:image:width\" content=\"2000\" \/>\n\t<meta property=\"og:image:height\" content=\"2500\" \/>\n\t<meta property=\"og:image:type\" content=\"image\/jpeg\" \/>\n<meta name=\"twitter:card\" content=\"summary_large_image\" \/>\n<script type=\"application\/ld+json\" class=\"yoast-schema-graph\">{\"@context\":\"https:\/\/schema.org\",\"@graph\":[{\"@type\":\"WebPage\",\"@id\":\"https:\/\/www.galeriedurst.com\/en\/oeuvre\/hanae\/\",\"url\":\"https:\/\/www.galeriedurst.com\/en\/oeuvre\/hanae\/\",\"name\":\"Hana\u00eb - Ren\u00e9 Galassi - Galerie Durst\",\"isPartOf\":{\"@id\":\"https:\/\/www.galeriedurst.com\/en\/#website\"},\"primaryImageOfPage\":{\"@id\":\"https:\/\/www.galeriedurst.com\/en\/oeuvre\/hanae\/#primaryimage\"},\"image\":{\"@id\":\"https:\/\/www.galeriedurst.com\/en\/oeuvre\/hanae\/#primaryimage\"},\"thumbnailUrl\":\"https:\/\/www.galeriedurst.com\/\/content\/uploads\/2025\/02\/Hiam-Demeulenaere-Bubble-1-x-Rene-Galassi-Hanae.jpg\",\"datePublished\":\"2025-02-24T16:17:14+00:00\",\"dateModified\":\"2026-01-23T13:58:28+00:00\",\"description\":\"Ren\u00e9 Galassi\u2019s Hana\u00eb plays with subtle reliefs and the softness of paper, where light delicately reveals every impression.\",\"breadcrumb\":{\"@id\":\"https:\/\/www.galeriedurst.com\/en\/oeuvre\/hanae\/#breadcrumb\"},\"inLanguage\":\"en-US\",\"potentialAction\":[{\"@type\":\"ReadAction\",\"target\":[\"https:\/\/www.galeriedurst.com\/en\/oeuvre\/hanae\/\"]}]},{\"@type\":\"ImageObject\",\"inLanguage\":\"en-US\",\"@id\":\"https:\/\/www.galeriedurst.com\/en\/oeuvre\/hanae\/#primaryimage\",\"url\":\"https:\/\/www.galeriedurst.com\/\/content\/uploads\/2025\/02\/Hiam-Demeulenaere-Bubble-1-x-Rene-Galassi-Hanae.jpg\",\"contentUrl\":\"https:\/\/www.galeriedurst.com\/\/content\/uploads\/2025\/02\/Hiam-Demeulenaere-Bubble-1-x-Rene-Galassi-Hanae.jpg\",\"width\":2000,\"height\":2500},{\"@type\":\"BreadcrumbList\",\"@id\":\"https:\/\/www.galeriedurst.com\/en\/oeuvre\/hanae\/#breadcrumb\",\"itemListElement\":[{\"@type\":\"ListItem\",\"position\":1,\"name\":\"Home\",\"item\":\"https:\/\/www.galeriedurst.com\/en\/homepage\/\"},{\"@type\":\"ListItem\",\"position\":2,\"name\":\"Artworks\",\"item\":\"https:\/\/www.galeriedurst.com\/en\/artworks\/\"},{\"@type\":\"ListItem\",\"position\":3,\"name\":\"Hana\u00eb\"}]},{\"@type\":\"WebSite\",\"@id\":\"https:\/\/www.galeriedurst.com\/en\/#website\",\"url\":\"https:\/\/www.galeriedurst.com\/en\/\",\"name\":\"Galerie Durst\",\"description\":\"Paris contemporary art gallery & art consultancy\",\"publisher\":{\"@id\":\"https:\/\/www.galeriedurst.com\/en\/#organization\"},\"potentialAction\":[{\"@type\":\"SearchAction\",\"target\":{\"@type\":\"EntryPoint\",\"urlTemplate\":\"https:\/\/www.galeriedurst.com\/en\/?s={search_term_string}\"},\"query-input\":{\"@type\":\"PropertyValueSpecification\",\"valueRequired\":true,\"valueName\":\"search_term_string\"}}],\"inLanguage\":\"en-US\"},{\"@type\":\"Organization\",\"@id\":\"https:\/\/www.galeriedurst.com\/en\/#organization\",\"name\":\"Galerie Durst\",\"url\":\"https:\/\/www.galeriedurst.com\/en\/\",\"logo\":{\"@type\":\"ImageObject\",\"inLanguage\":\"en-US\",\"@id\":\"https:\/\/www.galeriedurst.com\/en\/#\/schema\/logo\/image\/\",\"url\":\"https:\/\/www.galeriedurst.com\/\/content\/uploads\/2021\/10\/GalerieDurst_Logo.svg\",\"contentUrl\":\"https:\/\/www.galeriedurst.com\/\/content\/uploads\/2021\/10\/GalerieDurst_Logo.svg\",\"width\":1,\"height\":1,\"caption\":\"Galerie Durst\"},\"image\":{\"@id\":\"https:\/\/www.galeriedurst.com\/en\/#\/schema\/logo\/image\/\"}}]}<\/script>\n<!-- \/ Yoast SEO plugin. -->","yoast_head_json":{"title":"Hana\u00eb - Ren\u00e9 Galassi - Galerie Durst","description":"Ren\u00e9 Galassi\u2019s Hana\u00eb plays with subtle reliefs and the softness of paper, where light delicately reveals every impression.","robots":{"index":"index","follow":"follow","max-snippet":"max-snippet:-1","max-image-preview":"max-image-preview:large","max-video-preview":"max-video-preview:-1"},"canonical":"https:\/\/www.galeriedurst.com\/en\/oeuvre\/hanae\/","og_locale":"en_US","og_type":"article","og_title":"Hana\u00eb - Ren\u00e9 Galassi - Galerie Durst","og_description":"Ren\u00e9 Galassi\u2019s Hana\u00eb plays with subtle reliefs and the softness of paper, where light delicately reveals every impression.","og_url":"https:\/\/www.galeriedurst.com\/en\/oeuvre\/hanae\/","og_site_name":"Galerie Durst","article_modified_time":"2026-01-23T13:58:28+00:00","og_image":[{"width":2000,"height":2500,"url":"https:\/\/www.galeriedurst.com\/\/content\/uploads\/2025\/02\/Hiam-Demeulenaere-Bubble-1-x-Rene-Galassi-Hanae.jpg","type":"image\/jpeg"}],"twitter_card":"summary_large_image","schema":{"@context":"https:\/\/schema.org","@graph":[{"@type":"WebPage","@id":"https:\/\/www.galeriedurst.com\/en\/oeuvre\/hanae\/","url":"https:\/\/www.galeriedurst.com\/en\/oeuvre\/hanae\/","name":"Hana\u00eb - Ren\u00e9 Galassi - Galerie Durst","isPartOf":{"@id":"https:\/\/www.galeriedurst.com\/en\/#website"},"primaryImageOfPage":{"@id":"https:\/\/www.galeriedurst.com\/en\/oeuvre\/hanae\/#primaryimage"},"image":{"@id":"https:\/\/www.galeriedurst.com\/en\/oeuvre\/hanae\/#primaryimage"},"thumbnailUrl":"https:\/\/www.galeriedurst.com\/\/content\/uploads\/2025\/02\/Hiam-Demeulenaere-Bubble-1-x-Rene-Galassi-Hanae.jpg","datePublished":"2025-02-24T16:17:14+00:00","dateModified":"2026-01-23T13:58:28+00:00","description":"Ren\u00e9 Galassi\u2019s Hana\u00eb plays with subtle reliefs and the softness of paper, where light delicately reveals every impression.","breadcrumb":{"@id":"https:\/\/www.galeriedurst.com\/en\/oeuvre\/hanae\/#breadcrumb"},"inLanguage":"en-US","potentialAction":[{"@type":"ReadAction","target":["https:\/\/www.galeriedurst.com\/en\/oeuvre\/hanae\/"]}]},{"@type":"ImageObject","inLanguage":"en-US","@id":"https:\/\/www.galeriedurst.com\/en\/oeuvre\/hanae\/#primaryimage","url":"https:\/\/www.galeriedurst.com\/\/content\/uploads\/2025\/02\/Hiam-Demeulenaere-Bubble-1-x-Rene-Galassi-Hanae.jpg","contentUrl":"https:\/\/www.galeriedurst.com\/\/content\/uploads\/2025\/02\/Hiam-Demeulenaere-Bubble-1-x-Rene-Galassi-Hanae.jpg","width":2000,"height":2500},{"@type":"BreadcrumbList","@id":"https:\/\/www.galeriedurst.com\/en\/oeuvre\/hanae\/#breadcrumb","itemListElement":[{"@type":"ListItem","position":1,"name":"Home","item":"https:\/\/www.galeriedurst.com\/en\/homepage\/"},{"@type":"ListItem","position":2,"name":"Artworks","item":"https:\/\/www.galeriedurst.com\/en\/artworks\/"},{"@type":"ListItem","position":3,"name":"Hana\u00eb"}]},{"@type":"WebSite","@id":"https:\/\/www.galeriedurst.com\/en\/#website","url":"https:\/\/www.galeriedurst.com\/en\/","name":"Galerie Durst","description":"Paris contemporary art gallery & art consultancy","publisher":{"@id":"https:\/\/www.galeriedurst.com\/en\/#organization"},"potentialAction":[{"@type":"SearchAction","target":{"@type":"EntryPoint","urlTemplate":"https:\/\/www.galeriedurst.com\/en\/?s={search_term_string}"},"query-input":{"@type":"PropertyValueSpecification","valueRequired":true,"valueName":"search_term_string"}}],"inLanguage":"en-US"},{"@type":"Organization","@id":"https:\/\/www.galeriedurst.com\/en\/#organization","name":"Galerie Durst","url":"https:\/\/www.galeriedurst.com\/en\/","logo":{"@type":"ImageObject","inLanguage":"en-US","@id":"https:\/\/www.galeriedurst.com\/en\/#\/schema\/logo\/image\/","url":"https:\/\/www.galeriedurst.com\/\/content\/uploads\/2021\/10\/GalerieDurst_Logo.svg","contentUrl":"https:\/\/www.galeriedurst.com\/\/content\/uploads\/2021\/10\/GalerieDurst_Logo.svg","width":1,"height":1,"caption":"Galerie Durst"},"image":{"@id":"https:\/\/www.galeriedurst.com\/en\/#\/schema\/logo\/image\/"}}]}},"_links":{"self":[{"href":"https:\/\/www.galeriedurst.com\/en\/wp-json\/wp\/v2\/product\/18159","targetHints":{"allow":["GET"]}}],"collection":[{"href":"https:\/\/www.galeriedurst.com\/en\/wp-json\/wp\/v2\/product"}],"about":[{"href":"https:\/\/www.galeriedurst.com\/en\/wp-json\/wp\/v2\/types\/product"}],"replies":[{"embeddable":true,"href":"https:\/\/www.galeriedurst.com\/en\/wp-json\/wp\/v2\/comments?post=18159"}],"wp:featuredmedia":[{"embeddable":true,"href":"https:\/\/www.galeriedurst.com\/en\/wp-json\/wp\/v2\/media\/18162"}],"wp:attachment":[{"href":"https:\/\/www.galeriedurst.com\/en\/wp-json\/wp\/v2\/media?parent=18159"}],"wp:term":[{"taxonomy":"product_brand","embeddable":true,"href":"https:\/\/www.galeriedurst.com\/en\/wp-json\/wp\/v2\/product_brand?post=18159"},{"taxonomy":"product_cat","embeddable":true,"href":"https:\/\/www.galeriedurst.com\/en\/wp-json\/wp\/v2\/product_cat?post=18159"},{"taxonomy":"product_tag","embeddable":true,"href":"https:\/\/www.galeriedurst.com\/en\/wp-json\/wp\/v2\/product_tag?post=18159"}],"curies":[{"name":"wp","href":"https:\/\/api.w.org\/{rel}","templated":true}]}}