{"id":18163,"date":"2025-01-04T14:20:45","date_gmt":"2025-01-04T13:20:45","guid":{"rendered":"https:\/\/www.galeriedurst.com\/oeuvre\/calicots-et-pigment-bleu-outre-mer-n20\/"},"modified":"2026-01-23T15:15:45","modified_gmt":"2026-01-23T14:15:45","slug":"calicots-et-pigment-bleu-outre-mer-n20","status":"publish","type":"product","link":"https:\/\/www.galeriedurst.com\/en\/oeuvre\/calicots-et-pigment-bleu-outre-mer-n20\/","title":{"rendered":"Calicots et pigment &#8211; bleu outre-mer n\u00b020"},"content":{"rendered":"<p>Tissue paper and pigment on three-dimensional wood<br \/>\nPainted wooden frame<br \/>\n100 \u00d7 80 \u00d7 7 cm<br \/>\nUnique, signed artwork<\/p>\n<p>&nbsp;<\/p>\n<p>Ren\u00e9 Galassi shapes engravings and wall sculptures by working with clays, earths, and vibrant colors. Inspired by mineral textures and the Mediterranean light, he creates lively abstract compositions in which every relief and material contributes to a universe in motion and constant transformation. <\/p>\n<p>&nbsp;<\/p>\n<p data-start=\"299\" data-end=\"347\">This work is on view at Galerie Durst, Paris.<\/p>\n<p data-start=\"349\" data-end=\"436\" data-is-last-node=\"\" data-is-only-node=\"\">Contact us at <a href=\"mailto:bonjour@galeriedurst.com\"><strong data-start=\"366\" data-end=\"394\">bonjour@galeriedurst.com<\/strong><\/a> for more information about this work.<\/p>\n","protected":false},"excerpt":{"rendered":"<p>Tissue paper and pigment on three-dimensional wood Painted wooden frame 100 \u00d7 80 \u00d7 7 cm Unique, signed artwork &nbsp; Ren\u00e9 Galassi shapes engravings and wall sculptures by working with clays, earths, and vibrant colors. Inspired by mineral textures and the Mediterranean light, he creates lively abstract compositions in which every relief and material contributes [&hellip;]<\/p>\n","protected":false},"featured_media":17676,"comment_status":"open","ping_status":"closed","template":"","meta":{"_acf_changed":false},"product_brand":[],"product_cat":[595],"product_tag":[],"class_list":{"0":"post-18163","1":"product","2":"type-product","3":"status-publish","4":"has-post-thumbnail","6":"product_cat-rene-galassi-en","7":"product_shipping_class-carrier","9":"first","10":"instock","11":"taxable","12":"shipping-taxable","13":"purchasable","14":"product-type-simple"},"acf":[],"yoast_head":"<!-- This site is optimized with the Yoast SEO plugin v27.1.1 - https:\/\/yoast.com\/product\/yoast-seo-wordpress\/ -->\n<title>Calicots et pigment - bleu outre-mer n\u00b020 - Ren\u00e9 Galassi - Galerie Durst<\/title>\n<meta name=\"description\" content=\"Discover Ren\u00e9 Galassi\u2019s new work, Calicots et pigment \u2013 bleu outre-mer no. 20, at the gallery or on our e-shop.\" \/>\n<meta name=\"robots\" content=\"index, follow, max-snippet:-1, max-image-preview:large, max-video-preview:-1\" \/>\n<link rel=\"canonical\" href=\"https:\/\/www.galeriedurst.com\/en\/oeuvre\/calicots-et-pigment-bleu-outre-mer-n20\/\" \/>\n<meta property=\"og:locale\" content=\"en_US\" \/>\n<meta property=\"og:type\" content=\"article\" \/>\n<meta property=\"og:title\" content=\"Calicots et pigment - bleu outre-mer n\u00b020 - Ren\u00e9 Galassi - Galerie Durst\" \/>\n<meta property=\"og:description\" content=\"Discover Ren\u00e9 Galassi\u2019s new work, Calicots et pigment \u2013 bleu outre-mer no. 20, at the gallery or on our e-shop.\" \/>\n<meta property=\"og:url\" content=\"https:\/\/www.galeriedurst.com\/en\/oeuvre\/calicots-et-pigment-bleu-outre-mer-n20\/\" \/>\n<meta property=\"og:site_name\" content=\"Galerie Durst\" \/>\n<meta property=\"article:modified_time\" content=\"2026-01-23T14:15:45+00:00\" \/>\n<meta property=\"og:image\" content=\"https:\/\/www.galeriedurst.com\/\/content\/uploads\/2025\/01\/Rene-Galassi-Calicots-et-pigment-bleu-outre-mer-n\u00b020.jpg\" \/>\n\t<meta property=\"og:image:width\" content=\"828\" \/>\n\t<meta property=\"og:image:height\" content=\"1044\" \/>\n\t<meta property=\"og:image:type\" content=\"image\/jpeg\" \/>\n<meta name=\"twitter:card\" content=\"summary_large_image\" \/>\n<script type=\"application\/ld+json\" class=\"yoast-schema-graph\">{\"@context\":\"https:\/\/schema.org\",\"@graph\":[{\"@type\":\"WebPage\",\"@id\":\"https:\/\/www.galeriedurst.com\/en\/oeuvre\/calicots-et-pigment-bleu-outre-mer-n20\/\",\"url\":\"https:\/\/www.galeriedurst.com\/en\/oeuvre\/calicots-et-pigment-bleu-outre-mer-n20\/\",\"name\":\"Calicots et pigment - bleu outre-mer n\u00b020 - Ren\u00e9 Galassi - Galerie Durst\",\"isPartOf\":{\"@id\":\"https:\/\/www.galeriedurst.com\/en\/#website\"},\"primaryImageOfPage\":{\"@id\":\"https:\/\/www.galeriedurst.com\/en\/oeuvre\/calicots-et-pigment-bleu-outre-mer-n20\/#primaryimage\"},\"image\":{\"@id\":\"https:\/\/www.galeriedurst.com\/en\/oeuvre\/calicots-et-pigment-bleu-outre-mer-n20\/#primaryimage\"},\"thumbnailUrl\":\"https:\/\/www.galeriedurst.com\/\/content\/uploads\/2025\/01\/Rene-Galassi-Calicots-et-pigment-bleu-outre-mer-n\u00b020.jpg\",\"datePublished\":\"2025-01-04T13:20:45+00:00\",\"dateModified\":\"2026-01-23T14:15:45+00:00\",\"description\":\"Discover Ren\u00e9 Galassi\u2019s new work, Calicots et pigment \u2013 bleu outre-mer no. 20, at the gallery or on our e-shop.\",\"breadcrumb\":{\"@id\":\"https:\/\/www.galeriedurst.com\/en\/oeuvre\/calicots-et-pigment-bleu-outre-mer-n20\/#breadcrumb\"},\"inLanguage\":\"en-US\",\"potentialAction\":[{\"@type\":\"ReadAction\",\"target\":[\"https:\/\/www.galeriedurst.com\/en\/oeuvre\/calicots-et-pigment-bleu-outre-mer-n20\/\"]}]},{\"@type\":\"ImageObject\",\"inLanguage\":\"en-US\",\"@id\":\"https:\/\/www.galeriedurst.com\/en\/oeuvre\/calicots-et-pigment-bleu-outre-mer-n20\/#primaryimage\",\"url\":\"https:\/\/www.galeriedurst.com\/\/content\/uploads\/2025\/01\/Rene-Galassi-Calicots-et-pigment-bleu-outre-mer-n\u00b020.jpg\",\"contentUrl\":\"https:\/\/www.galeriedurst.com\/\/content\/uploads\/2025\/01\/Rene-Galassi-Calicots-et-pigment-bleu-outre-mer-n\u00b020.jpg\",\"width\":828,\"height\":1044},{\"@type\":\"BreadcrumbList\",\"@id\":\"https:\/\/www.galeriedurst.com\/en\/oeuvre\/calicots-et-pigment-bleu-outre-mer-n20\/#breadcrumb\",\"itemListElement\":[{\"@type\":\"ListItem\",\"position\":1,\"name\":\"Home\",\"item\":\"https:\/\/www.galeriedurst.com\/en\/homepage\/\"},{\"@type\":\"ListItem\",\"position\":2,\"name\":\"Artworks\",\"item\":\"https:\/\/www.galeriedurst.com\/en\/artworks\/\"},{\"@type\":\"ListItem\",\"position\":3,\"name\":\"Calicots et pigment &#8211; bleu outre-mer n\u00b020\"}]},{\"@type\":\"WebSite\",\"@id\":\"https:\/\/www.galeriedurst.com\/en\/#website\",\"url\":\"https:\/\/www.galeriedurst.com\/en\/\",\"name\":\"Galerie Durst\",\"description\":\"Paris contemporary art gallery & art consultancy\",\"publisher\":{\"@id\":\"https:\/\/www.galeriedurst.com\/en\/#organization\"},\"potentialAction\":[{\"@type\":\"SearchAction\",\"target\":{\"@type\":\"EntryPoint\",\"urlTemplate\":\"https:\/\/www.galeriedurst.com\/en\/?s={search_term_string}\"},\"query-input\":{\"@type\":\"PropertyValueSpecification\",\"valueRequired\":true,\"valueName\":\"search_term_string\"}}],\"inLanguage\":\"en-US\"},{\"@type\":\"Organization\",\"@id\":\"https:\/\/www.galeriedurst.com\/en\/#organization\",\"name\":\"Galerie Durst\",\"url\":\"https:\/\/www.galeriedurst.com\/en\/\",\"logo\":{\"@type\":\"ImageObject\",\"inLanguage\":\"en-US\",\"@id\":\"https:\/\/www.galeriedurst.com\/en\/#\/schema\/logo\/image\/\",\"url\":\"https:\/\/www.galeriedurst.com\/\/content\/uploads\/2021\/10\/GalerieDurst_Logo.svg\",\"contentUrl\":\"https:\/\/www.galeriedurst.com\/\/content\/uploads\/2021\/10\/GalerieDurst_Logo.svg\",\"width\":1,\"height\":1,\"caption\":\"Galerie Durst\"},\"image\":{\"@id\":\"https:\/\/www.galeriedurst.com\/en\/#\/schema\/logo\/image\/\"}}]}<\/script>\n<!-- \/ Yoast SEO plugin. -->","yoast_head_json":{"title":"Calicots et pigment - bleu outre-mer n\u00b020 - Ren\u00e9 Galassi - Galerie Durst","description":"Discover Ren\u00e9 Galassi\u2019s new work, Calicots et pigment \u2013 bleu outre-mer no. 20, at the gallery or on our e-shop.","robots":{"index":"index","follow":"follow","max-snippet":"max-snippet:-1","max-image-preview":"max-image-preview:large","max-video-preview":"max-video-preview:-1"},"canonical":"https:\/\/www.galeriedurst.com\/en\/oeuvre\/calicots-et-pigment-bleu-outre-mer-n20\/","og_locale":"en_US","og_type":"article","og_title":"Calicots et pigment - bleu outre-mer n\u00b020 - Ren\u00e9 Galassi - Galerie Durst","og_description":"Discover Ren\u00e9 Galassi\u2019s new work, Calicots et pigment \u2013 bleu outre-mer no. 20, at the gallery or on our e-shop.","og_url":"https:\/\/www.galeriedurst.com\/en\/oeuvre\/calicots-et-pigment-bleu-outre-mer-n20\/","og_site_name":"Galerie Durst","article_modified_time":"2026-01-23T14:15:45+00:00","og_image":[{"width":828,"height":1044,"url":"https:\/\/www.galeriedurst.com\/\/content\/uploads\/2025\/01\/Rene-Galassi-Calicots-et-pigment-bleu-outre-mer-n\u00b020.jpg","type":"image\/jpeg"}],"twitter_card":"summary_large_image","schema":{"@context":"https:\/\/schema.org","@graph":[{"@type":"WebPage","@id":"https:\/\/www.galeriedurst.com\/en\/oeuvre\/calicots-et-pigment-bleu-outre-mer-n20\/","url":"https:\/\/www.galeriedurst.com\/en\/oeuvre\/calicots-et-pigment-bleu-outre-mer-n20\/","name":"Calicots et pigment - bleu outre-mer n\u00b020 - Ren\u00e9 Galassi - Galerie Durst","isPartOf":{"@id":"https:\/\/www.galeriedurst.com\/en\/#website"},"primaryImageOfPage":{"@id":"https:\/\/www.galeriedurst.com\/en\/oeuvre\/calicots-et-pigment-bleu-outre-mer-n20\/#primaryimage"},"image":{"@id":"https:\/\/www.galeriedurst.com\/en\/oeuvre\/calicots-et-pigment-bleu-outre-mer-n20\/#primaryimage"},"thumbnailUrl":"https:\/\/www.galeriedurst.com\/\/content\/uploads\/2025\/01\/Rene-Galassi-Calicots-et-pigment-bleu-outre-mer-n\u00b020.jpg","datePublished":"2025-01-04T13:20:45+00:00","dateModified":"2026-01-23T14:15:45+00:00","description":"Discover Ren\u00e9 Galassi\u2019s new work, Calicots et pigment \u2013 bleu outre-mer no. 20, at the gallery or on our e-shop.","breadcrumb":{"@id":"https:\/\/www.galeriedurst.com\/en\/oeuvre\/calicots-et-pigment-bleu-outre-mer-n20\/#breadcrumb"},"inLanguage":"en-US","potentialAction":[{"@type":"ReadAction","target":["https:\/\/www.galeriedurst.com\/en\/oeuvre\/calicots-et-pigment-bleu-outre-mer-n20\/"]}]},{"@type":"ImageObject","inLanguage":"en-US","@id":"https:\/\/www.galeriedurst.com\/en\/oeuvre\/calicots-et-pigment-bleu-outre-mer-n20\/#primaryimage","url":"https:\/\/www.galeriedurst.com\/\/content\/uploads\/2025\/01\/Rene-Galassi-Calicots-et-pigment-bleu-outre-mer-n\u00b020.jpg","contentUrl":"https:\/\/www.galeriedurst.com\/\/content\/uploads\/2025\/01\/Rene-Galassi-Calicots-et-pigment-bleu-outre-mer-n\u00b020.jpg","width":828,"height":1044},{"@type":"BreadcrumbList","@id":"https:\/\/www.galeriedurst.com\/en\/oeuvre\/calicots-et-pigment-bleu-outre-mer-n20\/#breadcrumb","itemListElement":[{"@type":"ListItem","position":1,"name":"Home","item":"https:\/\/www.galeriedurst.com\/en\/homepage\/"},{"@type":"ListItem","position":2,"name":"Artworks","item":"https:\/\/www.galeriedurst.com\/en\/artworks\/"},{"@type":"ListItem","position":3,"name":"Calicots et pigment &#8211; bleu outre-mer n\u00b020"}]},{"@type":"WebSite","@id":"https:\/\/www.galeriedurst.com\/en\/#website","url":"https:\/\/www.galeriedurst.com\/en\/","name":"Galerie Durst","description":"Paris contemporary art gallery & art consultancy","publisher":{"@id":"https:\/\/www.galeriedurst.com\/en\/#organization"},"potentialAction":[{"@type":"SearchAction","target":{"@type":"EntryPoint","urlTemplate":"https:\/\/www.galeriedurst.com\/en\/?s={search_term_string}"},"query-input":{"@type":"PropertyValueSpecification","valueRequired":true,"valueName":"search_term_string"}}],"inLanguage":"en-US"},{"@type":"Organization","@id":"https:\/\/www.galeriedurst.com\/en\/#organization","name":"Galerie Durst","url":"https:\/\/www.galeriedurst.com\/en\/","logo":{"@type":"ImageObject","inLanguage":"en-US","@id":"https:\/\/www.galeriedurst.com\/en\/#\/schema\/logo\/image\/","url":"https:\/\/www.galeriedurst.com\/\/content\/uploads\/2021\/10\/GalerieDurst_Logo.svg","contentUrl":"https:\/\/www.galeriedurst.com\/\/content\/uploads\/2021\/10\/GalerieDurst_Logo.svg","width":1,"height":1,"caption":"Galerie Durst"},"image":{"@id":"https:\/\/www.galeriedurst.com\/en\/#\/schema\/logo\/image\/"}}]}},"_links":{"self":[{"href":"https:\/\/www.galeriedurst.com\/en\/wp-json\/wp\/v2\/product\/18163","targetHints":{"allow":["GET"]}}],"collection":[{"href":"https:\/\/www.galeriedurst.com\/en\/wp-json\/wp\/v2\/product"}],"about":[{"href":"https:\/\/www.galeriedurst.com\/en\/wp-json\/wp\/v2\/types\/product"}],"replies":[{"embeddable":true,"href":"https:\/\/www.galeriedurst.com\/en\/wp-json\/wp\/v2\/comments?post=18163"}],"wp:featuredmedia":[{"embeddable":true,"href":"https:\/\/www.galeriedurst.com\/en\/wp-json\/wp\/v2\/media\/17676"}],"wp:attachment":[{"href":"https:\/\/www.galeriedurst.com\/en\/wp-json\/wp\/v2\/media?parent=18163"}],"wp:term":[{"taxonomy":"product_brand","embeddable":true,"href":"https:\/\/www.galeriedurst.com\/en\/wp-json\/wp\/v2\/product_brand?post=18163"},{"taxonomy":"product_cat","embeddable":true,"href":"https:\/\/www.galeriedurst.com\/en\/wp-json\/wp\/v2\/product_cat?post=18163"},{"taxonomy":"product_tag","embeddable":true,"href":"https:\/\/www.galeriedurst.com\/en\/wp-json\/wp\/v2\/product_tag?post=18163"}],"curies":[{"name":"wp","href":"https:\/\/api.w.org\/{rel}","templated":true}]}}