{"id":18168,"date":"2024-04-04T12:35:42","date_gmt":"2024-04-04T10:35:42","guid":{"rendered":"https:\/\/www.galeriedurst.com\/oeuvre\/calicots-pigments-ocre\/"},"modified":"2026-01-23T15:41:51","modified_gmt":"2026-01-23T14:41:51","slug":"calicots-pigments-ocre","status":"publish","type":"product","link":"https:\/\/www.galeriedurst.com\/en\/oeuvre\/calicots-pigments-ocre\/","title":{"rendered":"Calicots &amp; pigments ocre"},"content":{"rendered":"<p>Moulin de Larroque paper and three-dimensional pigment<br \/>\nBox-style plexiglass frame<br \/>\n67 \u00d7 86 \u00d7 8 cm<br \/>\nUnique, signed artwork<\/p>\n<p>&nbsp;<\/p>\n<p>Ren\u00e9 Galassi shapes engravings and wall sculptures by working with clays, earths, and vibrant colors. Inspired by mineral textures and the Mediterranean light, he creates lively abstract compositions in which every relief and material contributes to a universe in motion and constant transformation. <\/p>\n<p>&nbsp;<\/p>\n<p data-start=\"299\" data-end=\"347\">This work is on view at Galerie Durst, Paris.<\/p>\n<p data-start=\"349\" data-end=\"436\" data-is-last-node=\"\" data-is-only-node=\"\">Contact us at <a href=\"mailto:bonjour@galeriedurst.com\"><strong data-start=\"366\" data-end=\"394\">bonjour@galeriedurst.com<\/strong><\/a> for more information about this work.<\/p>\n","protected":false},"excerpt":{"rendered":"<p>Moulin de Larroque paper and three-dimensional pigment Box-style plexiglass frame 67 \u00d7 86 \u00d7 8 cm Unique, signed artwork &nbsp; Ren\u00e9 Galassi shapes engravings and wall sculptures by working with clays, earths, and vibrant colors. Inspired by mineral textures and the Mediterranean light, he creates lively abstract compositions in which every relief and material contributes [&hellip;]<\/p>\n","protected":false},"featured_media":18171,"comment_status":"open","ping_status":"closed","template":"","meta":{"_acf_changed":false},"product_brand":[],"product_cat":[595],"product_tag":[],"class_list":{"0":"post-18168","1":"product","2":"type-product","3":"status-publish","4":"has-post-thumbnail","6":"product_cat-rene-galassi-en","7":"product_shipping_class-carrier","9":"first","10":"instock","11":"taxable","12":"shipping-taxable","13":"purchasable","14":"product-type-simple"},"acf":[],"yoast_head":"<!-- This site is optimized with the Yoast SEO plugin v27.1.1 - https:\/\/yoast.com\/product\/yoast-seo-wordpress\/ -->\n<title>Calicots &amp; pigments ocre - Ren\u00e9 Galassi - Galerie Durst<\/title>\n<meta name=\"description\" content=\"Discover at Galerie Durst the new work Calicots &amp; pigments ocre by Ren\u00e9 Galassi, a powerful abstract wall sculpture.\" \/>\n<meta name=\"robots\" content=\"index, follow, max-snippet:-1, max-image-preview:large, max-video-preview:-1\" \/>\n<link rel=\"canonical\" href=\"https:\/\/www.galeriedurst.com\/en\/oeuvre\/calicots-pigments-ocre\/\" \/>\n<meta property=\"og:locale\" content=\"en_US\" \/>\n<meta property=\"og:type\" content=\"article\" \/>\n<meta property=\"og:title\" content=\"Calicots &amp; pigments ocre - Ren\u00e9 Galassi - Galerie Durst\" \/>\n<meta property=\"og:description\" content=\"Discover at Galerie Durst the new work Calicots &amp; pigments ocre by Ren\u00e9 Galassi, a powerful abstract wall sculpture.\" \/>\n<meta property=\"og:url\" content=\"https:\/\/www.galeriedurst.com\/en\/oeuvre\/calicots-pigments-ocre\/\" \/>\n<meta property=\"og:site_name\" content=\"Galerie Durst\" \/>\n<meta property=\"article:modified_time\" content=\"2026-01-23T14:41:51+00:00\" \/>\n<meta property=\"og:image\" content=\"https:\/\/www.galeriedurst.com\/\/content\/uploads\/2024\/04\/Rene-Galassi-Calicots-pigments-ocre-Hiam-Demeulenaere-Cactus-1_-scaled.jpg\" \/>\n\t<meta property=\"og:image:width\" content=\"1557\" \/>\n\t<meta property=\"og:image:height\" content=\"2048\" \/>\n\t<meta property=\"og:image:type\" content=\"image\/jpeg\" \/>\n<meta name=\"twitter:card\" content=\"summary_large_image\" \/>\n<script type=\"application\/ld+json\" class=\"yoast-schema-graph\">{\"@context\":\"https:\/\/schema.org\",\"@graph\":[{\"@type\":\"WebPage\",\"@id\":\"https:\/\/www.galeriedurst.com\/en\/oeuvre\/calicots-pigments-ocre\/\",\"url\":\"https:\/\/www.galeriedurst.com\/en\/oeuvre\/calicots-pigments-ocre\/\",\"name\":\"Calicots &amp; pigments ocre - Ren\u00e9 Galassi - Galerie Durst\",\"isPartOf\":{\"@id\":\"https:\/\/www.galeriedurst.com\/en\/#website\"},\"primaryImageOfPage\":{\"@id\":\"https:\/\/www.galeriedurst.com\/en\/oeuvre\/calicots-pigments-ocre\/#primaryimage\"},\"image\":{\"@id\":\"https:\/\/www.galeriedurst.com\/en\/oeuvre\/calicots-pigments-ocre\/#primaryimage\"},\"thumbnailUrl\":\"https:\/\/www.galeriedurst.com\/\/content\/uploads\/2024\/04\/Rene-Galassi-Calicots-pigments-ocre-Hiam-Demeulenaere-Cactus-1_-scaled.jpg\",\"datePublished\":\"2024-04-04T10:35:42+00:00\",\"dateModified\":\"2026-01-23T14:41:51+00:00\",\"description\":\"Discover at Galerie Durst the new work Calicots & pigments ocre by Ren\u00e9 Galassi, a powerful abstract wall sculpture.\",\"breadcrumb\":{\"@id\":\"https:\/\/www.galeriedurst.com\/en\/oeuvre\/calicots-pigments-ocre\/#breadcrumb\"},\"inLanguage\":\"en-US\",\"potentialAction\":[{\"@type\":\"ReadAction\",\"target\":[\"https:\/\/www.galeriedurst.com\/en\/oeuvre\/calicots-pigments-ocre\/\"]}]},{\"@type\":\"ImageObject\",\"inLanguage\":\"en-US\",\"@id\":\"https:\/\/www.galeriedurst.com\/en\/oeuvre\/calicots-pigments-ocre\/#primaryimage\",\"url\":\"https:\/\/www.galeriedurst.com\/\/content\/uploads\/2024\/04\/Rene-Galassi-Calicots-pigments-ocre-Hiam-Demeulenaere-Cactus-1_-scaled.jpg\",\"contentUrl\":\"https:\/\/www.galeriedurst.com\/\/content\/uploads\/2024\/04\/Rene-Galassi-Calicots-pigments-ocre-Hiam-Demeulenaere-Cactus-1_-scaled.jpg\",\"width\":1557,\"height\":2048},{\"@type\":\"BreadcrumbList\",\"@id\":\"https:\/\/www.galeriedurst.com\/en\/oeuvre\/calicots-pigments-ocre\/#breadcrumb\",\"itemListElement\":[{\"@type\":\"ListItem\",\"position\":1,\"name\":\"Home\",\"item\":\"https:\/\/www.galeriedurst.com\/en\/homepage\/\"},{\"@type\":\"ListItem\",\"position\":2,\"name\":\"Artworks\",\"item\":\"https:\/\/www.galeriedurst.com\/en\/artworks\/\"},{\"@type\":\"ListItem\",\"position\":3,\"name\":\"Calicots &amp; pigments ocre\"}]},{\"@type\":\"WebSite\",\"@id\":\"https:\/\/www.galeriedurst.com\/en\/#website\",\"url\":\"https:\/\/www.galeriedurst.com\/en\/\",\"name\":\"Galerie Durst\",\"description\":\"Paris contemporary art gallery & art consultancy\",\"publisher\":{\"@id\":\"https:\/\/www.galeriedurst.com\/en\/#organization\"},\"potentialAction\":[{\"@type\":\"SearchAction\",\"target\":{\"@type\":\"EntryPoint\",\"urlTemplate\":\"https:\/\/www.galeriedurst.com\/en\/?s={search_term_string}\"},\"query-input\":{\"@type\":\"PropertyValueSpecification\",\"valueRequired\":true,\"valueName\":\"search_term_string\"}}],\"inLanguage\":\"en-US\"},{\"@type\":\"Organization\",\"@id\":\"https:\/\/www.galeriedurst.com\/en\/#organization\",\"name\":\"Galerie Durst\",\"url\":\"https:\/\/www.galeriedurst.com\/en\/\",\"logo\":{\"@type\":\"ImageObject\",\"inLanguage\":\"en-US\",\"@id\":\"https:\/\/www.galeriedurst.com\/en\/#\/schema\/logo\/image\/\",\"url\":\"https:\/\/www.galeriedurst.com\/\/content\/uploads\/2021\/10\/GalerieDurst_Logo.svg\",\"contentUrl\":\"https:\/\/www.galeriedurst.com\/\/content\/uploads\/2021\/10\/GalerieDurst_Logo.svg\",\"width\":1,\"height\":1,\"caption\":\"Galerie Durst\"},\"image\":{\"@id\":\"https:\/\/www.galeriedurst.com\/en\/#\/schema\/logo\/image\/\"}}]}<\/script>\n<!-- \/ Yoast SEO plugin. -->","yoast_head_json":{"title":"Calicots &amp; pigments ocre - Ren\u00e9 Galassi - Galerie Durst","description":"Discover at Galerie Durst the new work Calicots & pigments ocre by Ren\u00e9 Galassi, a powerful abstract wall sculpture.","robots":{"index":"index","follow":"follow","max-snippet":"max-snippet:-1","max-image-preview":"max-image-preview:large","max-video-preview":"max-video-preview:-1"},"canonical":"https:\/\/www.galeriedurst.com\/en\/oeuvre\/calicots-pigments-ocre\/","og_locale":"en_US","og_type":"article","og_title":"Calicots &amp; pigments ocre - Ren\u00e9 Galassi - Galerie Durst","og_description":"Discover at Galerie Durst the new work Calicots & pigments ocre by Ren\u00e9 Galassi, a powerful abstract wall sculpture.","og_url":"https:\/\/www.galeriedurst.com\/en\/oeuvre\/calicots-pigments-ocre\/","og_site_name":"Galerie Durst","article_modified_time":"2026-01-23T14:41:51+00:00","og_image":[{"width":1557,"height":2048,"url":"https:\/\/www.galeriedurst.com\/\/content\/uploads\/2024\/04\/Rene-Galassi-Calicots-pigments-ocre-Hiam-Demeulenaere-Cactus-1_-scaled.jpg","type":"image\/jpeg"}],"twitter_card":"summary_large_image","schema":{"@context":"https:\/\/schema.org","@graph":[{"@type":"WebPage","@id":"https:\/\/www.galeriedurst.com\/en\/oeuvre\/calicots-pigments-ocre\/","url":"https:\/\/www.galeriedurst.com\/en\/oeuvre\/calicots-pigments-ocre\/","name":"Calicots &amp; pigments ocre - Ren\u00e9 Galassi - Galerie Durst","isPartOf":{"@id":"https:\/\/www.galeriedurst.com\/en\/#website"},"primaryImageOfPage":{"@id":"https:\/\/www.galeriedurst.com\/en\/oeuvre\/calicots-pigments-ocre\/#primaryimage"},"image":{"@id":"https:\/\/www.galeriedurst.com\/en\/oeuvre\/calicots-pigments-ocre\/#primaryimage"},"thumbnailUrl":"https:\/\/www.galeriedurst.com\/\/content\/uploads\/2024\/04\/Rene-Galassi-Calicots-pigments-ocre-Hiam-Demeulenaere-Cactus-1_-scaled.jpg","datePublished":"2024-04-04T10:35:42+00:00","dateModified":"2026-01-23T14:41:51+00:00","description":"Discover at Galerie Durst the new work Calicots & pigments ocre by Ren\u00e9 Galassi, a powerful abstract wall sculpture.","breadcrumb":{"@id":"https:\/\/www.galeriedurst.com\/en\/oeuvre\/calicots-pigments-ocre\/#breadcrumb"},"inLanguage":"en-US","potentialAction":[{"@type":"ReadAction","target":["https:\/\/www.galeriedurst.com\/en\/oeuvre\/calicots-pigments-ocre\/"]}]},{"@type":"ImageObject","inLanguage":"en-US","@id":"https:\/\/www.galeriedurst.com\/en\/oeuvre\/calicots-pigments-ocre\/#primaryimage","url":"https:\/\/www.galeriedurst.com\/\/content\/uploads\/2024\/04\/Rene-Galassi-Calicots-pigments-ocre-Hiam-Demeulenaere-Cactus-1_-scaled.jpg","contentUrl":"https:\/\/www.galeriedurst.com\/\/content\/uploads\/2024\/04\/Rene-Galassi-Calicots-pigments-ocre-Hiam-Demeulenaere-Cactus-1_-scaled.jpg","width":1557,"height":2048},{"@type":"BreadcrumbList","@id":"https:\/\/www.galeriedurst.com\/en\/oeuvre\/calicots-pigments-ocre\/#breadcrumb","itemListElement":[{"@type":"ListItem","position":1,"name":"Home","item":"https:\/\/www.galeriedurst.com\/en\/homepage\/"},{"@type":"ListItem","position":2,"name":"Artworks","item":"https:\/\/www.galeriedurst.com\/en\/artworks\/"},{"@type":"ListItem","position":3,"name":"Calicots &amp; pigments ocre"}]},{"@type":"WebSite","@id":"https:\/\/www.galeriedurst.com\/en\/#website","url":"https:\/\/www.galeriedurst.com\/en\/","name":"Galerie Durst","description":"Paris contemporary art gallery & art consultancy","publisher":{"@id":"https:\/\/www.galeriedurst.com\/en\/#organization"},"potentialAction":[{"@type":"SearchAction","target":{"@type":"EntryPoint","urlTemplate":"https:\/\/www.galeriedurst.com\/en\/?s={search_term_string}"},"query-input":{"@type":"PropertyValueSpecification","valueRequired":true,"valueName":"search_term_string"}}],"inLanguage":"en-US"},{"@type":"Organization","@id":"https:\/\/www.galeriedurst.com\/en\/#organization","name":"Galerie Durst","url":"https:\/\/www.galeriedurst.com\/en\/","logo":{"@type":"ImageObject","inLanguage":"en-US","@id":"https:\/\/www.galeriedurst.com\/en\/#\/schema\/logo\/image\/","url":"https:\/\/www.galeriedurst.com\/\/content\/uploads\/2021\/10\/GalerieDurst_Logo.svg","contentUrl":"https:\/\/www.galeriedurst.com\/\/content\/uploads\/2021\/10\/GalerieDurst_Logo.svg","width":1,"height":1,"caption":"Galerie Durst"},"image":{"@id":"https:\/\/www.galeriedurst.com\/en\/#\/schema\/logo\/image\/"}}]}},"_links":{"self":[{"href":"https:\/\/www.galeriedurst.com\/en\/wp-json\/wp\/v2\/product\/18168","targetHints":{"allow":["GET"]}}],"collection":[{"href":"https:\/\/www.galeriedurst.com\/en\/wp-json\/wp\/v2\/product"}],"about":[{"href":"https:\/\/www.galeriedurst.com\/en\/wp-json\/wp\/v2\/types\/product"}],"replies":[{"embeddable":true,"href":"https:\/\/www.galeriedurst.com\/en\/wp-json\/wp\/v2\/comments?post=18168"}],"wp:featuredmedia":[{"embeddable":true,"href":"https:\/\/www.galeriedurst.com\/en\/wp-json\/wp\/v2\/media\/18171"}],"wp:attachment":[{"href":"https:\/\/www.galeriedurst.com\/en\/wp-json\/wp\/v2\/media?parent=18168"}],"wp:term":[{"taxonomy":"product_brand","embeddable":true,"href":"https:\/\/www.galeriedurst.com\/en\/wp-json\/wp\/v2\/product_brand?post=18168"},{"taxonomy":"product_cat","embeddable":true,"href":"https:\/\/www.galeriedurst.com\/en\/wp-json\/wp\/v2\/product_cat?post=18168"},{"taxonomy":"product_tag","embeddable":true,"href":"https:\/\/www.galeriedurst.com\/en\/wp-json\/wp\/v2\/product_tag?post=18168"}],"curies":[{"name":"wp","href":"https:\/\/api.w.org\/{rel}","templated":true}]}}