{"id":18463,"date":"2024-10-01T20:56:11","date_gmt":"2024-10-01T18:56:11","guid":{"rendered":"https:\/\/www.galeriedurst.com\/oeuvre\/le-buisson-des-lumieres\/"},"modified":"2026-02-02T12:39:46","modified_gmt":"2026-02-02T11:39:46","slug":"le-buisson-des-lumieres","status":"publish","type":"product","link":"https:\/\/www.galeriedurst.com\/en\/oeuvre\/le-buisson-des-lumieres\/","title":{"rendered":"Le buisson des lumi\u00e8res"},"content":{"rendered":"<p>Collage on wood<br \/>\n100 \u00d7 140 cm<br \/>\nOriginal signed artwork<br \/>\nFrance, April 2006<br \/>\nNo. 3459-0<\/p>\n<p>&nbsp;<\/p>\n<div><\/div>\n<div><strong data-start=\"186\" data-end=\"269\">Fitzia masters the art of collage with unique precision and sensitivity.<\/strong> From small \u201cnothings\u201d, paper, glue, patinas, and wax, she composes surfaces rich in shapes, transparencies, and textures, transforming the ordinary into refined and surprising abstractions. Each work invites the viewer into an endless exploration, balancing chance, mastery, and personal interpretation, revealing a universe that is at once modern, vibrant, and delicately sophisticated. <\/div>\n<p>&nbsp;<\/p>\n<p data-start=\"299\" data-end=\"347\">This artwork is on view at Galerie Durst, Paris.<\/p>\n<p data-start=\"349\" data-end=\"436\" data-is-last-node=\"\" data-is-only-node=\"\">Contact us at <a href=\"mailto:bonjour@galeriedurst.com\"><strong data-start=\"366\" data-end=\"394\">bonjour@galeriedurst.com<\/strong><\/a> for more information about this artwork<\/p>\n","protected":false},"excerpt":{"rendered":"<p>Collage on wood 100 \u00d7 140 cm Original signed artwork France, April 2006 No. 3459-0 &nbsp; Fitzia masters the art of collage with unique precision and sensitivity. From small \u201cnothings\u201d, paper, glue, patinas, and wax, she composes surfaces rich in shapes, transparencies, and textures, transforming the ordinary into refined and surprising abstractions. Each work invites [&hellip;]<\/p>\n","protected":false},"featured_media":18464,"comment_status":"open","ping_status":"closed","template":"","meta":{"_acf_changed":false},"product_brand":[],"product_cat":[578],"product_tag":[],"class_list":{"0":"post-18463","1":"product","2":"type-product","3":"status-publish","4":"has-post-thumbnail","6":"product_cat-fitzia-en","7":"product_shipping_class-carrier","9":"first","10":"instock","11":"taxable","12":"shipping-taxable","13":"purchasable","14":"product-type-simple"},"acf":[],"yoast_head":"<!-- This site is optimized with the Yoast SEO plugin v27.1.1 - https:\/\/yoast.com\/product\/yoast-seo-wordpress\/ -->\n<title>Le buisson des lumi\u00e8res - Fitzia - Galerie Durst<\/title>\n<meta name=\"description\" content=\"D\u00e9couvrez l&#039;\u0153uvre captivante de Fitzia &quot;Le buisson des lumi\u00e8res&quot;, un collage sur bois de 2006 fait de papiers pr\u00e9cieux et d\u00e9licats.\" \/>\n<meta name=\"robots\" content=\"index, follow, max-snippet:-1, max-image-preview:large, max-video-preview:-1\" \/>\n<link rel=\"canonical\" href=\"https:\/\/www.galeriedurst.com\/en\/oeuvre\/le-buisson-des-lumieres\/\" \/>\n<meta property=\"og:locale\" content=\"en_US\" \/>\n<meta property=\"og:type\" content=\"article\" \/>\n<meta property=\"og:title\" content=\"Le buisson des lumi\u00e8res - Fitzia - Galerie Durst\" \/>\n<meta property=\"og:description\" content=\"D\u00e9couvrez l&#039;\u0153uvre captivante de Fitzia &quot;Le buisson des lumi\u00e8res&quot;, un collage sur bois de 2006 fait de papiers pr\u00e9cieux et d\u00e9licats.\" \/>\n<meta property=\"og:url\" content=\"https:\/\/www.galeriedurst.com\/en\/oeuvre\/le-buisson-des-lumieres\/\" \/>\n<meta property=\"og:site_name\" content=\"Galerie Durst\" \/>\n<meta property=\"article:modified_time\" content=\"2026-02-02T11:39:46+00:00\" \/>\n<meta property=\"og:image\" content=\"https:\/\/www.galeriedurst.com\/\/content\/uploads\/2024\/10\/Galerie-Durst-lj-210924-IMG_1147-1024x1024.jpg\" \/>\n\t<meta property=\"og:image:width\" content=\"1024\" \/>\n\t<meta property=\"og:image:height\" content=\"1024\" \/>\n\t<meta property=\"og:image:type\" content=\"image\/jpeg\" \/>\n<meta name=\"twitter:card\" content=\"summary_large_image\" \/>\n<script type=\"application\/ld+json\" class=\"yoast-schema-graph\">{\"@context\":\"https:\/\/schema.org\",\"@graph\":[{\"@type\":\"WebPage\",\"@id\":\"https:\/\/www.galeriedurst.com\/en\/oeuvre\/le-buisson-des-lumieres\/\",\"url\":\"https:\/\/www.galeriedurst.com\/en\/oeuvre\/le-buisson-des-lumieres\/\",\"name\":\"Le buisson des lumi\u00e8res - Fitzia - Galerie Durst\",\"isPartOf\":{\"@id\":\"https:\/\/www.galeriedurst.com\/en\/#website\"},\"primaryImageOfPage\":{\"@id\":\"https:\/\/www.galeriedurst.com\/en\/oeuvre\/le-buisson-des-lumieres\/#primaryimage\"},\"image\":{\"@id\":\"https:\/\/www.galeriedurst.com\/en\/oeuvre\/le-buisson-des-lumieres\/#primaryimage\"},\"thumbnailUrl\":\"https:\/\/www.galeriedurst.com\/\/content\/uploads\/2024\/10\/Galerie-Durst-lj-210924-IMG_1147.jpg\",\"datePublished\":\"2024-10-01T18:56:11+00:00\",\"dateModified\":\"2026-02-02T11:39:46+00:00\",\"description\":\"D\u00e9couvrez l'\u0153uvre captivante de Fitzia \\\"Le buisson des lumi\u00e8res\\\", un collage sur bois de 2006 fait de papiers pr\u00e9cieux et d\u00e9licats.\",\"breadcrumb\":{\"@id\":\"https:\/\/www.galeriedurst.com\/en\/oeuvre\/le-buisson-des-lumieres\/#breadcrumb\"},\"inLanguage\":\"en-US\",\"potentialAction\":[{\"@type\":\"ReadAction\",\"target\":[\"https:\/\/www.galeriedurst.com\/en\/oeuvre\/le-buisson-des-lumieres\/\"]}]},{\"@type\":\"ImageObject\",\"inLanguage\":\"en-US\",\"@id\":\"https:\/\/www.galeriedurst.com\/en\/oeuvre\/le-buisson-des-lumieres\/#primaryimage\",\"url\":\"https:\/\/www.galeriedurst.com\/\/content\/uploads\/2024\/10\/Galerie-Durst-lj-210924-IMG_1147.jpg\",\"contentUrl\":\"https:\/\/www.galeriedurst.com\/\/content\/uploads\/2024\/10\/Galerie-Durst-lj-210924-IMG_1147.jpg\",\"width\":2048,\"height\":2048},{\"@type\":\"BreadcrumbList\",\"@id\":\"https:\/\/www.galeriedurst.com\/en\/oeuvre\/le-buisson-des-lumieres\/#breadcrumb\",\"itemListElement\":[{\"@type\":\"ListItem\",\"position\":1,\"name\":\"Home\",\"item\":\"https:\/\/www.galeriedurst.com\/en\/homepage\/\"},{\"@type\":\"ListItem\",\"position\":2,\"name\":\"Artworks\",\"item\":\"https:\/\/www.galeriedurst.com\/en\/artworks\/\"},{\"@type\":\"ListItem\",\"position\":3,\"name\":\"Le buisson des lumi\u00e8res\"}]},{\"@type\":\"WebSite\",\"@id\":\"https:\/\/www.galeriedurst.com\/en\/#website\",\"url\":\"https:\/\/www.galeriedurst.com\/en\/\",\"name\":\"Galerie Durst\",\"description\":\"Paris contemporary art gallery & art consultancy\",\"publisher\":{\"@id\":\"https:\/\/www.galeriedurst.com\/en\/#organization\"},\"potentialAction\":[{\"@type\":\"SearchAction\",\"target\":{\"@type\":\"EntryPoint\",\"urlTemplate\":\"https:\/\/www.galeriedurst.com\/en\/?s={search_term_string}\"},\"query-input\":{\"@type\":\"PropertyValueSpecification\",\"valueRequired\":true,\"valueName\":\"search_term_string\"}}],\"inLanguage\":\"en-US\"},{\"@type\":\"Organization\",\"@id\":\"https:\/\/www.galeriedurst.com\/en\/#organization\",\"name\":\"Galerie Durst\",\"url\":\"https:\/\/www.galeriedurst.com\/en\/\",\"logo\":{\"@type\":\"ImageObject\",\"inLanguage\":\"en-US\",\"@id\":\"https:\/\/www.galeriedurst.com\/en\/#\/schema\/logo\/image\/\",\"url\":\"https:\/\/www.galeriedurst.com\/\/content\/uploads\/2021\/10\/GalerieDurst_Logo.svg\",\"contentUrl\":\"https:\/\/www.galeriedurst.com\/\/content\/uploads\/2021\/10\/GalerieDurst_Logo.svg\",\"width\":1,\"height\":1,\"caption\":\"Galerie Durst\"},\"image\":{\"@id\":\"https:\/\/www.galeriedurst.com\/en\/#\/schema\/logo\/image\/\"}}]}<\/script>\n<!-- \/ Yoast SEO plugin. -->","yoast_head_json":{"title":"Le buisson des lumi\u00e8res - Fitzia - Galerie Durst","description":"D\u00e9couvrez l'\u0153uvre captivante de Fitzia \"Le buisson des lumi\u00e8res\", un collage sur bois de 2006 fait de papiers pr\u00e9cieux et d\u00e9licats.","robots":{"index":"index","follow":"follow","max-snippet":"max-snippet:-1","max-image-preview":"max-image-preview:large","max-video-preview":"max-video-preview:-1"},"canonical":"https:\/\/www.galeriedurst.com\/en\/oeuvre\/le-buisson-des-lumieres\/","og_locale":"en_US","og_type":"article","og_title":"Le buisson des lumi\u00e8res - Fitzia - Galerie Durst","og_description":"D\u00e9couvrez l'\u0153uvre captivante de Fitzia \"Le buisson des lumi\u00e8res\", un collage sur bois de 2006 fait de papiers pr\u00e9cieux et d\u00e9licats.","og_url":"https:\/\/www.galeriedurst.com\/en\/oeuvre\/le-buisson-des-lumieres\/","og_site_name":"Galerie Durst","article_modified_time":"2026-02-02T11:39:46+00:00","og_image":[{"width":1024,"height":1024,"url":"https:\/\/www.galeriedurst.com\/\/content\/uploads\/2024\/10\/Galerie-Durst-lj-210924-IMG_1147-1024x1024.jpg","type":"image\/jpeg"}],"twitter_card":"summary_large_image","schema":{"@context":"https:\/\/schema.org","@graph":[{"@type":"WebPage","@id":"https:\/\/www.galeriedurst.com\/en\/oeuvre\/le-buisson-des-lumieres\/","url":"https:\/\/www.galeriedurst.com\/en\/oeuvre\/le-buisson-des-lumieres\/","name":"Le buisson des lumi\u00e8res - Fitzia - Galerie Durst","isPartOf":{"@id":"https:\/\/www.galeriedurst.com\/en\/#website"},"primaryImageOfPage":{"@id":"https:\/\/www.galeriedurst.com\/en\/oeuvre\/le-buisson-des-lumieres\/#primaryimage"},"image":{"@id":"https:\/\/www.galeriedurst.com\/en\/oeuvre\/le-buisson-des-lumieres\/#primaryimage"},"thumbnailUrl":"https:\/\/www.galeriedurst.com\/\/content\/uploads\/2024\/10\/Galerie-Durst-lj-210924-IMG_1147.jpg","datePublished":"2024-10-01T18:56:11+00:00","dateModified":"2026-02-02T11:39:46+00:00","description":"D\u00e9couvrez l'\u0153uvre captivante de Fitzia \"Le buisson des lumi\u00e8res\", un collage sur bois de 2006 fait de papiers pr\u00e9cieux et d\u00e9licats.","breadcrumb":{"@id":"https:\/\/www.galeriedurst.com\/en\/oeuvre\/le-buisson-des-lumieres\/#breadcrumb"},"inLanguage":"en-US","potentialAction":[{"@type":"ReadAction","target":["https:\/\/www.galeriedurst.com\/en\/oeuvre\/le-buisson-des-lumieres\/"]}]},{"@type":"ImageObject","inLanguage":"en-US","@id":"https:\/\/www.galeriedurst.com\/en\/oeuvre\/le-buisson-des-lumieres\/#primaryimage","url":"https:\/\/www.galeriedurst.com\/\/content\/uploads\/2024\/10\/Galerie-Durst-lj-210924-IMG_1147.jpg","contentUrl":"https:\/\/www.galeriedurst.com\/\/content\/uploads\/2024\/10\/Galerie-Durst-lj-210924-IMG_1147.jpg","width":2048,"height":2048},{"@type":"BreadcrumbList","@id":"https:\/\/www.galeriedurst.com\/en\/oeuvre\/le-buisson-des-lumieres\/#breadcrumb","itemListElement":[{"@type":"ListItem","position":1,"name":"Home","item":"https:\/\/www.galeriedurst.com\/en\/homepage\/"},{"@type":"ListItem","position":2,"name":"Artworks","item":"https:\/\/www.galeriedurst.com\/en\/artworks\/"},{"@type":"ListItem","position":3,"name":"Le buisson des lumi\u00e8res"}]},{"@type":"WebSite","@id":"https:\/\/www.galeriedurst.com\/en\/#website","url":"https:\/\/www.galeriedurst.com\/en\/","name":"Galerie Durst","description":"Paris contemporary art gallery & art consultancy","publisher":{"@id":"https:\/\/www.galeriedurst.com\/en\/#organization"},"potentialAction":[{"@type":"SearchAction","target":{"@type":"EntryPoint","urlTemplate":"https:\/\/www.galeriedurst.com\/en\/?s={search_term_string}"},"query-input":{"@type":"PropertyValueSpecification","valueRequired":true,"valueName":"search_term_string"}}],"inLanguage":"en-US"},{"@type":"Organization","@id":"https:\/\/www.galeriedurst.com\/en\/#organization","name":"Galerie Durst","url":"https:\/\/www.galeriedurst.com\/en\/","logo":{"@type":"ImageObject","inLanguage":"en-US","@id":"https:\/\/www.galeriedurst.com\/en\/#\/schema\/logo\/image\/","url":"https:\/\/www.galeriedurst.com\/\/content\/uploads\/2021\/10\/GalerieDurst_Logo.svg","contentUrl":"https:\/\/www.galeriedurst.com\/\/content\/uploads\/2021\/10\/GalerieDurst_Logo.svg","width":1,"height":1,"caption":"Galerie Durst"},"image":{"@id":"https:\/\/www.galeriedurst.com\/en\/#\/schema\/logo\/image\/"}}]}},"_links":{"self":[{"href":"https:\/\/www.galeriedurst.com\/en\/wp-json\/wp\/v2\/product\/18463","targetHints":{"allow":["GET"]}}],"collection":[{"href":"https:\/\/www.galeriedurst.com\/en\/wp-json\/wp\/v2\/product"}],"about":[{"href":"https:\/\/www.galeriedurst.com\/en\/wp-json\/wp\/v2\/types\/product"}],"replies":[{"embeddable":true,"href":"https:\/\/www.galeriedurst.com\/en\/wp-json\/wp\/v2\/comments?post=18463"}],"wp:featuredmedia":[{"embeddable":true,"href":"https:\/\/www.galeriedurst.com\/en\/wp-json\/wp\/v2\/media\/18464"}],"wp:attachment":[{"href":"https:\/\/www.galeriedurst.com\/en\/wp-json\/wp\/v2\/media?parent=18463"}],"wp:term":[{"taxonomy":"product_brand","embeddable":true,"href":"https:\/\/www.galeriedurst.com\/en\/wp-json\/wp\/v2\/product_brand?post=18463"},{"taxonomy":"product_cat","embeddable":true,"href":"https:\/\/www.galeriedurst.com\/en\/wp-json\/wp\/v2\/product_cat?post=18463"},{"taxonomy":"product_tag","embeddable":true,"href":"https:\/\/www.galeriedurst.com\/en\/wp-json\/wp\/v2\/product_tag?post=18463"}],"curies":[{"name":"wp","href":"https:\/\/api.w.org\/{rel}","templated":true}]}}