{"id":18570,"date":"2022-05-05T16:44:27","date_gmt":"2022-05-05T14:44:27","guid":{"rendered":"https:\/\/www.galeriedurst.com\/oeuvre\/n2014-04\/"},"modified":"2026-01-26T17:35:40","modified_gmt":"2026-01-26T16:35:40","slug":"n2014-04","status":"publish","type":"product","link":"https:\/\/www.galeriedurst.com\/en\/oeuvre\/n2014-04\/","title":{"rendered":"N\u00b02014\/04"},"content":{"rendered":"<p>Lacquer on wood<br \/>\nWooden frame<br \/>\n110 \u00d7 80 cm<br \/>\nUnique signed artwork<\/p>\n<p>&nbsp;<\/p>\n<p>G\u00e9rard Redoul\u00e8s\u2019 work is expressed through multiple translucent layers that reveal the vibrant depth of his paintings. His unique technique shapes deliberately suggestive landscapes, inviting each viewer to unfold their own imagination within them. <\/p>\n<p>&nbsp;<\/p>\n<p>This work can be viewed by appointment only; please contact us in advance to arrange your visit to the gallery at <a href=\"mailto:bonjour@galeriedurst.com\">bonjour@galeriedurst.com<\/a>.<\/p>\n<p>Other works by the artist can be viewed without an appointment.<\/p>\n","protected":false},"excerpt":{"rendered":"<p>Lacquer on wood Wooden frame 110 \u00d7 80 cm Unique signed artwork &nbsp; G\u00e9rard Redoul\u00e8s\u2019 work is expressed through multiple translucent layers that reveal the vibrant depth of his paintings. His unique technique shapes deliberately suggestive landscapes, inviting each viewer to unfold their own imagination within them. &nbsp; This work can be viewed by appointment [&hellip;]<\/p>\n","protected":false},"featured_media":17419,"comment_status":"open","ping_status":"closed","template":"","meta":{"_acf_changed":false},"product_brand":[],"product_cat":[583],"product_tag":[],"class_list":{"0":"post-18570","1":"product","2":"type-product","3":"status-publish","4":"has-post-thumbnail","6":"product_cat-gerard-redoules-en","7":"product_shipping_class-carrier","9":"first","10":"instock","11":"taxable","12":"shipping-taxable","13":"purchasable","14":"product-type-simple"},"acf":[],"yoast_head":"<!-- This site is optimized with the Yoast SEO plugin v27.1.1 - https:\/\/yoast.com\/product\/yoast-seo-wordpress\/ -->\n<title>N\u00b02014\/04 - G\u00e9rard Redoul\u00e8s - Galerie Durst<\/title>\n<meta name=\"description\" content=\"Unique artwork by G\u00e9rard Redoul\u00e8s: lacquer on wood. Suggestive landscapes with translucent, vibrant layers. Available to view at Galerie Durst, Paris.\" \/>\n<meta name=\"robots\" content=\"index, follow, max-snippet:-1, max-image-preview:large, max-video-preview:-1\" \/>\n<link rel=\"canonical\" href=\"https:\/\/www.galeriedurst.com\/en\/oeuvre\/n2014-04\/\" \/>\n<meta property=\"og:locale\" content=\"en_US\" \/>\n<meta property=\"og:type\" content=\"article\" \/>\n<meta property=\"og:title\" content=\"N\u00b02014\/04 - G\u00e9rard Redoul\u00e8s - Galerie Durst\" \/>\n<meta property=\"og:description\" content=\"Unique artwork by G\u00e9rard Redoul\u00e8s: lacquer on wood. Suggestive landscapes with translucent, vibrant layers. Available to view at Galerie Durst, Paris.\" \/>\n<meta property=\"og:url\" content=\"https:\/\/www.galeriedurst.com\/en\/oeuvre\/n2014-04\/\" \/>\n<meta property=\"og:site_name\" content=\"Galerie Durst\" \/>\n<meta property=\"article:modified_time\" content=\"2026-01-26T16:35:40+00:00\" \/>\n<meta property=\"og:image\" content=\"https:\/\/www.galeriedurst.com\/\/content\/uploads\/2022\/01\/Capture-decran-2025-05-16-a-15.23.50.png\" \/>\n\t<meta property=\"og:image:width\" content=\"950\" \/>\n\t<meta property=\"og:image:height\" content=\"1332\" \/>\n\t<meta property=\"og:image:type\" content=\"image\/png\" \/>\n<meta name=\"twitter:card\" content=\"summary_large_image\" \/>\n<script type=\"application\/ld+json\" class=\"yoast-schema-graph\">{\"@context\":\"https:\/\/schema.org\",\"@graph\":[{\"@type\":\"WebPage\",\"@id\":\"https:\/\/www.galeriedurst.com\/en\/oeuvre\/n2014-04\/\",\"url\":\"https:\/\/www.galeriedurst.com\/en\/oeuvre\/n2014-04\/\",\"name\":\"N\u00b02014\/04 - G\u00e9rard Redoul\u00e8s - Galerie Durst\",\"isPartOf\":{\"@id\":\"https:\/\/www.galeriedurst.com\/en\/#website\"},\"primaryImageOfPage\":{\"@id\":\"https:\/\/www.galeriedurst.com\/en\/oeuvre\/n2014-04\/#primaryimage\"},\"image\":{\"@id\":\"https:\/\/www.galeriedurst.com\/en\/oeuvre\/n2014-04\/#primaryimage\"},\"thumbnailUrl\":\"https:\/\/www.galeriedurst.com\/\/content\/uploads\/2022\/01\/Capture-decran-2025-05-16-a-15.23.50.png\",\"datePublished\":\"2022-05-05T14:44:27+00:00\",\"dateModified\":\"2026-01-26T16:35:40+00:00\",\"description\":\"Unique artwork by G\u00e9rard Redoul\u00e8s: lacquer on wood. Suggestive landscapes with translucent, vibrant layers. Available to view at Galerie Durst, Paris.\",\"breadcrumb\":{\"@id\":\"https:\/\/www.galeriedurst.com\/en\/oeuvre\/n2014-04\/#breadcrumb\"},\"inLanguage\":\"en-US\",\"potentialAction\":[{\"@type\":\"ReadAction\",\"target\":[\"https:\/\/www.galeriedurst.com\/en\/oeuvre\/n2014-04\/\"]}]},{\"@type\":\"ImageObject\",\"inLanguage\":\"en-US\",\"@id\":\"https:\/\/www.galeriedurst.com\/en\/oeuvre\/n2014-04\/#primaryimage\",\"url\":\"https:\/\/www.galeriedurst.com\/\/content\/uploads\/2022\/01\/Capture-decran-2025-05-16-a-15.23.50.png\",\"contentUrl\":\"https:\/\/www.galeriedurst.com\/\/content\/uploads\/2022\/01\/Capture-decran-2025-05-16-a-15.23.50.png\",\"width\":950,\"height\":1332,\"caption\":\"G\u00c9RARD REDOUL\u00c8S - AD MAGAZINE\"},{\"@type\":\"BreadcrumbList\",\"@id\":\"https:\/\/www.galeriedurst.com\/en\/oeuvre\/n2014-04\/#breadcrumb\",\"itemListElement\":[{\"@type\":\"ListItem\",\"position\":1,\"name\":\"Home\",\"item\":\"https:\/\/www.galeriedurst.com\/en\/homepage\/\"},{\"@type\":\"ListItem\",\"position\":2,\"name\":\"Artworks\",\"item\":\"https:\/\/www.galeriedurst.com\/en\/artworks\/\"},{\"@type\":\"ListItem\",\"position\":3,\"name\":\"N\u00b02014\/04\"}]},{\"@type\":\"WebSite\",\"@id\":\"https:\/\/www.galeriedurst.com\/en\/#website\",\"url\":\"https:\/\/www.galeriedurst.com\/en\/\",\"name\":\"Galerie Durst\",\"description\":\"Paris contemporary art gallery & art consultancy\",\"publisher\":{\"@id\":\"https:\/\/www.galeriedurst.com\/en\/#organization\"},\"potentialAction\":[{\"@type\":\"SearchAction\",\"target\":{\"@type\":\"EntryPoint\",\"urlTemplate\":\"https:\/\/www.galeriedurst.com\/en\/?s={search_term_string}\"},\"query-input\":{\"@type\":\"PropertyValueSpecification\",\"valueRequired\":true,\"valueName\":\"search_term_string\"}}],\"inLanguage\":\"en-US\"},{\"@type\":\"Organization\",\"@id\":\"https:\/\/www.galeriedurst.com\/en\/#organization\",\"name\":\"Galerie Durst\",\"url\":\"https:\/\/www.galeriedurst.com\/en\/\",\"logo\":{\"@type\":\"ImageObject\",\"inLanguage\":\"en-US\",\"@id\":\"https:\/\/www.galeriedurst.com\/en\/#\/schema\/logo\/image\/\",\"url\":\"https:\/\/www.galeriedurst.com\/\/content\/uploads\/2021\/10\/GalerieDurst_Logo.svg\",\"contentUrl\":\"https:\/\/www.galeriedurst.com\/\/content\/uploads\/2021\/10\/GalerieDurst_Logo.svg\",\"width\":1,\"height\":1,\"caption\":\"Galerie Durst\"},\"image\":{\"@id\":\"https:\/\/www.galeriedurst.com\/en\/#\/schema\/logo\/image\/\"}}]}<\/script>\n<!-- \/ Yoast SEO plugin. -->","yoast_head_json":{"title":"N\u00b02014\/04 - G\u00e9rard Redoul\u00e8s - Galerie Durst","description":"Unique artwork by G\u00e9rard Redoul\u00e8s: lacquer on wood. Suggestive landscapes with translucent, vibrant layers. Available to view at Galerie Durst, Paris.","robots":{"index":"index","follow":"follow","max-snippet":"max-snippet:-1","max-image-preview":"max-image-preview:large","max-video-preview":"max-video-preview:-1"},"canonical":"https:\/\/www.galeriedurst.com\/en\/oeuvre\/n2014-04\/","og_locale":"en_US","og_type":"article","og_title":"N\u00b02014\/04 - G\u00e9rard Redoul\u00e8s - Galerie Durst","og_description":"Unique artwork by G\u00e9rard Redoul\u00e8s: lacquer on wood. Suggestive landscapes with translucent, vibrant layers. Available to view at Galerie Durst, Paris.","og_url":"https:\/\/www.galeriedurst.com\/en\/oeuvre\/n2014-04\/","og_site_name":"Galerie Durst","article_modified_time":"2026-01-26T16:35:40+00:00","og_image":[{"width":950,"height":1332,"url":"https:\/\/www.galeriedurst.com\/\/content\/uploads\/2022\/01\/Capture-decran-2025-05-16-a-15.23.50.png","type":"image\/png"}],"twitter_card":"summary_large_image","schema":{"@context":"https:\/\/schema.org","@graph":[{"@type":"WebPage","@id":"https:\/\/www.galeriedurst.com\/en\/oeuvre\/n2014-04\/","url":"https:\/\/www.galeriedurst.com\/en\/oeuvre\/n2014-04\/","name":"N\u00b02014\/04 - G\u00e9rard Redoul\u00e8s - Galerie Durst","isPartOf":{"@id":"https:\/\/www.galeriedurst.com\/en\/#website"},"primaryImageOfPage":{"@id":"https:\/\/www.galeriedurst.com\/en\/oeuvre\/n2014-04\/#primaryimage"},"image":{"@id":"https:\/\/www.galeriedurst.com\/en\/oeuvre\/n2014-04\/#primaryimage"},"thumbnailUrl":"https:\/\/www.galeriedurst.com\/\/content\/uploads\/2022\/01\/Capture-decran-2025-05-16-a-15.23.50.png","datePublished":"2022-05-05T14:44:27+00:00","dateModified":"2026-01-26T16:35:40+00:00","description":"Unique artwork by G\u00e9rard Redoul\u00e8s: lacquer on wood. Suggestive landscapes with translucent, vibrant layers. Available to view at Galerie Durst, Paris.","breadcrumb":{"@id":"https:\/\/www.galeriedurst.com\/en\/oeuvre\/n2014-04\/#breadcrumb"},"inLanguage":"en-US","potentialAction":[{"@type":"ReadAction","target":["https:\/\/www.galeriedurst.com\/en\/oeuvre\/n2014-04\/"]}]},{"@type":"ImageObject","inLanguage":"en-US","@id":"https:\/\/www.galeriedurst.com\/en\/oeuvre\/n2014-04\/#primaryimage","url":"https:\/\/www.galeriedurst.com\/\/content\/uploads\/2022\/01\/Capture-decran-2025-05-16-a-15.23.50.png","contentUrl":"https:\/\/www.galeriedurst.com\/\/content\/uploads\/2022\/01\/Capture-decran-2025-05-16-a-15.23.50.png","width":950,"height":1332,"caption":"G\u00c9RARD REDOUL\u00c8S - AD MAGAZINE"},{"@type":"BreadcrumbList","@id":"https:\/\/www.galeriedurst.com\/en\/oeuvre\/n2014-04\/#breadcrumb","itemListElement":[{"@type":"ListItem","position":1,"name":"Home","item":"https:\/\/www.galeriedurst.com\/en\/homepage\/"},{"@type":"ListItem","position":2,"name":"Artworks","item":"https:\/\/www.galeriedurst.com\/en\/artworks\/"},{"@type":"ListItem","position":3,"name":"N\u00b02014\/04"}]},{"@type":"WebSite","@id":"https:\/\/www.galeriedurst.com\/en\/#website","url":"https:\/\/www.galeriedurst.com\/en\/","name":"Galerie Durst","description":"Paris contemporary art gallery & art consultancy","publisher":{"@id":"https:\/\/www.galeriedurst.com\/en\/#organization"},"potentialAction":[{"@type":"SearchAction","target":{"@type":"EntryPoint","urlTemplate":"https:\/\/www.galeriedurst.com\/en\/?s={search_term_string}"},"query-input":{"@type":"PropertyValueSpecification","valueRequired":true,"valueName":"search_term_string"}}],"inLanguage":"en-US"},{"@type":"Organization","@id":"https:\/\/www.galeriedurst.com\/en\/#organization","name":"Galerie Durst","url":"https:\/\/www.galeriedurst.com\/en\/","logo":{"@type":"ImageObject","inLanguage":"en-US","@id":"https:\/\/www.galeriedurst.com\/en\/#\/schema\/logo\/image\/","url":"https:\/\/www.galeriedurst.com\/\/content\/uploads\/2021\/10\/GalerieDurst_Logo.svg","contentUrl":"https:\/\/www.galeriedurst.com\/\/content\/uploads\/2021\/10\/GalerieDurst_Logo.svg","width":1,"height":1,"caption":"Galerie Durst"},"image":{"@id":"https:\/\/www.galeriedurst.com\/en\/#\/schema\/logo\/image\/"}}]}},"_links":{"self":[{"href":"https:\/\/www.galeriedurst.com\/en\/wp-json\/wp\/v2\/product\/18570","targetHints":{"allow":["GET"]}}],"collection":[{"href":"https:\/\/www.galeriedurst.com\/en\/wp-json\/wp\/v2\/product"}],"about":[{"href":"https:\/\/www.galeriedurst.com\/en\/wp-json\/wp\/v2\/types\/product"}],"replies":[{"embeddable":true,"href":"https:\/\/www.galeriedurst.com\/en\/wp-json\/wp\/v2\/comments?post=18570"}],"wp:featuredmedia":[{"embeddable":true,"href":"https:\/\/www.galeriedurst.com\/en\/wp-json\/wp\/v2\/media\/17419"}],"wp:attachment":[{"href":"https:\/\/www.galeriedurst.com\/en\/wp-json\/wp\/v2\/media?parent=18570"}],"wp:term":[{"taxonomy":"product_brand","embeddable":true,"href":"https:\/\/www.galeriedurst.com\/en\/wp-json\/wp\/v2\/product_brand?post=18570"},{"taxonomy":"product_cat","embeddable":true,"href":"https:\/\/www.galeriedurst.com\/en\/wp-json\/wp\/v2\/product_cat?post=18570"},{"taxonomy":"product_tag","embeddable":true,"href":"https:\/\/www.galeriedurst.com\/en\/wp-json\/wp\/v2\/product_tag?post=18570"}],"curies":[{"name":"wp","href":"https:\/\/api.w.org\/{rel}","templated":true}]}}