{"id":18907,"date":"2025-09-18T16:09:32","date_gmt":"2025-09-18T14:09:32","guid":{"rendered":"https:\/\/www.galeriedurst.com\/oeuvre\/sans-titre-n67\/"},"modified":"2026-01-28T15:02:01","modified_gmt":"2026-01-28T14:02:01","slug":"sans-titre-n67","status":"publish","type":"product","link":"https:\/\/www.galeriedurst.com\/en\/oeuvre\/sans-titre-n67\/","title":{"rendered":"Sans titre n\u00b067"},"content":{"rendered":"<p>Oil painting on canvas with gold leaf<br \/>\nDouble-window mount<br \/>\n30 \u00d7 24 cm<br \/>\nUnframed<br \/>\nUnique, signed work<\/p>\n<p>&nbsp;<\/p>\n<p>Val\u00e9rie Poli\u2019s works reveal sensitive landscapes where pigments, quartz and sand are layered to create vibrant atmospheres. Dominated by deep blues, her canvases oscillate between calm and intensity, allowing the material, light and gesture to compose horizons where water and sky seem to meet. <\/p>\n<p>&nbsp;<\/p>\n<p data-start=\"299\" data-end=\"347\">This artwork is on view at Galerie Durst, Paris<\/p>\n<p data-start=\"349\" data-end=\"436\" data-is-last-node=\"\" data-is-only-node=\"\">Contact us at <a href=\"mailto:bonjour@galeriedurst.com\"><strong data-start=\"366\" data-end=\"394\">bonjour@galeriedurst.com<\/strong><\/a> for more information about this artwork.<\/p>\n","protected":false},"excerpt":{"rendered":"<p>Oil painting on canvas with gold leaf Double-window mount 30 \u00d7 24 cm Unframed Unique, signed work &nbsp; Val\u00e9rie Poli\u2019s works reveal sensitive landscapes where pigments, quartz and sand are layered to create vibrant atmospheres. Dominated by deep blues, her canvases oscillate between calm and intensity, allowing the material, light and gesture to compose horizons [&hellip;]<\/p>\n","protected":false},"featured_media":16553,"comment_status":"open","ping_status":"closed","template":"","meta":{"_acf_changed":false},"product_brand":[],"product_cat":[597],"product_tag":[],"class_list":{"0":"post-18907","1":"product","2":"type-product","3":"status-publish","4":"has-post-thumbnail","6":"product_cat-valerie-poli-en","8":"first","9":"instock","10":"taxable","11":"shipping-taxable","12":"purchasable","13":"product-type-simple"},"acf":[],"yoast_head":"<!-- This site is optimized with the Yoast SEO plugin v27.1.1 - https:\/\/yoast.com\/product\/yoast-seo-wordpress\/ -->\n<title>Sans titre n\u00b067 - Val\u00e9rie Poli - Galerie Durst<\/title>\n<meta name=\"description\" content=\"D\u00e9couvrez la nouvelle oeuvre de Val\u00e9rie Poli, &quot;Sans titre n\u00b067&quot;, une peinture \u00e0 l&#039;huile sur toile et feuille d&#039;or. \u00c0 voir \u00e0 la Galerie Durst.\" \/>\n<meta name=\"robots\" content=\"index, follow, max-snippet:-1, max-image-preview:large, max-video-preview:-1\" \/>\n<link rel=\"canonical\" href=\"https:\/\/www.galeriedurst.com\/en\/oeuvre\/sans-titre-n67\/\" \/>\n<meta property=\"og:locale\" content=\"en_US\" \/>\n<meta property=\"og:type\" content=\"article\" \/>\n<meta property=\"og:title\" content=\"Sans titre n\u00b067 - Val\u00e9rie Poli - Galerie Durst\" \/>\n<meta property=\"og:description\" content=\"D\u00e9couvrez la nouvelle oeuvre de Val\u00e9rie Poli, &quot;Sans titre n\u00b067&quot;, une peinture \u00e0 l&#039;huile sur toile et feuille d&#039;or. \u00c0 voir \u00e0 la Galerie Durst.\" \/>\n<meta property=\"og:url\" content=\"https:\/\/www.galeriedurst.com\/en\/oeuvre\/sans-titre-n67\/\" \/>\n<meta property=\"og:site_name\" content=\"Galerie Durst\" \/>\n<meta property=\"article:modified_time\" content=\"2026-01-28T14:02:01+00:00\" \/>\n<meta property=\"og:image\" content=\"https:\/\/www.galeriedurst.com\/\/content\/uploads\/2025\/09\/Valerie-Poli-Sans-titre-n\u00b067-x-Aude-Bray-Deperne-Echos-IX-1.jpg-1-scaled.jpg\" \/>\n\t<meta property=\"og:image:width\" content=\"1638\" \/>\n\t<meta property=\"og:image:height\" content=\"2048\" \/>\n\t<meta property=\"og:image:type\" content=\"image\/jpeg\" \/>\n<meta name=\"twitter:card\" content=\"summary_large_image\" \/>\n<script type=\"application\/ld+json\" class=\"yoast-schema-graph\">{\"@context\":\"https:\/\/schema.org\",\"@graph\":[{\"@type\":\"WebPage\",\"@id\":\"https:\/\/www.galeriedurst.com\/en\/oeuvre\/sans-titre-n67\/\",\"url\":\"https:\/\/www.galeriedurst.com\/en\/oeuvre\/sans-titre-n67\/\",\"name\":\"Sans titre n\u00b067 - Val\u00e9rie Poli - Galerie Durst\",\"isPartOf\":{\"@id\":\"https:\/\/www.galeriedurst.com\/en\/#website\"},\"primaryImageOfPage\":{\"@id\":\"https:\/\/www.galeriedurst.com\/en\/oeuvre\/sans-titre-n67\/#primaryimage\"},\"image\":{\"@id\":\"https:\/\/www.galeriedurst.com\/en\/oeuvre\/sans-titre-n67\/#primaryimage\"},\"thumbnailUrl\":\"https:\/\/www.galeriedurst.com\/\/content\/uploads\/2025\/09\/Valerie-Poli-Sans-titre-n\u00b067-x-Aude-Bray-Deperne-Echos-IX-1.jpg-1-scaled.jpg\",\"datePublished\":\"2025-09-18T14:09:32+00:00\",\"dateModified\":\"2026-01-28T14:02:01+00:00\",\"description\":\"D\u00e9couvrez la nouvelle oeuvre de Val\u00e9rie Poli, \\\"Sans titre n\u00b067\\\", une peinture \u00e0 l'huile sur toile et feuille d'or. \u00c0 voir \u00e0 la Galerie Durst.\",\"breadcrumb\":{\"@id\":\"https:\/\/www.galeriedurst.com\/en\/oeuvre\/sans-titre-n67\/#breadcrumb\"},\"inLanguage\":\"en-US\",\"potentialAction\":[{\"@type\":\"ReadAction\",\"target\":[\"https:\/\/www.galeriedurst.com\/en\/oeuvre\/sans-titre-n67\/\"]}]},{\"@type\":\"ImageObject\",\"inLanguage\":\"en-US\",\"@id\":\"https:\/\/www.galeriedurst.com\/en\/oeuvre\/sans-titre-n67\/#primaryimage\",\"url\":\"https:\/\/www.galeriedurst.com\/\/content\/uploads\/2025\/09\/Valerie-Poli-Sans-titre-n\u00b067-x-Aude-Bray-Deperne-Echos-IX-1.jpg-1-scaled.jpg\",\"contentUrl\":\"https:\/\/www.galeriedurst.com\/\/content\/uploads\/2025\/09\/Valerie-Poli-Sans-titre-n\u00b067-x-Aude-Bray-Deperne-Echos-IX-1.jpg-1-scaled.jpg\",\"width\":1638,\"height\":2048},{\"@type\":\"BreadcrumbList\",\"@id\":\"https:\/\/www.galeriedurst.com\/en\/oeuvre\/sans-titre-n67\/#breadcrumb\",\"itemListElement\":[{\"@type\":\"ListItem\",\"position\":1,\"name\":\"Home\",\"item\":\"https:\/\/www.galeriedurst.com\/en\/homepage\/\"},{\"@type\":\"ListItem\",\"position\":2,\"name\":\"Artworks\",\"item\":\"https:\/\/www.galeriedurst.com\/en\/artworks\/\"},{\"@type\":\"ListItem\",\"position\":3,\"name\":\"Sans titre n\u00b067\"}]},{\"@type\":\"WebSite\",\"@id\":\"https:\/\/www.galeriedurst.com\/en\/#website\",\"url\":\"https:\/\/www.galeriedurst.com\/en\/\",\"name\":\"Galerie Durst\",\"description\":\"Paris contemporary art gallery & art consultancy\",\"publisher\":{\"@id\":\"https:\/\/www.galeriedurst.com\/en\/#organization\"},\"potentialAction\":[{\"@type\":\"SearchAction\",\"target\":{\"@type\":\"EntryPoint\",\"urlTemplate\":\"https:\/\/www.galeriedurst.com\/en\/?s={search_term_string}\"},\"query-input\":{\"@type\":\"PropertyValueSpecification\",\"valueRequired\":true,\"valueName\":\"search_term_string\"}}],\"inLanguage\":\"en-US\"},{\"@type\":\"Organization\",\"@id\":\"https:\/\/www.galeriedurst.com\/en\/#organization\",\"name\":\"Galerie Durst\",\"url\":\"https:\/\/www.galeriedurst.com\/en\/\",\"logo\":{\"@type\":\"ImageObject\",\"inLanguage\":\"en-US\",\"@id\":\"https:\/\/www.galeriedurst.com\/en\/#\/schema\/logo\/image\/\",\"url\":\"https:\/\/www.galeriedurst.com\/\/content\/uploads\/2021\/10\/GalerieDurst_Logo.svg\",\"contentUrl\":\"https:\/\/www.galeriedurst.com\/\/content\/uploads\/2021\/10\/GalerieDurst_Logo.svg\",\"width\":1,\"height\":1,\"caption\":\"Galerie Durst\"},\"image\":{\"@id\":\"https:\/\/www.galeriedurst.com\/en\/#\/schema\/logo\/image\/\"}}]}<\/script>\n<!-- \/ Yoast SEO plugin. -->","yoast_head_json":{"title":"Sans titre n\u00b067 - Val\u00e9rie Poli - Galerie Durst","description":"D\u00e9couvrez la nouvelle oeuvre de Val\u00e9rie Poli, \"Sans titre n\u00b067\", une peinture \u00e0 l'huile sur toile et feuille d'or. \u00c0 voir \u00e0 la Galerie Durst.","robots":{"index":"index","follow":"follow","max-snippet":"max-snippet:-1","max-image-preview":"max-image-preview:large","max-video-preview":"max-video-preview:-1"},"canonical":"https:\/\/www.galeriedurst.com\/en\/oeuvre\/sans-titre-n67\/","og_locale":"en_US","og_type":"article","og_title":"Sans titre n\u00b067 - Val\u00e9rie Poli - Galerie Durst","og_description":"D\u00e9couvrez la nouvelle oeuvre de Val\u00e9rie Poli, \"Sans titre n\u00b067\", une peinture \u00e0 l'huile sur toile et feuille d'or. \u00c0 voir \u00e0 la Galerie Durst.","og_url":"https:\/\/www.galeriedurst.com\/en\/oeuvre\/sans-titre-n67\/","og_site_name":"Galerie Durst","article_modified_time":"2026-01-28T14:02:01+00:00","og_image":[{"width":1638,"height":2048,"url":"https:\/\/www.galeriedurst.com\/\/content\/uploads\/2025\/09\/Valerie-Poli-Sans-titre-n\u00b067-x-Aude-Bray-Deperne-Echos-IX-1.jpg-1-scaled.jpg","type":"image\/jpeg"}],"twitter_card":"summary_large_image","schema":{"@context":"https:\/\/schema.org","@graph":[{"@type":"WebPage","@id":"https:\/\/www.galeriedurst.com\/en\/oeuvre\/sans-titre-n67\/","url":"https:\/\/www.galeriedurst.com\/en\/oeuvre\/sans-titre-n67\/","name":"Sans titre n\u00b067 - Val\u00e9rie Poli - Galerie Durst","isPartOf":{"@id":"https:\/\/www.galeriedurst.com\/en\/#website"},"primaryImageOfPage":{"@id":"https:\/\/www.galeriedurst.com\/en\/oeuvre\/sans-titre-n67\/#primaryimage"},"image":{"@id":"https:\/\/www.galeriedurst.com\/en\/oeuvre\/sans-titre-n67\/#primaryimage"},"thumbnailUrl":"https:\/\/www.galeriedurst.com\/\/content\/uploads\/2025\/09\/Valerie-Poli-Sans-titre-n\u00b067-x-Aude-Bray-Deperne-Echos-IX-1.jpg-1-scaled.jpg","datePublished":"2025-09-18T14:09:32+00:00","dateModified":"2026-01-28T14:02:01+00:00","description":"D\u00e9couvrez la nouvelle oeuvre de Val\u00e9rie Poli, \"Sans titre n\u00b067\", une peinture \u00e0 l'huile sur toile et feuille d'or. \u00c0 voir \u00e0 la Galerie Durst.","breadcrumb":{"@id":"https:\/\/www.galeriedurst.com\/en\/oeuvre\/sans-titre-n67\/#breadcrumb"},"inLanguage":"en-US","potentialAction":[{"@type":"ReadAction","target":["https:\/\/www.galeriedurst.com\/en\/oeuvre\/sans-titre-n67\/"]}]},{"@type":"ImageObject","inLanguage":"en-US","@id":"https:\/\/www.galeriedurst.com\/en\/oeuvre\/sans-titre-n67\/#primaryimage","url":"https:\/\/www.galeriedurst.com\/\/content\/uploads\/2025\/09\/Valerie-Poli-Sans-titre-n\u00b067-x-Aude-Bray-Deperne-Echos-IX-1.jpg-1-scaled.jpg","contentUrl":"https:\/\/www.galeriedurst.com\/\/content\/uploads\/2025\/09\/Valerie-Poli-Sans-titre-n\u00b067-x-Aude-Bray-Deperne-Echos-IX-1.jpg-1-scaled.jpg","width":1638,"height":2048},{"@type":"BreadcrumbList","@id":"https:\/\/www.galeriedurst.com\/en\/oeuvre\/sans-titre-n67\/#breadcrumb","itemListElement":[{"@type":"ListItem","position":1,"name":"Home","item":"https:\/\/www.galeriedurst.com\/en\/homepage\/"},{"@type":"ListItem","position":2,"name":"Artworks","item":"https:\/\/www.galeriedurst.com\/en\/artworks\/"},{"@type":"ListItem","position":3,"name":"Sans titre n\u00b067"}]},{"@type":"WebSite","@id":"https:\/\/www.galeriedurst.com\/en\/#website","url":"https:\/\/www.galeriedurst.com\/en\/","name":"Galerie Durst","description":"Paris contemporary art gallery & art consultancy","publisher":{"@id":"https:\/\/www.galeriedurst.com\/en\/#organization"},"potentialAction":[{"@type":"SearchAction","target":{"@type":"EntryPoint","urlTemplate":"https:\/\/www.galeriedurst.com\/en\/?s={search_term_string}"},"query-input":{"@type":"PropertyValueSpecification","valueRequired":true,"valueName":"search_term_string"}}],"inLanguage":"en-US"},{"@type":"Organization","@id":"https:\/\/www.galeriedurst.com\/en\/#organization","name":"Galerie Durst","url":"https:\/\/www.galeriedurst.com\/en\/","logo":{"@type":"ImageObject","inLanguage":"en-US","@id":"https:\/\/www.galeriedurst.com\/en\/#\/schema\/logo\/image\/","url":"https:\/\/www.galeriedurst.com\/\/content\/uploads\/2021\/10\/GalerieDurst_Logo.svg","contentUrl":"https:\/\/www.galeriedurst.com\/\/content\/uploads\/2021\/10\/GalerieDurst_Logo.svg","width":1,"height":1,"caption":"Galerie Durst"},"image":{"@id":"https:\/\/www.galeriedurst.com\/en\/#\/schema\/logo\/image\/"}}]}},"_links":{"self":[{"href":"https:\/\/www.galeriedurst.com\/en\/wp-json\/wp\/v2\/product\/18907","targetHints":{"allow":["GET"]}}],"collection":[{"href":"https:\/\/www.galeriedurst.com\/en\/wp-json\/wp\/v2\/product"}],"about":[{"href":"https:\/\/www.galeriedurst.com\/en\/wp-json\/wp\/v2\/types\/product"}],"replies":[{"embeddable":true,"href":"https:\/\/www.galeriedurst.com\/en\/wp-json\/wp\/v2\/comments?post=18907"}],"wp:featuredmedia":[{"embeddable":true,"href":"https:\/\/www.galeriedurst.com\/en\/wp-json\/wp\/v2\/media\/16553"}],"wp:attachment":[{"href":"https:\/\/www.galeriedurst.com\/en\/wp-json\/wp\/v2\/media?parent=18907"}],"wp:term":[{"taxonomy":"product_brand","embeddable":true,"href":"https:\/\/www.galeriedurst.com\/en\/wp-json\/wp\/v2\/product_brand?post=18907"},{"taxonomy":"product_cat","embeddable":true,"href":"https:\/\/www.galeriedurst.com\/en\/wp-json\/wp\/v2\/product_cat?post=18907"},{"taxonomy":"product_tag","embeddable":true,"href":"https:\/\/www.galeriedurst.com\/en\/wp-json\/wp\/v2\/product_tag?post=18907"}],"curies":[{"name":"wp","href":"https:\/\/api.w.org\/{rel}","templated":true}]}}