{"id":19356,"date":"2026-03-05T16:58:47","date_gmt":"2026-03-05T15:58:47","guid":{"rendered":"https:\/\/www.galeriedurst.com\/oeuvre\/feuillage\/"},"modified":"2026-03-06T16:29:23","modified_gmt":"2026-03-06T15:29:23","slug":"feuillage","status":"publish","type":"product","link":"https:\/\/www.galeriedurst.com\/en\/oeuvre\/feuillage\/","title":{"rendered":"Feuillage"},"content":{"rendered":"<p>Acrylic on canvas<\/p>\n<p>200x150cm<br \/>\nOriginal and signed artwork<\/p>\n<p>&nbsp;<\/p>\n<p>Marc Tanguy\u2019s artworks translate landscapes into emotions and sensations, blending spontaneous gestures with carefully composed structures. His canvases, playing with raw pigments and expansive color harmonies, immerse the viewer in hypnotic spaces where abstraction and intensity meet. <\/p>\n<p>&nbsp;<\/p>\n<p>This artwork is on view at Galerie Durst, Paris.<\/p>\n<p>Contact us at <a href=\"mailto:bonjour@galeriedurst.com\">bonjour@galeriedurst.com<\/a> for more information about this work.<\/p>\n","protected":false},"excerpt":{"rendered":"<p>Acrylic on canvas 200x150cm Original and signed artwork &nbsp; Marc Tanguy\u2019s artworks translate landscapes into emotions and sensations, blending spontaneous gestures with carefully composed structures. His canvases, playing with raw pigments and expansive color harmonies, immerse the viewer in hypnotic spaces where abstraction and intensity meet. &nbsp; This artwork is on view at Galerie Durst, [&hellip;]<\/p>\n","protected":false},"featured_media":19347,"comment_status":"open","ping_status":"closed","template":"","meta":{"_acf_changed":false},"product_brand":[],"product_cat":[591],"product_tag":[],"class_list":{"0":"post-19356","1":"product","2":"type-product","3":"status-publish","4":"has-post-thumbnail","6":"product_cat-marc-tanguy-en","7":"product_shipping_class-carrier","9":"first","10":"instock","11":"taxable","12":"shipping-taxable","13":"purchasable","14":"product-type-simple"},"acf":[],"yoast_head":"<!-- This site is optimized with the Yoast SEO plugin v27.1.1 - https:\/\/yoast.com\/product\/yoast-seo-wordpress\/ -->\n<title>Feuillage - Galerie Durst<\/title>\n<meta name=\"description\" content=\"D\u00e9couvrez l&#039;\u0153uvre de Marc Tanguy, \u00ab Feuillage \u00bb, une \u0153uvre sur toile. \u00c0 d\u00e9couvrir exclusivement \u00e0 la Galerie Durst.\" \/>\n<meta name=\"robots\" content=\"index, follow, max-snippet:-1, max-image-preview:large, max-video-preview:-1\" \/>\n<link rel=\"canonical\" href=\"https:\/\/www.galeriedurst.com\/en\/oeuvre\/feuillage\/\" \/>\n<meta property=\"og:locale\" content=\"en_US\" \/>\n<meta property=\"og:type\" content=\"article\" \/>\n<meta property=\"og:title\" content=\"Feuillage - Galerie Durst\" \/>\n<meta property=\"og:description\" content=\"D\u00e9couvrez l&#039;\u0153uvre de Marc Tanguy, \u00ab Feuillage \u00bb, une \u0153uvre sur toile. \u00c0 d\u00e9couvrir exclusivement \u00e0 la Galerie Durst.\" \/>\n<meta property=\"og:url\" content=\"https:\/\/www.galeriedurst.com\/en\/oeuvre\/feuillage\/\" \/>\n<meta property=\"og:site_name\" content=\"Galerie Durst\" \/>\n<meta property=\"article:modified_time\" content=\"2026-03-06T15:29:23+00:00\" \/>\n<meta property=\"og:image\" content=\"https:\/\/www.galeriedurst.com\/\/content\/uploads\/2026\/03\/Capture-decran-2026-03-05-a-16.28.33-765x1024.png\" \/>\n\t<meta property=\"og:image:width\" content=\"765\" \/>\n\t<meta property=\"og:image:height\" content=\"1024\" \/>\n\t<meta property=\"og:image:type\" content=\"image\/png\" \/>\n<meta name=\"twitter:card\" content=\"summary_large_image\" \/>\n<script type=\"application\/ld+json\" class=\"yoast-schema-graph\">{\"@context\":\"https:\/\/schema.org\",\"@graph\":[{\"@type\":\"WebPage\",\"@id\":\"https:\/\/www.galeriedurst.com\/en\/oeuvre\/feuillage\/\",\"url\":\"https:\/\/www.galeriedurst.com\/en\/oeuvre\/feuillage\/\",\"name\":\"Feuillage - Galerie Durst\",\"isPartOf\":{\"@id\":\"https:\/\/www.galeriedurst.com\/en\/#website\"},\"primaryImageOfPage\":{\"@id\":\"https:\/\/www.galeriedurst.com\/en\/oeuvre\/feuillage\/#primaryimage\"},\"image\":{\"@id\":\"https:\/\/www.galeriedurst.com\/en\/oeuvre\/feuillage\/#primaryimage\"},\"thumbnailUrl\":\"https:\/\/www.galeriedurst.com\/\/content\/uploads\/2026\/03\/Capture-decran-2026-03-05-a-16.28.33.png\",\"datePublished\":\"2026-03-05T15:58:47+00:00\",\"dateModified\":\"2026-03-06T15:29:23+00:00\",\"description\":\"D\u00e9couvrez l'\u0153uvre de Marc Tanguy, \u00ab Feuillage \u00bb, une \u0153uvre sur toile. \u00c0 d\u00e9couvrir exclusivement \u00e0 la Galerie Durst.\",\"breadcrumb\":{\"@id\":\"https:\/\/www.galeriedurst.com\/en\/oeuvre\/feuillage\/#breadcrumb\"},\"inLanguage\":\"en-US\",\"potentialAction\":[{\"@type\":\"ReadAction\",\"target\":[\"https:\/\/www.galeriedurst.com\/en\/oeuvre\/feuillage\/\"]}]},{\"@type\":\"ImageObject\",\"inLanguage\":\"en-US\",\"@id\":\"https:\/\/www.galeriedurst.com\/en\/oeuvre\/feuillage\/#primaryimage\",\"url\":\"https:\/\/www.galeriedurst.com\/\/content\/uploads\/2026\/03\/Capture-decran-2026-03-05-a-16.28.33.png\",\"contentUrl\":\"https:\/\/www.galeriedurst.com\/\/content\/uploads\/2026\/03\/Capture-decran-2026-03-05-a-16.28.33.png\",\"width\":834,\"height\":1116},{\"@type\":\"BreadcrumbList\",\"@id\":\"https:\/\/www.galeriedurst.com\/en\/oeuvre\/feuillage\/#breadcrumb\",\"itemListElement\":[{\"@type\":\"ListItem\",\"position\":1,\"name\":\"Home\",\"item\":\"https:\/\/www.galeriedurst.com\/en\/homepage\/\"},{\"@type\":\"ListItem\",\"position\":2,\"name\":\"Artworks\",\"item\":\"https:\/\/www.galeriedurst.com\/en\/artworks\/\"},{\"@type\":\"ListItem\",\"position\":3,\"name\":\"Feuillage\"}]},{\"@type\":\"WebSite\",\"@id\":\"https:\/\/www.galeriedurst.com\/en\/#website\",\"url\":\"https:\/\/www.galeriedurst.com\/en\/\",\"name\":\"Galerie Durst\",\"description\":\"Paris contemporary art gallery & art consultancy\",\"publisher\":{\"@id\":\"https:\/\/www.galeriedurst.com\/en\/#organization\"},\"potentialAction\":[{\"@type\":\"SearchAction\",\"target\":{\"@type\":\"EntryPoint\",\"urlTemplate\":\"https:\/\/www.galeriedurst.com\/en\/?s={search_term_string}\"},\"query-input\":{\"@type\":\"PropertyValueSpecification\",\"valueRequired\":true,\"valueName\":\"search_term_string\"}}],\"inLanguage\":\"en-US\"},{\"@type\":\"Organization\",\"@id\":\"https:\/\/www.galeriedurst.com\/en\/#organization\",\"name\":\"Galerie Durst\",\"url\":\"https:\/\/www.galeriedurst.com\/en\/\",\"logo\":{\"@type\":\"ImageObject\",\"inLanguage\":\"en-US\",\"@id\":\"https:\/\/www.galeriedurst.com\/en\/#\/schema\/logo\/image\/\",\"url\":\"https:\/\/www.galeriedurst.com\/\/content\/uploads\/2021\/10\/GalerieDurst_Logo.svg\",\"contentUrl\":\"https:\/\/www.galeriedurst.com\/\/content\/uploads\/2021\/10\/GalerieDurst_Logo.svg\",\"width\":1,\"height\":1,\"caption\":\"Galerie Durst\"},\"image\":{\"@id\":\"https:\/\/www.galeriedurst.com\/en\/#\/schema\/logo\/image\/\"}}]}<\/script>\n<!-- \/ Yoast SEO plugin. -->","yoast_head_json":{"title":"Feuillage - Galerie Durst","description":"D\u00e9couvrez l'\u0153uvre de Marc Tanguy, \u00ab Feuillage \u00bb, une \u0153uvre sur toile. \u00c0 d\u00e9couvrir exclusivement \u00e0 la Galerie Durst.","robots":{"index":"index","follow":"follow","max-snippet":"max-snippet:-1","max-image-preview":"max-image-preview:large","max-video-preview":"max-video-preview:-1"},"canonical":"https:\/\/www.galeriedurst.com\/en\/oeuvre\/feuillage\/","og_locale":"en_US","og_type":"article","og_title":"Feuillage - Galerie Durst","og_description":"D\u00e9couvrez l'\u0153uvre de Marc Tanguy, \u00ab Feuillage \u00bb, une \u0153uvre sur toile. \u00c0 d\u00e9couvrir exclusivement \u00e0 la Galerie Durst.","og_url":"https:\/\/www.galeriedurst.com\/en\/oeuvre\/feuillage\/","og_site_name":"Galerie Durst","article_modified_time":"2026-03-06T15:29:23+00:00","og_image":[{"width":765,"height":1024,"url":"https:\/\/www.galeriedurst.com\/\/content\/uploads\/2026\/03\/Capture-decran-2026-03-05-a-16.28.33-765x1024.png","type":"image\/png"}],"twitter_card":"summary_large_image","schema":{"@context":"https:\/\/schema.org","@graph":[{"@type":"WebPage","@id":"https:\/\/www.galeriedurst.com\/en\/oeuvre\/feuillage\/","url":"https:\/\/www.galeriedurst.com\/en\/oeuvre\/feuillage\/","name":"Feuillage - Galerie Durst","isPartOf":{"@id":"https:\/\/www.galeriedurst.com\/en\/#website"},"primaryImageOfPage":{"@id":"https:\/\/www.galeriedurst.com\/en\/oeuvre\/feuillage\/#primaryimage"},"image":{"@id":"https:\/\/www.galeriedurst.com\/en\/oeuvre\/feuillage\/#primaryimage"},"thumbnailUrl":"https:\/\/www.galeriedurst.com\/\/content\/uploads\/2026\/03\/Capture-decran-2026-03-05-a-16.28.33.png","datePublished":"2026-03-05T15:58:47+00:00","dateModified":"2026-03-06T15:29:23+00:00","description":"D\u00e9couvrez l'\u0153uvre de Marc Tanguy, \u00ab Feuillage \u00bb, une \u0153uvre sur toile. \u00c0 d\u00e9couvrir exclusivement \u00e0 la Galerie Durst.","breadcrumb":{"@id":"https:\/\/www.galeriedurst.com\/en\/oeuvre\/feuillage\/#breadcrumb"},"inLanguage":"en-US","potentialAction":[{"@type":"ReadAction","target":["https:\/\/www.galeriedurst.com\/en\/oeuvre\/feuillage\/"]}]},{"@type":"ImageObject","inLanguage":"en-US","@id":"https:\/\/www.galeriedurst.com\/en\/oeuvre\/feuillage\/#primaryimage","url":"https:\/\/www.galeriedurst.com\/\/content\/uploads\/2026\/03\/Capture-decran-2026-03-05-a-16.28.33.png","contentUrl":"https:\/\/www.galeriedurst.com\/\/content\/uploads\/2026\/03\/Capture-decran-2026-03-05-a-16.28.33.png","width":834,"height":1116},{"@type":"BreadcrumbList","@id":"https:\/\/www.galeriedurst.com\/en\/oeuvre\/feuillage\/#breadcrumb","itemListElement":[{"@type":"ListItem","position":1,"name":"Home","item":"https:\/\/www.galeriedurst.com\/en\/homepage\/"},{"@type":"ListItem","position":2,"name":"Artworks","item":"https:\/\/www.galeriedurst.com\/en\/artworks\/"},{"@type":"ListItem","position":3,"name":"Feuillage"}]},{"@type":"WebSite","@id":"https:\/\/www.galeriedurst.com\/en\/#website","url":"https:\/\/www.galeriedurst.com\/en\/","name":"Galerie Durst","description":"Paris contemporary art gallery & art consultancy","publisher":{"@id":"https:\/\/www.galeriedurst.com\/en\/#organization"},"potentialAction":[{"@type":"SearchAction","target":{"@type":"EntryPoint","urlTemplate":"https:\/\/www.galeriedurst.com\/en\/?s={search_term_string}"},"query-input":{"@type":"PropertyValueSpecification","valueRequired":true,"valueName":"search_term_string"}}],"inLanguage":"en-US"},{"@type":"Organization","@id":"https:\/\/www.galeriedurst.com\/en\/#organization","name":"Galerie Durst","url":"https:\/\/www.galeriedurst.com\/en\/","logo":{"@type":"ImageObject","inLanguage":"en-US","@id":"https:\/\/www.galeriedurst.com\/en\/#\/schema\/logo\/image\/","url":"https:\/\/www.galeriedurst.com\/\/content\/uploads\/2021\/10\/GalerieDurst_Logo.svg","contentUrl":"https:\/\/www.galeriedurst.com\/\/content\/uploads\/2021\/10\/GalerieDurst_Logo.svg","width":1,"height":1,"caption":"Galerie Durst"},"image":{"@id":"https:\/\/www.galeriedurst.com\/en\/#\/schema\/logo\/image\/"}}]}},"_links":{"self":[{"href":"https:\/\/www.galeriedurst.com\/en\/wp-json\/wp\/v2\/product\/19356","targetHints":{"allow":["GET"]}}],"collection":[{"href":"https:\/\/www.galeriedurst.com\/en\/wp-json\/wp\/v2\/product"}],"about":[{"href":"https:\/\/www.galeriedurst.com\/en\/wp-json\/wp\/v2\/types\/product"}],"replies":[{"embeddable":true,"href":"https:\/\/www.galeriedurst.com\/en\/wp-json\/wp\/v2\/comments?post=19356"}],"wp:featuredmedia":[{"embeddable":true,"href":"https:\/\/www.galeriedurst.com\/en\/wp-json\/wp\/v2\/media\/19347"}],"wp:attachment":[{"href":"https:\/\/www.galeriedurst.com\/en\/wp-json\/wp\/v2\/media?parent=19356"}],"wp:term":[{"taxonomy":"product_brand","embeddable":true,"href":"https:\/\/www.galeriedurst.com\/en\/wp-json\/wp\/v2\/product_brand?post=19356"},{"taxonomy":"product_cat","embeddable":true,"href":"https:\/\/www.galeriedurst.com\/en\/wp-json\/wp\/v2\/product_cat?post=19356"},{"taxonomy":"product_tag","embeddable":true,"href":"https:\/\/www.galeriedurst.com\/en\/wp-json\/wp\/v2\/product_tag?post=19356"}],"curies":[{"name":"wp","href":"https:\/\/api.w.org\/{rel}","templated":true}]}}